{"id":13769,"date":"2023-02-23T10:50:41","date_gmt":"2023-02-23T09:50:41","guid":{"rendered":"https:\/\/www.renouvelle.be\/abc-des-pompes-a-chaleur\/"},"modified":"2024-09-27T15:45:26","modified_gmt":"2024-09-27T13:45:26","slug":"abc-des-pompes-a-chaleur","status":"publish","type":"page","link":"https:\/\/www.renouvelle.be\/nl\/abc-des-pompes-a-chaleur\/","title":{"rendered":"ABC van warmtepompen"},"content":{"rendered":"\n<p><strong>Warmtepompen gebruiken natuurlijke warmte om gebouwen te verwarmen<\/strong><\/p>\n\n\n\n<h2 class=\"wp-block-heading\">In een notendop<\/h2>\n\n\n\n<p>Een warmtepomp is een apparaat dat natuurlijke warmte uit de lucht, het water of de grond overbrengt naar een ruimte die verwarmd (of gekoeld) moet worden: centrale verwarming en\/of sanitair warm water voor een gebouw, landbouwkassen, viskwekerijen, enz.<\/p>\n\n\n\n<figure class=\"wp-block-image size-full\"><img loading=\"lazy\" decoding=\"async\" width=\"536\" height=\"375\" src=\"https:\/\/www.renouvelle.be\/wp-content\/uploads\/2023\/02\/b8348402c3_50163709_sp-choix-installation-pac-1-600x375-landscape.jpg\" alt=\"\" class=\"wp-image-9031\" title=\"b8348402c3_50163709_sp-choix-installation-pac-1\" srcset=\"https:\/\/www.renouvelle.be\/wp-content\/uploads\/2023\/02\/b8348402c3_50163709_sp-choix-installation-pac-1-600x375-landscape.jpg 536w, https:\/\/www.renouvelle.be\/wp-content\/uploads\/2023\/02\/b8348402c3_50163709_sp-choix-installation-pac-1-600x375-landscape-300x210.jpg 300w\" sizes=\"auto, (max-width: 536px) 100vw, 536px\" \/><\/figure>\n\n\n\n<p>Lucht, water en grond bevatten immers grote hoeveelheden energie die teruggewonnen kunnen worden.<\/p>\n\n\n\n<p>Warmtepompen worden beschouwd als een technologie voor &#8220;hernieuwbare energie&#8221; omdat de geproduceerde calorie\u00ebn indirect afkomstig zijn van de natuurlijke warmte van de zonnestralen.<\/p>\n\n\n\n<p>Deze warmteoverdracht is echter alleen mogelijk door elektrische energie te injecteren. Als er te veel elektrische energie wordt gebruikt, worden de voordelen van de warmtepomp sterk verminderd.<\/p>\n\n\n\n<p>Deze technologie is vooral effectief voor zeer goed ge\u00efsoleerde gebouwen, waar de verwarmingsbehoefte beperkt is.<\/p>\n\n\n\n<p>Het kan ook omkeerbaar zijn, waardoor het mogelijk wordt om een gebouw te koelen met de minder sterke warmte uit de buitenomgeving (lucht, water, grond).<\/p>\n\n\n\n<h2 class=\"wp-block-heading\">Definitie van de technologie<\/h2>\n\n\n\n<p>Een warmtepomp (HP) is een thermodynamische machine die ontworpen is om een ruimte te verwarmen met behulp van een externe warmtebron \u2013 in de lucht, in het water of de grond &#8211; waarvan de temperatuur lager is dan die van de te verwarmen omgeving. Het is dus een systeem dat calorie\u00ebn overbrengt van een medium met een lage temperatuur naar een medium met een hogere temperatuur. Om dit te doen gebruikt de warmtepomp over het algemeen een compressiekoelkringloop, waarvoor elektriciteit nodig is.<\/p>\n\n\n\n<p>Het netto-energievoordeel hangt echter af van het bijbehorende elektriciteitsverbruik. Dit wordt gekenmerkt door een effici\u00ebntie of prestatieco\u00ebffici\u00ebnt (EPC). Hoe hoger de temperatuur van de gratis warmtebron (lucht, water, grond) en hoe lager de temperatuur van de te verwarmen omgeving, hoe effici\u00ebnter de warmtepomp en hoe hoger de EPC. Dit rendement varieert dus met de seizoenen.<\/p>\n\n\n\n<p>In energietermen wordt een warmtepomp als effici\u00ebnt beschouwd als de EPC groter is dan drie.<\/p>\n\n\n\n<h2 class=\"wp-block-heading\">Energieschuld<\/h2>\n\n\n\n<p>De energieschuld van een object vertegenwoordigt de energie die verbruikt moest worden om het te produceren en naar de plaats van gebruik te transporteren.&nbsp;&nbsp;<\/p>\n\n\n\n<p>In het geval van hernieuwbare systemen omvat deze schuld alle stadia: bouw, assemblage, transport naar de productielocatie, recycling van afval aan het einde van de levensduur, enz.&nbsp;&nbsp;<br>&nbsp;<br>Een goed gedimensioneerde warmtepomp die is aangesloten op een energie-effici\u00ebnt gebouw zal haar energieschuld in de eerste gebruiksjaren afbetalen en vervolgens gedurende zijn hele levensduur koolstofarme energie produceren, vooral als de elektriciteit afkomstig is van een fotovolta\u00efsch systeem.<\/p>\n\n\n\n<h2 class=\"wp-block-heading\">Levensduur<\/h2>\n\n\n\n<p>Professionals schatten dat een geothermische warmtepomp gemiddeld 15 tot 20 jaar meegaat.<\/p>\n\n\n\n<h2 class=\"wp-block-heading\">Productie<\/h2>\n\n\n\n<p>In Belgi\u00eb is de WP alleen interessant voor zeer goed ge\u00efsoleerde huizen met vloer- of muurverwarming (vloerverwarmingstemperatuur van 35\u00b0C vergeleken met 60-70\u00b0C voor normale radiatoren), en waar de verwarmingsbehoeften vrij laag zijn.<\/p>\n\n\n\n<p>Apparaten voor het verwarmen van warm water voor huishoudelijk gebruik zijn minder effici\u00ebnt, omdat het water een temperatuur van ongeveer 60\u00b0C moet bereiken, wat meer elektriciteit verbruikt. Onder dit prestatieniveau van een gebouw zijn de investeringskosten en het elektriciteitsverbruik economisch en ecologisch niet rendabel.<\/p>\n\n\n\n<h2 class=\"wp-block-heading\">Besparing van CO2-uitstoot<\/h2>\n\n\n\n<p>In Belgi\u00eb kan een warmtepomp die onder de juiste omstandigheden werkt tot 2 tCO2\/jaar (in vergelijking met een gasketel) of 4 tCO2\/jaar (in vergelijking met een mazoutketel) besparen, of het equivalent van 13.000 of 21.000 autokilometers per jaar.<\/p>\n\n\n\n<h2 class=\"wp-block-heading\">Intermittentie<\/h2>\n\n\n\n<p>Beneden de 10 m varieert de temperatuur veel minder tussen de seizoenen en blijft dus constant. Het rendement van de warmtepomp zal dus tijdens het hele verwarmingsseizoen toenemen. In Belgi\u00eb kunnen temperaturen tussen 10\u00b0C en 14\u00b0C worden waargenomen op een diepte van 20 tot 30 meter.<\/p>\n\n\n\n<p>Afhankelijk van de configuratie van de grond kan het systeem zelfs omkeerbaar zijn, zodat de zomerwarmte in de grond kan worden opgeslagen voor gebruik in de winter. Dit staat bekend als &#8220;geo-koeling&#8221;.<\/p>\n\n\n\n<h2 class=\"wp-block-heading\">Veiligheid en onderhoud\u00a0<\/h2>\n\n\n\n<p>Zodra de warmtepomp ge\u00efnstalleerd is, heeft deze zeer weinig onderhoud nodig. De onderhoudskosten zijn beperkt omdat er geen verbranding (van gas of olie) is. Onderdelen slijten minder snel en omdat het systeem geen schoorsteen nodig heeft, zijn er ook geen schoorsteenkosten.<\/p>\n\n\n\n<h2 class=\"wp-block-heading\">Milieu- en sociale gevolgen<\/h2>\n\n\n\n<p>Recente warmtepompen zijn over het algemeen geladen met koudemiddelen, die essentieel zijn voor hun werking. Deze vloeistoffen dragen calorie\u00ebn over van de koude bron naar de warme bron.<br>&nbsp;<br>Er zijn verschillende soorten koelmiddelen, elk met hun eigen impact op het milieu. Elk jaar gaat nochtans tussen 3% en 10% van de massa van deze vloeistoffen verloren door lekken.<br>&nbsp;<br>De Europese en regionale milieuwetgeving verbiedt nu de meest schadelijke vloeistoffen. Autoriteiten blijven controleren en reguleren om ervoor te zorgen dat deze vloeistoffen zo min mogelijk invloed op het milieu hebben.<\/p>\n\n\n\n<h2 class=\"wp-block-heading\">Individuele investering<\/h2>\n\n\n\n<p>Het Brussels Gewest <a href=\"https:\/\/leefmilieu.brussels\/burgers\/het-milieu-brussel\/renoveren-en-bouwen\/geothermie-brussel\" target=\"_blank\" rel=\"noreferrer noopener\">moedigt<\/a> \u00a0particulieren <a href=\"https:\/\/leefmilieu.brussels\/burgers\/het-milieu-brussel\/renoveren-en-bouwen\/geothermie-brussel\" target=\"_blank\" rel=\"noreferrer noopener\">aan<\/a> om geothermische warmtepompen te installeren.<\/p>\n\n\n\n<p>Er is een <a href=\"https:\/\/geodata.environnement.brussels\/client\/brugeotool\/home\" target=\"_blank\" rel=\"noreferrer noopener\">geothermiekaart<\/a> opgesteld. Burgers en professionals kunnen nu zien welke warmtebron zich op meer dan 150 meter diepte onder hun voeten bevindt.<\/p>\n\n\n\n<p><\/p>\n","protected":false},"excerpt":{"rendered":"<p>Warmtepompen gebruiken natuurlijke warmte om gebouwen te verwarmen In een notendop Een warmtepomp is een apparaat dat natuurlijke warmte uit de lucht, het water of de grond overbrengt naar een ruimte die verwarmd (of gekoeld) moet worden: centrale verwarming en\/of sanitair warm water voor een gebouw, landbouwkassen, viskwekerijen, enz. Lucht, water en grond bevatten immers grote hoeveelheden energie die teruggewonnen kunnen worden. Warmtepompen worden beschouwd als een technologie voor &#8220;hernieuwbare energie&#8221; omdat de geproduceerde calorie\u00ebn indirect afkomstig zijn van de natuurlijke warmte van de zonnestralen. Deze warmteoverdracht is echter alleen mogelijk door elektrische energie te injecteren. Als er te veel elektrische energie wordt gebruikt, worden de voordelen van de warmtepomp sterk verminderd. Deze technologie is vooral effectief voor zeer goed ge\u00efsoleerde gebouwen, waar de verwarmingsbehoefte beperkt is. Het kan ook omkeerbaar zijn, waardoor het mogelijk wordt om een gebouw te koelen met de minder sterke warmte uit de buitenomgeving (lucht, water, grond). Definitie van de technologie Een warmtepomp (HP) is een thermodynamische machine die ontworpen is om een ruimte te verwarmen met behulp van een externe warmtebron \u2013 in de lucht, in het water of de grond &#8211; waarvan de temperatuur lager is dan die van de te verwarmen omgeving. Het is dus een systeem dat calorie\u00ebn overbrengt van een medium met een lage temperatuur naar een medium met een hogere temperatuur. Om dit te doen gebruikt de warmtepomp over het algemeen een compressiekoelkringloop, waarvoor elektriciteit nodig is. Het netto-energievoordeel hangt echter af van het bijbehorende elektriciteitsverbruik. Dit wordt gekenmerkt door een effici\u00ebntie of prestatieco\u00ebffici\u00ebnt (EPC). Hoe hoger de temperatuur van de gratis warmtebron (lucht, water, grond) en hoe lager de temperatuur van de te verwarmen omgeving, hoe effici\u00ebnter de warmtepomp en hoe hoger de EPC. Dit rendement varieert dus &hellip; <a href=\"https:\/\/www.renouvelle.be\/nl\/abc-des-pompes-a-chaleur\/\" class=\"more-link\">Continue reading<span class=\"screen-reader-text\"> &#8220;ABC van warmtepompen&#8221;<\/span><\/a><\/p>\n","protected":false},"author":2,"featured_media":9036,"parent":0,"menu_order":6,"comment_status":"closed","ping_status":"closed","template":"","meta":{"_acf_changed":false,"footnotes":""},"class_list":["post-13769","page","type-page","status-publish","has-post-thumbnail","hentry"],"acf":[],"yoast_head":"<!-- This site is optimized with the Yoast SEO plugin v27.5 - https:\/\/yoast.com\/product\/yoast-seo-wordpress\/ -->\n<title>ABC van warmtepompen - Hernieuws<\/title>\n<meta name=\"robots\" content=\"index, follow, max-snippet:-1, max-image-preview:large, max-video-preview:-1\" \/>\n<link rel=\"canonical\" href=\"https:\/\/www.renouvelle.be\/nl\/abc-des-pompes-a-chaleur\/\" \/>\n<meta property=\"og:locale\" content=\"nl_NL\" \/>\n<meta property=\"og:type\" content=\"article\" \/>\n<meta property=\"og:title\" content=\"ABC van warmtepompen - Hernieuws\" \/>\n<meta property=\"og:description\" content=\"Warmtepompen gebruiken natuurlijke warmte om gebouwen te verwarmen In een notendop Een warmtepomp is een apparaat dat natuurlijke warmte uit de lucht, het water of de grond overbrengt naar een ruimte die verwarmd (of gekoeld) moet worden: centrale verwarming en\/of sanitair warm water voor een gebouw, landbouwkassen, viskwekerijen, enz. Lucht, water en grond bevatten immers grote hoeveelheden energie die teruggewonnen kunnen worden. Warmtepompen worden beschouwd als een technologie voor &#8220;hernieuwbare energie&#8221; omdat de geproduceerde calorie\u00ebn indirect afkomstig zijn van de natuurlijke warmte van de zonnestralen. Deze warmteoverdracht is echter alleen mogelijk door elektrische energie te injecteren. Als er te veel elektrische energie wordt gebruikt, worden de voordelen van de warmtepomp sterk verminderd. Deze technologie is vooral effectief voor zeer goed ge\u00efsoleerde gebouwen, waar de verwarmingsbehoefte beperkt is. Het kan ook omkeerbaar zijn, waardoor het mogelijk wordt om een gebouw te koelen met de minder sterke warmte uit de buitenomgeving (lucht, water, grond). Definitie van de technologie Een warmtepomp (HP) is een thermodynamische machine die ontworpen is om een ruimte te verwarmen met behulp van een externe warmtebron \u2013 in de lucht, in het water of de grond &#8211; waarvan de temperatuur lager is dan die van de te verwarmen omgeving. Het is dus een systeem dat calorie\u00ebn overbrengt van een medium met een lage temperatuur naar een medium met een hogere temperatuur. Om dit te doen gebruikt de warmtepomp over het algemeen een compressiekoelkringloop, waarvoor elektriciteit nodig is. Het netto-energievoordeel hangt echter af van het bijbehorende elektriciteitsverbruik. Dit wordt gekenmerkt door een effici\u00ebntie of prestatieco\u00ebffici\u00ebnt (EPC). Hoe hoger de temperatuur van de gratis warmtebron (lucht, water, grond) en hoe lager de temperatuur van de te verwarmen omgeving, hoe effici\u00ebnter de warmtepomp en hoe hoger de EPC. Dit rendement varieert dus &hellip; Continue reading &quot;ABC van warmtepompen&quot;\" \/>\n<meta property=\"og:url\" content=\"https:\/\/www.renouvelle.be\/nl\/abc-des-pompes-a-chaleur\/\" \/>\n<meta property=\"og:site_name\" content=\"Hernieuws\" \/>\n<meta property=\"article:modified_time\" content=\"2024-09-27T13:45:26+00:00\" \/>\n<meta property=\"og:image\" content=\"https:\/\/www.renouvelle.be\/wp-content\/uploads\/2023\/02\/pac-04.jpeg\" \/>\n\t<meta property=\"og:image:width\" content=\"503\" \/>\n\t<meta property=\"og:image:height\" content=\"424\" \/>\n\t<meta property=\"og:image:type\" content=\"image\/jpeg\" \/>\n<meta name=\"twitter:card\" content=\"summary_large_image\" \/>\n<script type=\"application\/ld+json\" class=\"yoast-schema-graph\">{\"@context\":\"https:\\\/\\\/schema.org\",\"@graph\":[{\"@type\":\"WebPage\",\"@id\":\"https:\\\/\\\/www.renouvelle.be\\\/nl\\\/abc-des-pompes-a-chaleur\\\/\",\"url\":\"https:\\\/\\\/www.renouvelle.be\\\/nl\\\/abc-des-pompes-a-chaleur\\\/\",\"name\":\"ABC van warmtepompen - Hernieuws\",\"isPartOf\":{\"@id\":\"https:\\\/\\\/www.renouvelle.be\\\/fr\\\/#website\"},\"primaryImageOfPage\":{\"@id\":\"https:\\\/\\\/www.renouvelle.be\\\/nl\\\/abc-des-pompes-a-chaleur\\\/#primaryimage\"},\"image\":{\"@id\":\"https:\\\/\\\/www.renouvelle.be\\\/nl\\\/abc-des-pompes-a-chaleur\\\/#primaryimage\"},\"thumbnailUrl\":\"https:\\\/\\\/www.renouvelle.be\\\/wp-content\\\/uploads\\\/2023\\\/02\\\/pac-04.jpeg\",\"datePublished\":\"2023-02-23T09:50:41+00:00\",\"dateModified\":\"2024-09-27T13:45:26+00:00\",\"breadcrumb\":{\"@id\":\"https:\\\/\\\/www.renouvelle.be\\\/nl\\\/abc-des-pompes-a-chaleur\\\/#breadcrumb\"},\"inLanguage\":\"nl-NL\",\"potentialAction\":[{\"@type\":\"ReadAction\",\"target\":[\"https:\\\/\\\/www.renouvelle.be\\\/nl\\\/abc-des-pompes-a-chaleur\\\/\"]}]},{\"@type\":\"ImageObject\",\"inLanguage\":\"nl-NL\",\"@id\":\"https:\\\/\\\/www.renouvelle.be\\\/nl\\\/abc-des-pompes-a-chaleur\\\/#primaryimage\",\"url\":\"https:\\\/\\\/www.renouvelle.be\\\/wp-content\\\/uploads\\\/2023\\\/02\\\/pac-04.jpeg\",\"contentUrl\":\"https:\\\/\\\/www.renouvelle.be\\\/wp-content\\\/uploads\\\/2023\\\/02\\\/pac-04.jpeg\",\"width\":503,\"height\":424},{\"@type\":\"BreadcrumbList\",\"@id\":\"https:\\\/\\\/www.renouvelle.be\\\/nl\\\/abc-des-pompes-a-chaleur\\\/#breadcrumb\",\"itemListElement\":[{\"@type\":\"ListItem\",\"position\":1,\"name\":\"Accueil\",\"item\":\"https:\\\/\\\/www.renouvelle.be\\\/nl\\\/\"},{\"@type\":\"ListItem\",\"position\":2,\"name\":\"ABC van warmtepompen\"}]},{\"@type\":\"WebSite\",\"@id\":\"https:\\\/\\\/www.renouvelle.be\\\/fr\\\/#website\",\"url\":\"https:\\\/\\\/www.renouvelle.be\\\/fr\\\/\",\"name\":\"Hernieuws\",\"description\":\"Nieuws  over duurzame energie\",\"potentialAction\":[{\"@type\":\"SearchAction\",\"target\":{\"@type\":\"EntryPoint\",\"urlTemplate\":\"https:\\\/\\\/www.renouvelle.be\\\/fr\\\/?s={search_term_string}\"},\"query-input\":{\"@type\":\"PropertyValueSpecification\",\"valueRequired\":true,\"valueName\":\"search_term_string\"}}],\"inLanguage\":\"nl-NL\"}]}<\/script>\n<!-- \/ Yoast SEO plugin. -->","yoast_head_json":{"title":"ABC van warmtepompen - Hernieuws","robots":{"index":"index","follow":"follow","max-snippet":"max-snippet:-1","max-image-preview":"max-image-preview:large","max-video-preview":"max-video-preview:-1"},"canonical":"https:\/\/www.renouvelle.be\/nl\/abc-des-pompes-a-chaleur\/","og_locale":"nl_NL","og_type":"article","og_title":"ABC van warmtepompen - Hernieuws","og_description":"Warmtepompen gebruiken natuurlijke warmte om gebouwen te verwarmen In een notendop Een warmtepomp is een apparaat dat natuurlijke warmte uit de lucht, het water of de grond overbrengt naar een ruimte die verwarmd (of gekoeld) moet worden: centrale verwarming en\/of sanitair warm water voor een gebouw, landbouwkassen, viskwekerijen, enz. Lucht, water en grond bevatten immers grote hoeveelheden energie die teruggewonnen kunnen worden. Warmtepompen worden beschouwd als een technologie voor &#8220;hernieuwbare energie&#8221; omdat de geproduceerde calorie\u00ebn indirect afkomstig zijn van de natuurlijke warmte van de zonnestralen. Deze warmteoverdracht is echter alleen mogelijk door elektrische energie te injecteren. Als er te veel elektrische energie wordt gebruikt, worden de voordelen van de warmtepomp sterk verminderd. Deze technologie is vooral effectief voor zeer goed ge\u00efsoleerde gebouwen, waar de verwarmingsbehoefte beperkt is. Het kan ook omkeerbaar zijn, waardoor het mogelijk wordt om een gebouw te koelen met de minder sterke warmte uit de buitenomgeving (lucht, water, grond). Definitie van de technologie Een warmtepomp (HP) is een thermodynamische machine die ontworpen is om een ruimte te verwarmen met behulp van een externe warmtebron \u2013 in de lucht, in het water of de grond &#8211; waarvan de temperatuur lager is dan die van de te verwarmen omgeving. Het is dus een systeem dat calorie\u00ebn overbrengt van een medium met een lage temperatuur naar een medium met een hogere temperatuur. Om dit te doen gebruikt de warmtepomp over het algemeen een compressiekoelkringloop, waarvoor elektriciteit nodig is. Het netto-energievoordeel hangt echter af van het bijbehorende elektriciteitsverbruik. Dit wordt gekenmerkt door een effici\u00ebntie of prestatieco\u00ebffici\u00ebnt (EPC). Hoe hoger de temperatuur van de gratis warmtebron (lucht, water, grond) en hoe lager de temperatuur van de te verwarmen omgeving, hoe effici\u00ebnter de warmtepomp en hoe hoger de EPC. Dit rendement varieert dus &hellip; Continue reading \"ABC van warmtepompen\"","og_url":"https:\/\/www.renouvelle.be\/nl\/abc-des-pompes-a-chaleur\/","og_site_name":"Hernieuws","article_modified_time":"2024-09-27T13:45:26+00:00","og_image":[{"width":503,"height":424,"url":"https:\/\/www.renouvelle.be\/wp-content\/uploads\/2023\/02\/pac-04.jpeg","type":"image\/jpeg"}],"twitter_card":"summary_large_image","schema":{"@context":"https:\/\/schema.org","@graph":[{"@type":"WebPage","@id":"https:\/\/www.renouvelle.be\/nl\/abc-des-pompes-a-chaleur\/","url":"https:\/\/www.renouvelle.be\/nl\/abc-des-pompes-a-chaleur\/","name":"ABC van warmtepompen - Hernieuws","isPartOf":{"@id":"https:\/\/www.renouvelle.be\/fr\/#website"},"primaryImageOfPage":{"@id":"https:\/\/www.renouvelle.be\/nl\/abc-des-pompes-a-chaleur\/#primaryimage"},"image":{"@id":"https:\/\/www.renouvelle.be\/nl\/abc-des-pompes-a-chaleur\/#primaryimage"},"thumbnailUrl":"https:\/\/www.renouvelle.be\/wp-content\/uploads\/2023\/02\/pac-04.jpeg","datePublished":"2023-02-23T09:50:41+00:00","dateModified":"2024-09-27T13:45:26+00:00","breadcrumb":{"@id":"https:\/\/www.renouvelle.be\/nl\/abc-des-pompes-a-chaleur\/#breadcrumb"},"inLanguage":"nl-NL","potentialAction":[{"@type":"ReadAction","target":["https:\/\/www.renouvelle.be\/nl\/abc-des-pompes-a-chaleur\/"]}]},{"@type":"ImageObject","inLanguage":"nl-NL","@id":"https:\/\/www.renouvelle.be\/nl\/abc-des-pompes-a-chaleur\/#primaryimage","url":"https:\/\/www.renouvelle.be\/wp-content\/uploads\/2023\/02\/pac-04.jpeg","contentUrl":"https:\/\/www.renouvelle.be\/wp-content\/uploads\/2023\/02\/pac-04.jpeg","width":503,"height":424},{"@type":"BreadcrumbList","@id":"https:\/\/www.renouvelle.be\/nl\/abc-des-pompes-a-chaleur\/#breadcrumb","itemListElement":[{"@type":"ListItem","position":1,"name":"Accueil","item":"https:\/\/www.renouvelle.be\/nl\/"},{"@type":"ListItem","position":2,"name":"ABC van warmtepompen"}]},{"@type":"WebSite","@id":"https:\/\/www.renouvelle.be\/fr\/#website","url":"https:\/\/www.renouvelle.be\/fr\/","name":"Hernieuws","description":"Nieuws  over duurzame energie","potentialAction":[{"@type":"SearchAction","target":{"@type":"EntryPoint","urlTemplate":"https:\/\/www.renouvelle.be\/fr\/?s={search_term_string}"},"query-input":{"@type":"PropertyValueSpecification","valueRequired":true,"valueName":"search_term_string"}}],"inLanguage":"nl-NL"}]}},"_links":{"self":[{"href":"https:\/\/www.renouvelle.be\/nl\/wp-json\/wp\/v2\/pages\/13769","targetHints":{"allow":["GET"]}}],"collection":[{"href":"https:\/\/www.renouvelle.be\/nl\/wp-json\/wp\/v2\/pages"}],"about":[{"href":"https:\/\/www.renouvelle.be\/nl\/wp-json\/wp\/v2\/types\/page"}],"author":[{"embeddable":true,"href":"https:\/\/www.renouvelle.be\/nl\/wp-json\/wp\/v2\/users\/2"}],"replies":[{"embeddable":true,"href":"https:\/\/www.renouvelle.be\/nl\/wp-json\/wp\/v2\/comments?post=13769"}],"version-history":[{"count":1,"href":"https:\/\/www.renouvelle.be\/nl\/wp-json\/wp\/v2\/pages\/13769\/revisions"}],"predecessor-version":[{"id":13771,"href":"https:\/\/www.renouvelle.be\/nl\/wp-json\/wp\/v2\/pages\/13769\/revisions\/13771"}],"wp:featuredmedia":[{"embeddable":true,"href":"https:\/\/www.renouvelle.be\/nl\/wp-json\/wp\/v2\/media\/9036"}],"wp:attachment":[{"href":"https:\/\/www.renouvelle.be\/nl\/wp-json\/wp\/v2\/media?parent=13769"}],"curies":[{"name":"wp","href":"https:\/\/api.w.org\/{rel}","templated":true}]}}