{"id":13756,"date":"2023-02-23T10:56:23","date_gmt":"2023-02-23T09:56:23","guid":{"rendered":"https:\/\/www.renouvelle.be\/abc-du-solaire-photovoltaique\/"},"modified":"2024-09-27T15:59:05","modified_gmt":"2024-09-27T13:59:05","slug":"abc-du-solaire-photovoltaique","status":"publish","type":"page","link":"https:\/\/www.renouvelle.be\/nl\/abc-du-solaire-photovoltaique\/","title":{"rendered":"ABC van fotovolta\u00efsche zonne-energie"},"content":{"rendered":"\n<p><strong>Fotovolta\u00efsche zonne-energietechnologie zet de energie van de zon om in elektriciteit.<\/strong><span lang=\"NL\" style=\"font-size:11.0pt;line-height:115%;font-family:&quot;Lato&quot;,sans-serif;\nmso-fareast-font-family:Calibri;mso-fareast-theme-font:minor-latin;mso-bidi-font-family:\n&quot;Times New Roman&quot;;mso-bidi-theme-font:minor-bidi;color:#3F3F3F;mso-themecolor:\ntext1;mso-ansi-language:NL;mso-fareast-language:EN-US;mso-bidi-language:AR-SA\"><br><\/span><\/p>\n\n\n\n<h2 class=\"wp-block-heading\">In een notendop\u00a0<\/h2>\n\n\n\n<p>In \u00e9\u00e9n uur voorziet de zon de aarde van meer energie dan de hele wereld gemiddeld in een jaar verbruikt.<\/p>\n\n\n\n<figure class=\"wp-block-image size-full\"><img loading=\"lazy\" decoding=\"async\" width=\"549\" height=\"412\" src=\"https:\/\/www.renouvelle.be\/wp-content\/uploads\/2023\/02\/mariana-proenca-_h0xG4s6NFg-unsplash-e1601299140391-landscape.jpg\" alt=\"\" class=\"wp-image-9060\" title=\"mariana-proenca-_h0xG4s6NFg-unsplash\" srcset=\"https:\/\/www.renouvelle.be\/wp-content\/uploads\/2023\/02\/mariana-proenca-_h0xG4s6NFg-unsplash-e1601299140391-landscape.jpg 549w, https:\/\/www.renouvelle.be\/wp-content\/uploads\/2023\/02\/mariana-proenca-_h0xG4s6NFg-unsplash-e1601299140391-landscape-300x225.jpg 300w\" sizes=\"auto, (max-width: 549px) 100vw, 549px\" \/><\/figure>\n\n\n\n<p>Er worden twee verschillende technologie\u00ebn gebruikt om de energie van de zon om te zetten in nuttige energie:<\/p>\n\n\n\n<ul class=\"wp-block-list\">\n<li>Fotovolta\u00efsche systemen vangen de zonnestralen op om elektriciteit te produceren.<\/li>\n\n\n\n<li>Thermische zonnecollectoren zetten zonlicht om in warmte (met name voor de productie van warm water voor huishoudelijk gebruik). >\u00a0<a href=\"https:\/\/energiecommune.be\/documentation\/solaire-thermique\">Zie de ABC van thermische zonne-energie.<\/a><\/li>\n<\/ul>\n\n\n\n<p>Fotovolta\u00efsche energie is vandaag de dag een van de meest concurrerende hernieuwbare technologie\u00ebn ter wereld en helpt onze uitstoot van broeikasgassen te verminderen.<\/p>\n\n\n\n<p>De investering blijft rendabel voor particulieren, co\u00f6peratieven en bedrijven.<\/p>\n\n\n\n<h2 class=\"wp-block-heading\">Definitie van de technologie\u00a0<\/h2>\n\n\n\n<p>Een fotovolta\u00efsch systeem bestaat voornamelijk uit fotovolta\u00efsche cellen die gemaakt zijn van halfgeleidermaterialen (meestal op basis van silicium).<\/p>\n\n\n\n<p>Wanneer fotonen (deeltjes van licht) op deze lichtgevoelige materialen vallen, geven ze hun elektronen vrij en genereren ze een gelijkstroom.<\/p>\n\n\n\n<p>Een omvormer zet deze stroom om in wisselstroom, zodat deze in het elektriciteitsnet kan worden ge\u00efnjecteerd.<\/p>\n\n\n\n<h2 class=\"wp-block-heading\">Energieschuld\u00a0<\/h2>\n\n\n\n<p>De energieschuld van een object vertegenwoordigt de energie die verbruikt moest worden om het te produceren en naar de plaats van gebruik te transporteren.\u202f\u202f&nbsp;<\/p>\n\n\n\n<p>In het geval van hernieuwbare systemen omvat deze schuld alle stadia: bouw, assemblage, transport naar de productielocatie, recycling van afval aan het einde van de levensduur, enz.\u202f<\/p>\n\n\n\n<p>In Belgi\u00eb betaalt een fotovolta\u00efsch systeem zijn energieschuld in minder dan anderhalf jaar terug.<\/p>\n\n\n\n<p>Het zal dus 100% schone energie produceren tijdens zijn hele levensduur, in tegenstelling tot fossiele en kerncentrales.<\/p>\n\n\n\n<h2 class=\"wp-block-heading\">Levensduur\u00a0<\/h2>\n\n\n\n<p>Een fotovolta\u00efsch systeem werkt minstens 25 jaar. Uit ervaring blijkt dat ze ook na 25 jaar zeer goed blijven presteren.<\/p>\n\n\n\n<h2 class=\"wp-block-heading\">Productie<\/h2>\n\n\n\n<p>De elektriciteit die door een zonnepaneel wordt geproduceerd, hangt af van 3 belangrijke parameters:<\/p>\n\n\n\n<ul class=\"wp-block-list\">\n<li>Zonnestraling, die sterk varieert afhankelijk van de geografische locatie: hetzelfde paneel zal twee keer zoveel produceren naargelang het in Belgi\u00eb of Spanje is ge\u00efnstalleerd.<\/li>\n\n\n\n<li>De ori\u00ebntatie en hellingshoek van het paneel: in Belgi\u00eb zal een paneel het beste presteren als het naar het zuiden gericht is en als de hellingshoek ten opzichte van het horizontale vlak tussen 30 en 40\u00b0 is &#8211; maar andere configuraties blijven interessant!<\/li>\n\n\n\n<li>Celeffici\u00ebntie, die varieert van de ene technologie tot de andere. Maar de systemen worden steeds effici\u00ebnter en bieden allemaal een rendement van meer dan 20% (dit percentage drukt het deel van de stralingsenergie uit dat wordt omgezet in elektrische energie).<\/li>\n<\/ul>\n\n\n\n<p>In Belgi\u00eb produceert een systeem van 3 kWp met een helling van 35\u00b0 op het zuiden en zonder schaduw ongeveer 3.500 kWh\/jaar, wat overeenkomt met het gemiddelde jaarlijkse elektriciteitsverbruik van een huishouden.<\/p>\n\n\n\n<h2 class=\"wp-block-heading\">Aantal exploitaties in Belgi\u00eb\u00a0<\/h2>\n\n\n\n<p>Eind 2020 hadden fotovolta\u00efsche installaties in Belgi\u00eb een cumulatief ge\u00efnstalleerd vermogen van 6.036 MWp, gelijk aan het vermogen van zes kernreactoren.<\/p>\n\n\n\n<p>Het grootste deel van deze capaciteit werd ge\u00efnstalleerd in Vlaanderen (75%), gevolgd door Walloni\u00eb (22%) en het Brussels Gewest (3%).<\/p>\n\n\n\n<h2 class=\"wp-block-heading\">Besparing van CO2-uitstoot\u00a0<\/h2>\n\n\n\n<p>Elektriciteitsopwekking uit zonne-energie groeit snel in Belgi\u00eb en de rest van de wereld.<\/p>\n\n\n\n<p>Deze productie van elektriciteit uit hernieuwbare bronnen vermindert het gebruik van elektriciteitscentrales op fossiele brandstoffen (gas, steenkool) en dus ook de uitstoot van broeikasgassen.<\/p>\n\n\n\n<p>In Belgi\u00eb, op basis van onze elektriciteitsmix, bespaart elke nieuwe fotovolta\u00efsche installatie (5 kWp) 2 ton CO2 per jaar, of het equivalent van 10.875 autokilometers per jaar!<\/p>\n\n\n\n<h2 class=\"wp-block-heading\">Recycling<\/h2>\n\n\n\n<p>Om aan de Europese milieunormen te voldoen, organiseren fabrikanten op eigen kosten de inzameling en recycling van panelen aan het einde van hun levensduur. In Belgi\u00eb organiseert de vereniging PV Cycle deze recyclage.<\/p>\n\n\n\n<p>Het terugwinningspercentage is zeer hoog, ongeveer 93,5%. De overgrote meerderheid van de zonnepanelen zijn gemaakt van glas, aluminium, plastic en halfgeleidende metalen, die allemaal 100% recycleerbaar zijn.<\/p>\n\n\n\n<p>Gerecyclede materialen worden gebruikt voor de productie van nieuwe fotovolta\u00efsche modules of als grondstoffen voor de industrie (metalen).<\/p>\n\n\n\n<h2 class=\"wp-block-heading\">Intermittentie\u00a0<\/h2>\n\n\n\n<p>De fotovolta\u00efsche productie varieert afhankelijk van de aan- of afwezigheid van licht (zon, wolken, nacht). Deze productie is echter voorspelbaar dankzij de interpretatie van meteorologische gegevens en is daarom perfect ge\u00efntegreerd in het elektriciteitsnet.<\/p>\n\n\n\n<h2 class=\"wp-block-heading\">Zeldzame aardmetalen<\/h2>\n\n\n\n<p>Zeldzame aardmetalen zijn een groep metalen waarvan de winning &#8211; voornamelijk in China &#8211; schadelijk is voor het milieu en de menselijke gezondheid. Deze metalen worden voornamelijk gebruikt in katalysatoren in auto&#8217;s, smartphones, computers, elektromotoren, enz.<\/p>\n\n\n\n<p>Volgens een <a href=\"https:\/\/librairie.ademe.fr\/energies-renouvelables-reseaux-et-stockage\/492-terres-rares-energies-renouvelables-et-stockage-d-energies.html\">rapport van ADEME<\/a> bevatten fotovolta\u00efsche technologie\u00ebn die momenteel op de markt zijn geen &#8220;zeldzame aardmetalen&#8221;.<\/p>\n\n\n\n<h2 class=\"wp-block-heading\">Veiligheid en onderhoud\u202f\u00a0<\/h2>\n\n\n\n<p>Zonnesystemen vereisen vrijwel geen onderhoud.<\/p>\n\n\n\n<p>De eigenaar van het fotovolta\u00efsche systeem kan gemakkelijk een visuele controle uitvoeren om eventuele problemen op te sporen (dode bladeren op de panelen, nieuwe schaduw, enz.) en een productiecontrole om eventuele grote fouten op te sporen (onderproductie, storing). In het laatste geval moet u een professional inschakelen om het systeem weer aan de gang te krijgen. Hij zal ook de omvormer vervangen aan het einde van zijn levensduur (over het algemeen na 10 jaar).<\/p>\n\n\n\n<h2 class=\"wp-block-heading\">Installatiekosten<\/h2>\n\n\n\n<p>Investeren in fotovolta\u00efsche energie is nu veel goedkoper dan vroeger.<\/p>\n\n\n\n<p>Gezien de daling van de productiekosten kost een gemiddelde basisinstallatie (5 kWp) nu tussen \u20ac6.000 en \u20ac7.000, vergeleken met \u20ac30.000 tot \u20ac35.000 15 jaar geleden &#8211; wat verklaart waarom de subsidies geleidelijk zijn verlaagd en vervolgens afgeschaft.<\/p>\n\n\n\n<p>Kortom, fotovolta\u00efsche energie is financieel veel toegankelijker geworden en blijft zelfs zonder steun en zelfs met een prosumer tarief rendabel.<\/p>\n\n\n\n<p>In Belgi\u00eb varieert de terugverdientijd over het algemeen tussen 7 en 12 jaar, afhankelijk van de regio. Na deze periode produceert uw installatie gratis elektriciteit die u zelf moet verbruiken in plaats van aan een elektriciteitsleverancier te betalen.<\/p>\n\n\n\n<h2 class=\"wp-block-heading\">Ondersteuning en premies<\/h2>\n\n\n\n<p>Fotovolta\u00efsche installaties hebben geen subsidies meer nodig om rendabel te zijn, zelfs niet met het prosumententarief. Steunmechanismen zijn daarom afgeschaft of zullen binnenkort worden afgeschaft.<\/p>\n\n\n\n<p>Om uw installatie rendabel te maken, zult u in de toekomst zoveel mogelijk uw eigen zonne-energie moeten gebruiken: bijvoorbeeld door uw huishoudelijke apparaten rond het middaguur te laten draaien, wanneer de fotovolta\u00efsche productie haar piek bereikt.<\/p>\n\n\n\n<h2 class=\"wp-block-heading\">Milieu- en sociale gevolgen\u00a0<\/h2>\n\n\n\n<p>Fotovolta\u00efsche systemen zijn gemakkelijk te installeren op daken van gebouwen (huizen, flats, bedrijven, scholen, enz.).<\/p>\n\n\n\n<p>Installaties op de grond &#8211; ook wel zonnevelden genoemd &#8211; kunnen in tegendeel concurreren met landbouwkundige gebruik, ten nadele van boeren en de voedselproductie. Om deze reden raden veel belanghebbenden aan om deze installaties te installeren op eerder kunstmatige gebieden, zoals voormalige industrieterreinen. Agrivolta\u00efsme maakt het ook mogelijk om zonnesystemen op hoger gelegen grond te installeren, zodat het land vrij blijft voor gewassen of vee.<\/p>\n\n\n\n<h2 class=\"wp-block-heading\">Individuele investering<\/h2>\n\n\n\n<p>Fotovolta\u00efek blijft een rendabele investering voor particulieren, met een hoger rendement dan een spaarrekening (zie hierboven).<\/p>\n\n\n\n<p>Mensen die ermee niet kunnen uitgerust worden (huurders, schaduwrijke daken, enz.) kunnen zich aansluiten bij een collectief project (zie hieronder).<\/p>\n\n\n\n<h2 class=\"wp-block-heading\">Collectieve investering\u00a0<\/h2>\n\n\n\n<p>Burgers kunnen lid worden van een co\u00f6peratieve die zich bezighoudt met de productie van zonne-energie (bijv. eigenaar van een grote installatie op een bedrijfsdak).<\/p>\n\n\n\n<p>Ze kunnen ook lid worden van een Energiegemeenschap, een model dat zich snel ontwikkelt in Belgi\u00eb en Europa. Een grote zonne-installatie (op het dak van een school, een bedrijf, enz.) zal haar productie tegen een voordelig tarief kunnen delen met verschillende consumenten in de buurt.<\/p>\n\n\n\n<p>Co\u00f6peratieven en gemeenschappen maken het mogelijk om een collectief project op te bouwen, met lokale economische gevolgen en een korte keten van energie. Buurtbewoners zijn eigenaar van en\/of profiteren van de productie-installaties die hen van elektriciteit voorzien.<\/p>\n\n\n\n<h2 class=\"wp-block-heading\">Meer informatie<\/h2>\n\n\n\n<ul class=\"wp-block-list\">\n<li><a href=\"https:\/\/energiecommune.be\/statistique\/observatoire-photovolatique\/\">Observatorium voor fotovolta\u00efsche energie<\/a>\u00a0<\/li>\n<\/ul>\n","protected":false},"excerpt":{"rendered":"<p>Fotovolta\u00efsche zonne-energietechnologie zet de energie van de zon om in elektriciteit. In een notendop\u00a0 In \u00e9\u00e9n uur voorziet de zon de aarde van meer energie dan de hele wereld gemiddeld in een jaar verbruikt. Er worden twee verschillende technologie\u00ebn gebruikt om de energie van de zon om te zetten in nuttige energie: Fotovolta\u00efsche energie is vandaag de dag een van de meest concurrerende hernieuwbare technologie\u00ebn ter wereld en helpt onze uitstoot van broeikasgassen te verminderen. De investering blijft rendabel voor particulieren, co\u00f6peratieven en bedrijven. Definitie van de technologie\u00a0 Een fotovolta\u00efsch systeem bestaat voornamelijk uit fotovolta\u00efsche cellen die gemaakt zijn van halfgeleidermaterialen (meestal op basis van silicium). Wanneer fotonen (deeltjes van licht) op deze lichtgevoelige materialen vallen, geven ze hun elektronen vrij en genereren ze een gelijkstroom. Een omvormer zet deze stroom om in wisselstroom, zodat deze in het elektriciteitsnet kan worden ge\u00efnjecteerd. Energieschuld\u00a0 De energieschuld van een object vertegenwoordigt de energie die verbruikt moest worden om het te produceren en naar de plaats van gebruik te transporteren.\u202f\u202f&nbsp; In het geval van hernieuwbare systemen omvat deze schuld alle stadia: bouw, assemblage, transport naar de productielocatie, recycling van afval aan het einde van de levensduur, enz.\u202f In Belgi\u00eb betaalt een fotovolta\u00efsch systeem zijn energieschuld in minder dan anderhalf jaar terug. Het zal dus 100% schone energie produceren tijdens zijn hele levensduur, in tegenstelling tot fossiele en kerncentrales. Levensduur\u00a0 Een fotovolta\u00efsch systeem werkt minstens 25 jaar. Uit ervaring blijkt dat ze ook na 25 jaar zeer goed blijven presteren. Productie De elektriciteit die door een zonnepaneel wordt geproduceerd, hangt af van 3 belangrijke parameters: In Belgi\u00eb produceert een systeem van 3 kWp met een helling van 35\u00b0 op het zuiden en zonder schaduw ongeveer 3.500 kWh\/jaar, wat overeenkomt met het gemiddelde jaarlijkse elektriciteitsverbruik &hellip; <a href=\"https:\/\/www.renouvelle.be\/nl\/abc-du-solaire-photovoltaique\/\" class=\"more-link\">Continue reading<span class=\"screen-reader-text\"> &#8220;ABC van fotovolta\u00efsche zonne-energie&#8221;<\/span><\/a><\/p>\n","protected":false},"author":2,"featured_media":8862,"parent":0,"menu_order":1,"comment_status":"closed","ping_status":"closed","template":"","meta":{"_acf_changed":false,"footnotes":""},"class_list":["post-13756","page","type-page","status-publish","has-post-thumbnail","hentry"],"acf":[],"yoast_head":"<!-- This site is optimized with the Yoast SEO plugin v27.4 - https:\/\/yoast.com\/product\/yoast-seo-wordpress\/ -->\n<title>ABC van fotovolta\u00efsche zonne-energie - Hernieuws<\/title>\n<meta name=\"robots\" content=\"index, follow, max-snippet:-1, max-image-preview:large, max-video-preview:-1\" \/>\n<link rel=\"canonical\" href=\"https:\/\/www.renouvelle.be\/nl\/abc-du-solaire-photovoltaique\/\" \/>\n<meta property=\"og:locale\" content=\"nl_NL\" \/>\n<meta property=\"og:type\" content=\"article\" \/>\n<meta property=\"og:title\" content=\"ABC van fotovolta\u00efsche zonne-energie - Hernieuws\" \/>\n<meta property=\"og:description\" content=\"Fotovolta\u00efsche zonne-energietechnologie zet de energie van de zon om in elektriciteit. In een notendop\u00a0 In \u00e9\u00e9n uur voorziet de zon de aarde van meer energie dan de hele wereld gemiddeld in een jaar verbruikt. Er worden twee verschillende technologie\u00ebn gebruikt om de energie van de zon om te zetten in nuttige energie: Fotovolta\u00efsche energie is vandaag de dag een van de meest concurrerende hernieuwbare technologie\u00ebn ter wereld en helpt onze uitstoot van broeikasgassen te verminderen. De investering blijft rendabel voor particulieren, co\u00f6peratieven en bedrijven. Definitie van de technologie\u00a0 Een fotovolta\u00efsch systeem bestaat voornamelijk uit fotovolta\u00efsche cellen die gemaakt zijn van halfgeleidermaterialen (meestal op basis van silicium). Wanneer fotonen (deeltjes van licht) op deze lichtgevoelige materialen vallen, geven ze hun elektronen vrij en genereren ze een gelijkstroom. Een omvormer zet deze stroom om in wisselstroom, zodat deze in het elektriciteitsnet kan worden ge\u00efnjecteerd. Energieschuld\u00a0 De energieschuld van een object vertegenwoordigt de energie die verbruikt moest worden om het te produceren en naar de plaats van gebruik te transporteren.\u202f\u202f&nbsp; In het geval van hernieuwbare systemen omvat deze schuld alle stadia: bouw, assemblage, transport naar de productielocatie, recycling van afval aan het einde van de levensduur, enz.\u202f In Belgi\u00eb betaalt een fotovolta\u00efsch systeem zijn energieschuld in minder dan anderhalf jaar terug. Het zal dus 100% schone energie produceren tijdens zijn hele levensduur, in tegenstelling tot fossiele en kerncentrales. Levensduur\u00a0 Een fotovolta\u00efsch systeem werkt minstens 25 jaar. Uit ervaring blijkt dat ze ook na 25 jaar zeer goed blijven presteren. Productie De elektriciteit die door een zonnepaneel wordt geproduceerd, hangt af van 3 belangrijke parameters: In Belgi\u00eb produceert een systeem van 3 kWp met een helling van 35\u00b0 op het zuiden en zonder schaduw ongeveer 3.500 kWh\/jaar, wat overeenkomt met het gemiddelde jaarlijkse elektriciteitsverbruik &hellip; Continue reading &quot;ABC van fotovolta\u00efsche zonne-energie&quot;\" \/>\n<meta property=\"og:url\" content=\"https:\/\/www.renouvelle.be\/nl\/abc-du-solaire-photovoltaique\/\" \/>\n<meta property=\"og:site_name\" content=\"Hernieuws\" \/>\n<meta property=\"article:modified_time\" content=\"2024-09-27T13:59:05+00:00\" \/>\n<meta property=\"og:image\" content=\"https:\/\/www.renouvelle.be\/wp-content\/uploads\/2023\/02\/solar-panels.jpg\" \/>\n\t<meta property=\"og:image:width\" content=\"600\" \/>\n\t<meta property=\"og:image:height\" content=\"400\" \/>\n\t<meta property=\"og:image:type\" content=\"image\/jpeg\" \/>\n<meta name=\"twitter:card\" content=\"summary_large_image\" \/>\n<script type=\"application\/ld+json\" class=\"yoast-schema-graph\">{\"@context\":\"https:\\\/\\\/schema.org\",\"@graph\":[{\"@type\":\"WebPage\",\"@id\":\"https:\\\/\\\/www.renouvelle.be\\\/nl\\\/abc-du-solaire-photovoltaique\\\/\",\"url\":\"https:\\\/\\\/www.renouvelle.be\\\/nl\\\/abc-du-solaire-photovoltaique\\\/\",\"name\":\"ABC van fotovolta\u00efsche zonne-energie - Hernieuws\",\"isPartOf\":{\"@id\":\"https:\\\/\\\/www.renouvelle.be\\\/fr\\\/#website\"},\"primaryImageOfPage\":{\"@id\":\"https:\\\/\\\/www.renouvelle.be\\\/nl\\\/abc-du-solaire-photovoltaique\\\/#primaryimage\"},\"image\":{\"@id\":\"https:\\\/\\\/www.renouvelle.be\\\/nl\\\/abc-du-solaire-photovoltaique\\\/#primaryimage\"},\"thumbnailUrl\":\"https:\\\/\\\/www.renouvelle.be\\\/wp-content\\\/uploads\\\/2023\\\/02\\\/solar-panels.jpg\",\"datePublished\":\"2023-02-23T09:56:23+00:00\",\"dateModified\":\"2024-09-27T13:59:05+00:00\",\"breadcrumb\":{\"@id\":\"https:\\\/\\\/www.renouvelle.be\\\/nl\\\/abc-du-solaire-photovoltaique\\\/#breadcrumb\"},\"inLanguage\":\"nl-NL\",\"potentialAction\":[{\"@type\":\"ReadAction\",\"target\":[\"https:\\\/\\\/www.renouvelle.be\\\/nl\\\/abc-du-solaire-photovoltaique\\\/\"]}]},{\"@type\":\"ImageObject\",\"inLanguage\":\"nl-NL\",\"@id\":\"https:\\\/\\\/www.renouvelle.be\\\/nl\\\/abc-du-solaire-photovoltaique\\\/#primaryimage\",\"url\":\"https:\\\/\\\/www.renouvelle.be\\\/wp-content\\\/uploads\\\/2023\\\/02\\\/solar-panels.jpg\",\"contentUrl\":\"https:\\\/\\\/www.renouvelle.be\\\/wp-content\\\/uploads\\\/2023\\\/02\\\/solar-panels.jpg\",\"width\":600,\"height\":400},{\"@type\":\"BreadcrumbList\",\"@id\":\"https:\\\/\\\/www.renouvelle.be\\\/nl\\\/abc-du-solaire-photovoltaique\\\/#breadcrumb\",\"itemListElement\":[{\"@type\":\"ListItem\",\"position\":1,\"name\":\"Accueil\",\"item\":\"https:\\\/\\\/www.renouvelle.be\\\/nl\\\/\"},{\"@type\":\"ListItem\",\"position\":2,\"name\":\"ABC van fotovolta\u00efsche zonne-energie\"}]},{\"@type\":\"WebSite\",\"@id\":\"https:\\\/\\\/www.renouvelle.be\\\/fr\\\/#website\",\"url\":\"https:\\\/\\\/www.renouvelle.be\\\/fr\\\/\",\"name\":\"Hernieuws\",\"description\":\"Nieuws  over duurzame energie\",\"potentialAction\":[{\"@type\":\"SearchAction\",\"target\":{\"@type\":\"EntryPoint\",\"urlTemplate\":\"https:\\\/\\\/www.renouvelle.be\\\/fr\\\/?s={search_term_string}\"},\"query-input\":{\"@type\":\"PropertyValueSpecification\",\"valueRequired\":true,\"valueName\":\"search_term_string\"}}],\"inLanguage\":\"nl-NL\"}]}<\/script>\n<!-- \/ Yoast SEO plugin. -->","yoast_head_json":{"title":"ABC van fotovolta\u00efsche zonne-energie - Hernieuws","robots":{"index":"index","follow":"follow","max-snippet":"max-snippet:-1","max-image-preview":"max-image-preview:large","max-video-preview":"max-video-preview:-1"},"canonical":"https:\/\/www.renouvelle.be\/nl\/abc-du-solaire-photovoltaique\/","og_locale":"nl_NL","og_type":"article","og_title":"ABC van fotovolta\u00efsche zonne-energie - Hernieuws","og_description":"Fotovolta\u00efsche zonne-energietechnologie zet de energie van de zon om in elektriciteit. In een notendop\u00a0 In \u00e9\u00e9n uur voorziet de zon de aarde van meer energie dan de hele wereld gemiddeld in een jaar verbruikt. Er worden twee verschillende technologie\u00ebn gebruikt om de energie van de zon om te zetten in nuttige energie: Fotovolta\u00efsche energie is vandaag de dag een van de meest concurrerende hernieuwbare technologie\u00ebn ter wereld en helpt onze uitstoot van broeikasgassen te verminderen. De investering blijft rendabel voor particulieren, co\u00f6peratieven en bedrijven. Definitie van de technologie\u00a0 Een fotovolta\u00efsch systeem bestaat voornamelijk uit fotovolta\u00efsche cellen die gemaakt zijn van halfgeleidermaterialen (meestal op basis van silicium). Wanneer fotonen (deeltjes van licht) op deze lichtgevoelige materialen vallen, geven ze hun elektronen vrij en genereren ze een gelijkstroom. Een omvormer zet deze stroom om in wisselstroom, zodat deze in het elektriciteitsnet kan worden ge\u00efnjecteerd. Energieschuld\u00a0 De energieschuld van een object vertegenwoordigt de energie die verbruikt moest worden om het te produceren en naar de plaats van gebruik te transporteren.\u202f\u202f&nbsp; In het geval van hernieuwbare systemen omvat deze schuld alle stadia: bouw, assemblage, transport naar de productielocatie, recycling van afval aan het einde van de levensduur, enz.\u202f In Belgi\u00eb betaalt een fotovolta\u00efsch systeem zijn energieschuld in minder dan anderhalf jaar terug. Het zal dus 100% schone energie produceren tijdens zijn hele levensduur, in tegenstelling tot fossiele en kerncentrales. Levensduur\u00a0 Een fotovolta\u00efsch systeem werkt minstens 25 jaar. Uit ervaring blijkt dat ze ook na 25 jaar zeer goed blijven presteren. Productie De elektriciteit die door een zonnepaneel wordt geproduceerd, hangt af van 3 belangrijke parameters: In Belgi\u00eb produceert een systeem van 3 kWp met een helling van 35\u00b0 op het zuiden en zonder schaduw ongeveer 3.500 kWh\/jaar, wat overeenkomt met het gemiddelde jaarlijkse elektriciteitsverbruik &hellip; Continue reading \"ABC van fotovolta\u00efsche zonne-energie\"","og_url":"https:\/\/www.renouvelle.be\/nl\/abc-du-solaire-photovoltaique\/","og_site_name":"Hernieuws","article_modified_time":"2024-09-27T13:59:05+00:00","og_image":[{"width":600,"height":400,"url":"https:\/\/www.renouvelle.be\/wp-content\/uploads\/2023\/02\/solar-panels.jpg","type":"image\/jpeg"}],"twitter_card":"summary_large_image","schema":{"@context":"https:\/\/schema.org","@graph":[{"@type":"WebPage","@id":"https:\/\/www.renouvelle.be\/nl\/abc-du-solaire-photovoltaique\/","url":"https:\/\/www.renouvelle.be\/nl\/abc-du-solaire-photovoltaique\/","name":"ABC van fotovolta\u00efsche zonne-energie - Hernieuws","isPartOf":{"@id":"https:\/\/www.renouvelle.be\/fr\/#website"},"primaryImageOfPage":{"@id":"https:\/\/www.renouvelle.be\/nl\/abc-du-solaire-photovoltaique\/#primaryimage"},"image":{"@id":"https:\/\/www.renouvelle.be\/nl\/abc-du-solaire-photovoltaique\/#primaryimage"},"thumbnailUrl":"https:\/\/www.renouvelle.be\/wp-content\/uploads\/2023\/02\/solar-panels.jpg","datePublished":"2023-02-23T09:56:23+00:00","dateModified":"2024-09-27T13:59:05+00:00","breadcrumb":{"@id":"https:\/\/www.renouvelle.be\/nl\/abc-du-solaire-photovoltaique\/#breadcrumb"},"inLanguage":"nl-NL","potentialAction":[{"@type":"ReadAction","target":["https:\/\/www.renouvelle.be\/nl\/abc-du-solaire-photovoltaique\/"]}]},{"@type":"ImageObject","inLanguage":"nl-NL","@id":"https:\/\/www.renouvelle.be\/nl\/abc-du-solaire-photovoltaique\/#primaryimage","url":"https:\/\/www.renouvelle.be\/wp-content\/uploads\/2023\/02\/solar-panels.jpg","contentUrl":"https:\/\/www.renouvelle.be\/wp-content\/uploads\/2023\/02\/solar-panels.jpg","width":600,"height":400},{"@type":"BreadcrumbList","@id":"https:\/\/www.renouvelle.be\/nl\/abc-du-solaire-photovoltaique\/#breadcrumb","itemListElement":[{"@type":"ListItem","position":1,"name":"Accueil","item":"https:\/\/www.renouvelle.be\/nl\/"},{"@type":"ListItem","position":2,"name":"ABC van fotovolta\u00efsche zonne-energie"}]},{"@type":"WebSite","@id":"https:\/\/www.renouvelle.be\/fr\/#website","url":"https:\/\/www.renouvelle.be\/fr\/","name":"Hernieuws","description":"Nieuws  over duurzame energie","potentialAction":[{"@type":"SearchAction","target":{"@type":"EntryPoint","urlTemplate":"https:\/\/www.renouvelle.be\/fr\/?s={search_term_string}"},"query-input":{"@type":"PropertyValueSpecification","valueRequired":true,"valueName":"search_term_string"}}],"inLanguage":"nl-NL"}]}},"_links":{"self":[{"href":"https:\/\/www.renouvelle.be\/nl\/wp-json\/wp\/v2\/pages\/13756","targetHints":{"allow":["GET"]}}],"collection":[{"href":"https:\/\/www.renouvelle.be\/nl\/wp-json\/wp\/v2\/pages"}],"about":[{"href":"https:\/\/www.renouvelle.be\/nl\/wp-json\/wp\/v2\/types\/page"}],"author":[{"embeddable":true,"href":"https:\/\/www.renouvelle.be\/nl\/wp-json\/wp\/v2\/users\/2"}],"replies":[{"embeddable":true,"href":"https:\/\/www.renouvelle.be\/nl\/wp-json\/wp\/v2\/comments?post=13756"}],"version-history":[{"count":1,"href":"https:\/\/www.renouvelle.be\/nl\/wp-json\/wp\/v2\/pages\/13756\/revisions"}],"predecessor-version":[{"id":13773,"href":"https:\/\/www.renouvelle.be\/nl\/wp-json\/wp\/v2\/pages\/13756\/revisions\/13773"}],"wp:featuredmedia":[{"embeddable":true,"href":"https:\/\/www.renouvelle.be\/nl\/wp-json\/wp\/v2\/media\/8862"}],"wp:attachment":[{"href":"https:\/\/www.renouvelle.be\/nl\/wp-json\/wp\/v2\/media?parent=13756"}],"curies":[{"name":"wp","href":"https:\/\/api.w.org\/{rel}","templated":true}]}}