{"id":9052,"date":"2023-02-23T10:55:05","date_gmt":"2023-02-23T09:55:05","guid":{"rendered":"https:\/\/www.renouvelle.be\/?page_id=9052"},"modified":"2024-08-14T15:46:38","modified_gmt":"2024-08-14T13:46:38","slug":"abc-de-la-geothermie","status":"publish","type":"page","link":"https:\/\/www.renouvelle.be\/fr\/outils\/abc-de-la-geothermie\/","title":{"rendered":"ABC de la g\u00e9othermie"},"content":{"rendered":"\n<p><strong>La g\u00e9othermie exploite la chaleur du sol pour un usage de chauffage ou une production d\u2019\u00e9lectricit\u00e9.<\/strong><\/p>\n\n\n\n<h2 class=\"wp-block-heading\">En quelques mots<\/h2>\n\n\n\n<p>Le terme \u00ab g\u00e9othermie \u00bb se r\u00e9f\u00e8re \u00e0 une s\u00e9rie de techniques visant \u00e0 extraire la chaleur du sous-sol \u00e0 des fins de chauffage ou de production d\u2019\u00e9lectricit\u00e9.<\/p>\n\n\n\n<figure class=\"wp-block-image size-full\"><img loading=\"lazy\" decoding=\"async\" width=\"443\" height=\"310\" src=\"https:\/\/www.renouvelle.be\/wp-content\/uploads\/2023\/02\/Illustration-1-landscape.png\" alt=\"\" class=\"wp-image-9055\" title=\"Illustration 1\" srcset=\"https:\/\/www.renouvelle.be\/wp-content\/uploads\/2023\/02\/Illustration-1-landscape.png 443w, https:\/\/www.renouvelle.be\/wp-content\/uploads\/2023\/02\/Illustration-1-landscape-300x210.png 300w\" sizes=\"auto, (max-width: 443px) 100vw, 443px\" \/><\/figure>\n\n\n\n<p>Ces techniques se classifient en fonction de la profondeur de forage n\u00e9cessaire et de la temp\u00e9rature de la source. Plus on creuse profond dans la cro\u00fbte terrestre, plus la temp\u00e9rature augmente :<\/p>\n\n\n\n<ul class=\"wp-block-list\">\n<li>La g\u00e9othermie tr\u00e8s peu profonde (&lt; 5m)<\/li>\n\n\n\n<li>La g\u00e9othermique peu profonde (10m \u00e0 300m)<\/li>\n\n\n\n<li>La g\u00e9othermie profonde &gt;1000m.<\/li>\n<\/ul>\n\n\n\n<p>Pour les deux premi\u00e8res cat\u00e9gories, une pompe \u00e0 chaleur (PAC) est n\u00e9cessaire pour augmenter la temp\u00e9rature et chauffer un b\u00e2timent ou une eau chaude sanitaire. On parle ici de PAC g\u00e9othermique.<\/p>\n\n\n\n<p><a href=\"https:\/\/energiecommune.be\/documentation\/pompe-a-chaleur\">&gt; Consulter l\u2019ABC de la pompe \u00e0 chaleur<\/a><\/p>\n\n\n\n<p>Par contre, la g\u00e9othermie profonde capte une chaleur suffisante pour alimenter directement un chauffage urbain ou produire de l\u2019\u00e9lectricit\u00e9. C\u2019est cette application que nous pr\u00e9senterons ici.<\/p>\n\n\n\n<p>Le potentiel g\u00e9othermique de la Belgique est cependant encore largement m\u00e9connu et n\u00e9cessite des campagnes d\u2019exploration du sous-sol afin de cartographier la ressource et ainsi minimiser les risques pour les investisseurs.<\/p>\n\n\n\n<p>Le jeu en vaut la chandelle : cette \u00e9nergie renouvelable, disponible en permanence (quelle que soit la m\u00e9t\u00e9o) peut fournir chauffage et refroidissement, avec un faible impact visuel et environnemental. De plus, la basse temp\u00e9rature est applicable sur tout le territoire et est rentable si elle est bien dimensionn\u00e9e.<\/p>\n\n\n\n<p><a href=\"https:\/\/geothermie.brussels\/fr\/principes-de-la-geothermie\/qu-est-ce-que-la-geothermie\"><\/a><\/p>\n\n\n\n<h2 class=\"wp-block-heading\">D\u00e9finition de la technologie<\/h2>\n\n\n\n<p>Permettant la production de chaleur ou d&rsquo;\u00e9lectricit\u00e9, la g\u00e9othermie profonde de type EGS (Enhanced Geothermal System ou \u201cg\u00e9othermie am\u00e9lior\u00e9e\u201d) exploite l&rsquo;eau chaude (plus de 150\u00b0C) naturellement pr\u00e9sente dans le sous-sol entre 2 500 et 3 000 m\u00e8tres de profondeur.<\/p>\n\n\n\n<p>Cela n\u00e9cessite la r\u00e9alisation d\u2019un ou de plusieurs forages permettant de faire circuler un fluide qui se r\u00e9chauffe au contact de la chaleur du sous-sol et remonte charg\u00e9 de calories. Ces calories sont utilis\u00e9es directement pour un usage de chauffage ou converties partiellement en \u00e9lectricit\u00e9 &#8211; parfois les deux simultan\u00e9ment par cog\u00e9n\u00e9ration.<\/p>\n\n\n\n<p>Pour un usage de chaleur, un \u00e9changeur thermique permet de transf\u00e9rer l\u2019\u00e9nergie du fluide g\u00e9othermal \u00e0 un r\u00e9seau de chaleur qui la distribue en surface. Le fluide g\u00e9othermal \u00ab\u00a0d\u00e9charg\u00e9\u00a0\u00bb de son \u00e9nergie retourne \u00e0 l\u2019aquif\u00e8re par le forage de r\u00e9injection. L\u2019ensemble de ce circuit cr\u00e9e une boucle g\u00e9othermale primaire.<\/p>\n\n\n\n<p>Pour une production d\u2019\u00e9lectricit\u00e9, les proc\u00e9d\u00e9s varient en fonction de la nature et des propri\u00e9t\u00e9s du fluide qui parvient en t\u00eate de forage.<\/p>\n\n\n\n<h2 class=\"wp-block-heading\">Dette \u00e9nerg\u00e9tique<\/h2>\n\n\n\n<p>La dette \u00e9nerg\u00e9tique d\u2019un objet repr\u00e9sente l\u2019\u00e9nergie qu\u2019il a fallu consommer pour le fabriquer et l\u2019acheminer jusqu\u2019\u00e0 son lieu d\u2019utilisation.<\/p>\n\n\n\n<p>Dans le cas des syst\u00e8mes renouvelables, cette dette int\u00e8gre toutes les \u00e9tapes : construction, assemblage, transport vers le site de production, recyclage des d\u00e9chets en fin de vie, \u2026<\/p>\n\n\n\n<p>Une centrale de g\u00e9othermie profonde rembourse sa dette \u00e9nerg\u00e9tique au cours des premi\u00e8res ann\u00e9es d\u2019exploitation, puis produit une \u00e9nergie 100% propre durant toute sa vie, contrairement aux centrales fossiles et nucl\u00e9aires.<\/p>\n\n\n\n<h2 class=\"wp-block-heading\">Dur\u00e9e de vie<\/h2>\n\n\n\n<p>Une centrale de g\u00e9othermie profonde est exploit\u00e9e pendant 60 ans au moins. L\u2019industriel vise un retour sur investissement sur 30 ans.<\/p>\n\n\n\n<h2 class=\"wp-block-heading\">Production<\/h2>\n\n\n\n<p>Pour la centrale g\u00e9othermique de Mol, la production annuelle est estim\u00e9e \u00e0 11.100 MWh thermique, soit une production de chaleur pour environ 660 m\u00e9nages.<\/p>\n\n\n\n<h2 class=\"wp-block-heading\">Nombre d&rsquo;exploitations en Belgique<\/h2>\n\n\n\n<p>En Belgique, le premier forage de grande profondeur, r\u00e9alis\u00e9 de 1972 \u00e0 1978 \u00e0 Saint-Ghislain, a permis de confirmer la pr\u00e9sence d\u2019un r\u00e9servoir d\u2019eau chaude entre 2.400 et 2.650 m de profondeur. Le bassin de Mons dispose ainsi d\u2019un grand potentiel g\u00e9othermique.<\/p>\n\n\n\n<p>Depuis les ann\u00e9es \u201980, l\u2019intercommunale IDEA valorise, au travers de l\u2019exploitation de deux puits situ\u00e9s \u00e0 Saint-Ghislain et \u00e0 Baudour, les ressources en eau g\u00e9othermale (eau souterraine naturellement chaude, +\/- 70\u00b0C) et utilise l\u2019\u00e9nergie r\u00e9cup\u00e9r\u00e9e pour le chauffage de b\u00e2timents publics (h\u00f4pitaux, \u00e9coles, logements sociaux, etc.) et d\u2019entreprises.<\/p>\n\n\n\n<p>En 2018, IDEA a \u00e9galement inaugur\u00e9 une centrale g\u00e9othermique de 7 MW au sein du zoning d&rsquo;entreprises GEOTHERMIA \u00e0 Ghlin. Le puits, for\u00e9 en 1981 mais jamais exploit\u00e9, capte de l\u2019eau \u00e0 65\u00b0C \u00e0 un peu plus de 1.500 m\u00e8tres de profondeur et permet d\u2019alimenter en chauffage et eau chaude sanitaire, via un r\u00e9seau de chaleur, les entreprises qui s\u2019installeront dans le zoning.<\/p>\n\n\n\n<p>Par ailleurs, une campagne de reconnaissance g\u00e9ophysique au droit du Bassin de Mons a confirm\u00e9 un potentiel important de la g\u00e9othermie profonde pour une production d\u2019\u00e9lectricit\u00e9. Mais aucun projet d\u2019exploitation n\u2019est en cours.<\/p>\n\n\n\n<p>Depuis fin 2018, la premi\u00e8re centrale belge de g\u00e9othermie profonde produisant chaleur et \u00e9lectricit\u00e9 est op\u00e9rationnelle sur le site de Mol. En production continue, les 2 puits disposent d\u2019un potentiel thermique d\u2019environ 10 megawatts thermiques et d\u2019un potentiel \u00e9lectrique voisin de 1 MW.<\/p>\n\n\n\n<p>Une centrale g\u00e9othermique compl\u00e8te (comptant 5 \u00e0 6 puits) pourrait totaliser 4 MW \u00e9lectriques, ce qui placerait le site de Mol dans le Top 10 des centrales de g\u00e9othermie profonde en Europe.<\/p>\n\n\n\n<h2 class=\"wp-block-heading\">Economie d&rsquo;\u00e9missions de CO2<\/h2>\n\n\n\n<p>Les deux puits g\u00e9othermiques situ\u00e9s \u00e0 Saint-Ghislain et Douvrain fournissent annuellement l&rsquo;\u00e9quivalent de 2 millions de litres de mazout en \u00e9nergie g\u00e9othermique via le chauffage urbain, soit une \u00e9conomie de CO2 estim\u00e9e \u00e0 plus de 5.500 tonnes par an.<\/p>\n\n\n\n<p>La centrale g\u00e9othermique de Mol \u00e9vite l\u2019\u00e9mission de 3600 tonnes de CO2 chaque ann\u00e9e, soit l&rsquo;\u00e9quivalent de 19 millions de km parcourus en voiture.<\/p>\n\n\n\n<h2 class=\"wp-block-heading\">Intermittence<\/h2>\n\n\n\n<p>Par rapport \u00e0 la plupart des \u00e9nergies renouvelables, la g\u00e9othermie profonde pr\u00e9sente le grand avantage de ne pas d\u00e9pendre des conditions atmosph\u00e9riques ni m\u00eame de la disponibilit\u00e9 d&rsquo;un substrat comme c&rsquo;est le cas pour la biomasse. Cette production g\u00e9othermique est donc constante tout au long de l\u2019ann\u00e9e.<\/p>\n\n\n\n<p>Cependant, dans son exploitation, il faut veiller \u00e0 s\u2019assurer de son caract\u00e8re renouvelable. En effet, si le rythme auquel l&rsquo;\u00e9nergie g\u00e9othermique se reconstitue est inf\u00e9rieur \u00e0 celui auquel elle est exploit\u00e9e, un puits verra progressivement son r\u00e9servoir calorifique diminuer.<\/p>\n\n\n\n<h2 class=\"wp-block-heading\">S\u00e9curit\u00e9 et maintenance<\/h2>\n\n\n\n<p>La mise en service d\u2019une centrale g\u00e9othermique de grande profondeur n\u2019est pas sans incidences sur l\u2019environnement, en raison de l\u2019injection et du pompage de l\u2019eau en sous-sol, et donc sur la s\u00e9curit\u00e9 des riverains.<\/p>\n\n\n\n<p>Dans la r\u00e9gion de Mol, plus de deux cents tremblements de terre ont \u00e9t\u00e9 enregistr\u00e9s depuis que la centrale est en phase de test. La plupart \u00e9taient tr\u00e8s l\u00e9gers, au point de passer inaper\u00e7us aupr\u00e8s des riverains. Mais certains s\u00e9ismes ont \u00e9t\u00e9 ressentis physiquement dans la r\u00e9gion. La centrale a \u00e9t\u00e9 mise \u00e0 l\u2019arr\u00eat en juillet 2019, le temps de mener une nouvelle \u00e9tude sismologique. L\u2019usine a ensuite \u00e9t\u00e9 adapt\u00e9e pour r\u00e9duire les risques de vibration.<\/p>\n\n\n\n<p>La centrale de Mol a d\u00e8s lors re\u00e7u une autorisation de red\u00e9marrage, en avril 2021.<\/p>\n\n\n\n<p>En France, un projet de g\u00e9othermie profonde au Nord de Strasbourg a \u00e9t\u00e9 d\u00e9finitivement mis \u00e0 l\u2019arr\u00eat en d\u00e9cembre 2020, suite \u00e0 une s\u00e9rie de secousses sismiques de grande magnitude.<\/p>\n\n\n\n<h2 class=\"wp-block-heading\">Investissement collectif<\/h2>\n\n\n\n<p>En Belgique, des coop\u00e9ratives citoyennes investissent dans diff\u00e9rentes technologies renouvelables (\u00e9olien, photovolta\u00efque, \u2026) et pourraient \u00e0 l\u2019avenir exploiter la g\u00e9othermie profonde \u00e0 travers des r\u00e9seaux de chaleur pour chauffer les b\u00e2timents d\u2019un quartier.<\/p>\n\n\n\n<h2 class=\"wp-block-heading\">Pour aller plus loin<\/h2>\n\n\n\n<ul class=\"wp-block-list\">\n<li><a href=\"https:\/\/energie.wallonie.be\/fr\/la-geothermie-profonde.html?IDC=6173\">Energie.wallonie.be<\/a><\/li>\n\n\n\n<li><a href=\"https:\/\/www.geothermieprofonde.info\/\">G\u00e9othermie profonde.info<\/a><\/li>\n\n\n\n<li><a href=\"https:\/\/www.geothermies.fr\/\">Geothermies.fr<\/a><\/li>\n<\/ul>\n","protected":false},"excerpt":{"rendered":"<p>La g\u00e9othermie exploite la chaleur du sol pour un usage de chauffage ou une production d\u2019\u00e9lectricit\u00e9. En quelques mots Le terme \u00ab g\u00e9othermie \u00bb se r\u00e9f\u00e8re \u00e0 une s\u00e9rie de techniques visant \u00e0 extraire la chaleur du sous-sol \u00e0 des fins de chauffage ou de production d\u2019\u00e9lectricit\u00e9. Ces techniques se classifient en fonction de la profondeur de forage n\u00e9cessaire et de la temp\u00e9rature de la source. Plus on creuse profond dans la cro\u00fbte terrestre, plus la temp\u00e9rature augmente : Pour les deux premi\u00e8res cat\u00e9gories, une pompe \u00e0 chaleur (PAC) est n\u00e9cessaire pour augmenter la temp\u00e9rature et chauffer un b\u00e2timent ou une eau chaude sanitaire. On parle ici de PAC g\u00e9othermique. &gt; Consulter l\u2019ABC de la pompe \u00e0 chaleur Par contre, la g\u00e9othermie profonde capte une chaleur suffisante pour alimenter directement un chauffage urbain ou produire de l\u2019\u00e9lectricit\u00e9. C\u2019est cette application que nous pr\u00e9senterons ici. Le potentiel g\u00e9othermique de la Belgique est cependant encore largement m\u00e9connu et n\u00e9cessite des campagnes d\u2019exploration du sous-sol afin de cartographier la ressource et ainsi minimiser les risques pour les investisseurs. Le jeu en vaut la chandelle : cette \u00e9nergie renouvelable, disponible en permanence (quelle que soit la m\u00e9t\u00e9o) peut fournir chauffage et refroidissement, avec un faible impact visuel et environnemental. De plus, la basse temp\u00e9rature est applicable sur tout le territoire et est rentable si elle est bien dimensionn\u00e9e. D\u00e9finition de la technologie Permettant la production de chaleur ou d&rsquo;\u00e9lectricit\u00e9, la g\u00e9othermie profonde de type EGS (Enhanced Geothermal System ou \u201cg\u00e9othermie am\u00e9lior\u00e9e\u201d) exploite l&rsquo;eau chaude (plus de 150\u00b0C) naturellement pr\u00e9sente dans le sous-sol entre 2 500 et 3 000 m\u00e8tres de profondeur. Cela n\u00e9cessite la r\u00e9alisation d\u2019un ou de plusieurs forages permettant de faire circuler un fluide qui se r\u00e9chauffe au contact de la chaleur &hellip; <a href=\"https:\/\/www.renouvelle.be\/fr\/outils\/abc-de-la-geothermie\/\" class=\"more-link\">Continue reading<span class=\"screen-reader-text\"> \u00ab\u00a0ABC de la g\u00e9othermie\u00a0\u00bb<\/span><\/a><\/p>\n","protected":false},"author":2,"featured_media":9053,"parent":8975,"menu_order":9,"comment_status":"closed","ping_status":"closed","template":"","meta":{"_acf_changed":false,"footnotes":""},"class_list":["post-9052","page","type-page","status-publish","has-post-thumbnail","hentry"],"acf":[],"yoast_head":"<!-- This site is optimized with the Yoast SEO plugin v27.5 - https:\/\/yoast.com\/product\/yoast-seo-wordpress\/ -->\n<title>ABC de la g\u00e9othermie - Renouvelle<\/title>\n<meta name=\"robots\" content=\"index, follow, max-snippet:-1, max-image-preview:large, max-video-preview:-1\" \/>\n<link rel=\"canonical\" href=\"https:\/\/www.renouvelle.be\/fr\/outils\/abc-de-la-geothermie\/\" \/>\n<meta property=\"og:locale\" content=\"fr_FR\" \/>\n<meta property=\"og:type\" content=\"article\" \/>\n<meta property=\"og:title\" content=\"ABC de la g\u00e9othermie - Renouvelle\" \/>\n<meta property=\"og:description\" content=\"La g\u00e9othermie exploite la chaleur du sol pour un usage de chauffage ou une production d\u2019\u00e9lectricit\u00e9. En quelques mots Le terme \u00ab g\u00e9othermie \u00bb se r\u00e9f\u00e8re \u00e0 une s\u00e9rie de techniques visant \u00e0 extraire la chaleur du sous-sol \u00e0 des fins de chauffage ou de production d\u2019\u00e9lectricit\u00e9. Ces techniques se classifient en fonction de la profondeur de forage n\u00e9cessaire et de la temp\u00e9rature de la source. Plus on creuse profond dans la cro\u00fbte terrestre, plus la temp\u00e9rature augmente : Pour les deux premi\u00e8res cat\u00e9gories, une pompe \u00e0 chaleur (PAC) est n\u00e9cessaire pour augmenter la temp\u00e9rature et chauffer un b\u00e2timent ou une eau chaude sanitaire. On parle ici de PAC g\u00e9othermique. &gt; Consulter l\u2019ABC de la pompe \u00e0 chaleur Par contre, la g\u00e9othermie profonde capte une chaleur suffisante pour alimenter directement un chauffage urbain ou produire de l\u2019\u00e9lectricit\u00e9. C\u2019est cette application que nous pr\u00e9senterons ici. Le potentiel g\u00e9othermique de la Belgique est cependant encore largement m\u00e9connu et n\u00e9cessite des campagnes d\u2019exploration du sous-sol afin de cartographier la ressource et ainsi minimiser les risques pour les investisseurs. Le jeu en vaut la chandelle : cette \u00e9nergie renouvelable, disponible en permanence (quelle que soit la m\u00e9t\u00e9o) peut fournir chauffage et refroidissement, avec un faible impact visuel et environnemental. De plus, la basse temp\u00e9rature est applicable sur tout le territoire et est rentable si elle est bien dimensionn\u00e9e. D\u00e9finition de la technologie Permettant la production de chaleur ou d&rsquo;\u00e9lectricit\u00e9, la g\u00e9othermie profonde de type EGS (Enhanced Geothermal System ou \u201cg\u00e9othermie am\u00e9lior\u00e9e\u201d) exploite l&rsquo;eau chaude (plus de 150\u00b0C) naturellement pr\u00e9sente dans le sous-sol entre 2 500 et 3 000 m\u00e8tres de profondeur. Cela n\u00e9cessite la r\u00e9alisation d\u2019un ou de plusieurs forages permettant de faire circuler un fluide qui se r\u00e9chauffe au contact de la chaleur &hellip; Continue reading &quot;ABC de la g\u00e9othermie&quot;\" \/>\n<meta property=\"og:url\" content=\"https:\/\/www.renouvelle.be\/fr\/outils\/abc-de-la-geothermie\/\" \/>\n<meta property=\"og:site_name\" content=\"Renouvelle\" \/>\n<meta property=\"article:modified_time\" content=\"2024-08-14T13:46:38+00:00\" \/>\n<meta property=\"og:image\" content=\"https:\/\/www.renouvelle.be\/wp-content\/uploads\/2023\/02\/geothermie.jpeg\" \/>\n\t<meta property=\"og:image:width\" content=\"600\" \/>\n\t<meta property=\"og:image:height\" content=\"337\" \/>\n\t<meta property=\"og:image:type\" content=\"image\/jpeg\" \/>\n<meta name=\"twitter:card\" content=\"summary_large_image\" \/>\n<script type=\"application\/ld+json\" class=\"yoast-schema-graph\">{\"@context\":\"https:\\\/\\\/schema.org\",\"@graph\":[{\"@type\":\"WebPage\",\"@id\":\"https:\\\/\\\/www.renouvelle.be\\\/fr\\\/outils\\\/abc-de-la-geothermie\\\/\",\"url\":\"https:\\\/\\\/www.renouvelle.be\\\/fr\\\/outils\\\/abc-de-la-geothermie\\\/\",\"name\":\"ABC de la g\u00e9othermie - Renouvelle\",\"isPartOf\":{\"@id\":\"https:\\\/\\\/www.renouvelle.be\\\/fr\\\/#website\"},\"primaryImageOfPage\":{\"@id\":\"https:\\\/\\\/www.renouvelle.be\\\/fr\\\/outils\\\/abc-de-la-geothermie\\\/#primaryimage\"},\"image\":{\"@id\":\"https:\\\/\\\/www.renouvelle.be\\\/fr\\\/outils\\\/abc-de-la-geothermie\\\/#primaryimage\"},\"thumbnailUrl\":\"https:\\\/\\\/www.renouvelle.be\\\/wp-content\\\/uploads\\\/2023\\\/02\\\/geothermie.jpeg\",\"datePublished\":\"2023-02-23T09:55:05+00:00\",\"dateModified\":\"2024-08-14T13:46:38+00:00\",\"breadcrumb\":{\"@id\":\"https:\\\/\\\/www.renouvelle.be\\\/fr\\\/outils\\\/abc-de-la-geothermie\\\/#breadcrumb\"},\"inLanguage\":\"fr-FR\",\"potentialAction\":[{\"@type\":\"ReadAction\",\"target\":[\"https:\\\/\\\/www.renouvelle.be\\\/fr\\\/outils\\\/abc-de-la-geothermie\\\/\"]}]},{\"@type\":\"ImageObject\",\"inLanguage\":\"fr-FR\",\"@id\":\"https:\\\/\\\/www.renouvelle.be\\\/fr\\\/outils\\\/abc-de-la-geothermie\\\/#primaryimage\",\"url\":\"https:\\\/\\\/www.renouvelle.be\\\/wp-content\\\/uploads\\\/2023\\\/02\\\/geothermie.jpeg\",\"contentUrl\":\"https:\\\/\\\/www.renouvelle.be\\\/wp-content\\\/uploads\\\/2023\\\/02\\\/geothermie.jpeg\",\"width\":600,\"height\":337},{\"@type\":\"BreadcrumbList\",\"@id\":\"https:\\\/\\\/www.renouvelle.be\\\/fr\\\/outils\\\/abc-de-la-geothermie\\\/#breadcrumb\",\"itemListElement\":[{\"@type\":\"ListItem\",\"position\":1,\"name\":\"Accueil\",\"item\":\"https:\\\/\\\/www.renouvelle.be\\\/fr\\\/\"},{\"@type\":\"ListItem\",\"position\":2,\"name\":\"Outils\",\"item\":\"https:\\\/\\\/www.renouvelle.be\\\/fr\\\/outils\\\/\"},{\"@type\":\"ListItem\",\"position\":3,\"name\":\"ABC de la g\u00e9othermie\"}]},{\"@type\":\"WebSite\",\"@id\":\"https:\\\/\\\/www.renouvelle.be\\\/fr\\\/#website\",\"url\":\"https:\\\/\\\/www.renouvelle.be\\\/fr\\\/\",\"name\":\"Renouvelle\",\"description\":\"L&#039;actualit\u00e9 de l&#039;\u00e9nergie durable\",\"potentialAction\":[{\"@type\":\"SearchAction\",\"target\":{\"@type\":\"EntryPoint\",\"urlTemplate\":\"https:\\\/\\\/www.renouvelle.be\\\/fr\\\/?s={search_term_string}\"},\"query-input\":{\"@type\":\"PropertyValueSpecification\",\"valueRequired\":true,\"valueName\":\"search_term_string\"}}],\"inLanguage\":\"fr-FR\"}]}<\/script>\n<!-- \/ Yoast SEO plugin. -->","yoast_head_json":{"title":"ABC de la g\u00e9othermie - Renouvelle","robots":{"index":"index","follow":"follow","max-snippet":"max-snippet:-1","max-image-preview":"max-image-preview:large","max-video-preview":"max-video-preview:-1"},"canonical":"https:\/\/www.renouvelle.be\/fr\/outils\/abc-de-la-geothermie\/","og_locale":"fr_FR","og_type":"article","og_title":"ABC de la g\u00e9othermie - Renouvelle","og_description":"La g\u00e9othermie exploite la chaleur du sol pour un usage de chauffage ou une production d\u2019\u00e9lectricit\u00e9. En quelques mots Le terme \u00ab g\u00e9othermie \u00bb se r\u00e9f\u00e8re \u00e0 une s\u00e9rie de techniques visant \u00e0 extraire la chaleur du sous-sol \u00e0 des fins de chauffage ou de production d\u2019\u00e9lectricit\u00e9. Ces techniques se classifient en fonction de la profondeur de forage n\u00e9cessaire et de la temp\u00e9rature de la source. Plus on creuse profond dans la cro\u00fbte terrestre, plus la temp\u00e9rature augmente : Pour les deux premi\u00e8res cat\u00e9gories, une pompe \u00e0 chaleur (PAC) est n\u00e9cessaire pour augmenter la temp\u00e9rature et chauffer un b\u00e2timent ou une eau chaude sanitaire. On parle ici de PAC g\u00e9othermique. &gt; Consulter l\u2019ABC de la pompe \u00e0 chaleur Par contre, la g\u00e9othermie profonde capte une chaleur suffisante pour alimenter directement un chauffage urbain ou produire de l\u2019\u00e9lectricit\u00e9. C\u2019est cette application que nous pr\u00e9senterons ici. Le potentiel g\u00e9othermique de la Belgique est cependant encore largement m\u00e9connu et n\u00e9cessite des campagnes d\u2019exploration du sous-sol afin de cartographier la ressource et ainsi minimiser les risques pour les investisseurs. Le jeu en vaut la chandelle : cette \u00e9nergie renouvelable, disponible en permanence (quelle que soit la m\u00e9t\u00e9o) peut fournir chauffage et refroidissement, avec un faible impact visuel et environnemental. De plus, la basse temp\u00e9rature est applicable sur tout le territoire et est rentable si elle est bien dimensionn\u00e9e. D\u00e9finition de la technologie Permettant la production de chaleur ou d&rsquo;\u00e9lectricit\u00e9, la g\u00e9othermie profonde de type EGS (Enhanced Geothermal System ou \u201cg\u00e9othermie am\u00e9lior\u00e9e\u201d) exploite l&rsquo;eau chaude (plus de 150\u00b0C) naturellement pr\u00e9sente dans le sous-sol entre 2 500 et 3 000 m\u00e8tres de profondeur. Cela n\u00e9cessite la r\u00e9alisation d\u2019un ou de plusieurs forages permettant de faire circuler un fluide qui se r\u00e9chauffe au contact de la chaleur &hellip; Continue reading \"ABC de la g\u00e9othermie\"","og_url":"https:\/\/www.renouvelle.be\/fr\/outils\/abc-de-la-geothermie\/","og_site_name":"Renouvelle","article_modified_time":"2024-08-14T13:46:38+00:00","og_image":[{"width":600,"height":337,"url":"https:\/\/www.renouvelle.be\/wp-content\/uploads\/2023\/02\/geothermie.jpeg","type":"image\/jpeg"}],"twitter_card":"summary_large_image","schema":{"@context":"https:\/\/schema.org","@graph":[{"@type":"WebPage","@id":"https:\/\/www.renouvelle.be\/fr\/outils\/abc-de-la-geothermie\/","url":"https:\/\/www.renouvelle.be\/fr\/outils\/abc-de-la-geothermie\/","name":"ABC de la g\u00e9othermie - Renouvelle","isPartOf":{"@id":"https:\/\/www.renouvelle.be\/fr\/#website"},"primaryImageOfPage":{"@id":"https:\/\/www.renouvelle.be\/fr\/outils\/abc-de-la-geothermie\/#primaryimage"},"image":{"@id":"https:\/\/www.renouvelle.be\/fr\/outils\/abc-de-la-geothermie\/#primaryimage"},"thumbnailUrl":"https:\/\/www.renouvelle.be\/wp-content\/uploads\/2023\/02\/geothermie.jpeg","datePublished":"2023-02-23T09:55:05+00:00","dateModified":"2024-08-14T13:46:38+00:00","breadcrumb":{"@id":"https:\/\/www.renouvelle.be\/fr\/outils\/abc-de-la-geothermie\/#breadcrumb"},"inLanguage":"fr-FR","potentialAction":[{"@type":"ReadAction","target":["https:\/\/www.renouvelle.be\/fr\/outils\/abc-de-la-geothermie\/"]}]},{"@type":"ImageObject","inLanguage":"fr-FR","@id":"https:\/\/www.renouvelle.be\/fr\/outils\/abc-de-la-geothermie\/#primaryimage","url":"https:\/\/www.renouvelle.be\/wp-content\/uploads\/2023\/02\/geothermie.jpeg","contentUrl":"https:\/\/www.renouvelle.be\/wp-content\/uploads\/2023\/02\/geothermie.jpeg","width":600,"height":337},{"@type":"BreadcrumbList","@id":"https:\/\/www.renouvelle.be\/fr\/outils\/abc-de-la-geothermie\/#breadcrumb","itemListElement":[{"@type":"ListItem","position":1,"name":"Accueil","item":"https:\/\/www.renouvelle.be\/fr\/"},{"@type":"ListItem","position":2,"name":"Outils","item":"https:\/\/www.renouvelle.be\/fr\/outils\/"},{"@type":"ListItem","position":3,"name":"ABC de la g\u00e9othermie"}]},{"@type":"WebSite","@id":"https:\/\/www.renouvelle.be\/fr\/#website","url":"https:\/\/www.renouvelle.be\/fr\/","name":"Renouvelle","description":"L&#039;actualit\u00e9 de l&#039;\u00e9nergie durable","potentialAction":[{"@type":"SearchAction","target":{"@type":"EntryPoint","urlTemplate":"https:\/\/www.renouvelle.be\/fr\/?s={search_term_string}"},"query-input":{"@type":"PropertyValueSpecification","valueRequired":true,"valueName":"search_term_string"}}],"inLanguage":"fr-FR"}]}},"_links":{"self":[{"href":"https:\/\/www.renouvelle.be\/fr\/wp-json\/wp\/v2\/pages\/9052","targetHints":{"allow":["GET"]}}],"collection":[{"href":"https:\/\/www.renouvelle.be\/fr\/wp-json\/wp\/v2\/pages"}],"about":[{"href":"https:\/\/www.renouvelle.be\/fr\/wp-json\/wp\/v2\/types\/page"}],"author":[{"embeddable":true,"href":"https:\/\/www.renouvelle.be\/fr\/wp-json\/wp\/v2\/users\/2"}],"replies":[{"embeddable":true,"href":"https:\/\/www.renouvelle.be\/fr\/wp-json\/wp\/v2\/comments?post=9052"}],"version-history":[{"count":2,"href":"https:\/\/www.renouvelle.be\/fr\/wp-json\/wp\/v2\/pages\/9052\/revisions"}],"predecessor-version":[{"id":9058,"href":"https:\/\/www.renouvelle.be\/fr\/wp-json\/wp\/v2\/pages\/9052\/revisions\/9058"}],"up":[{"embeddable":true,"href":"https:\/\/www.renouvelle.be\/fr\/wp-json\/wp\/v2\/pages\/8975"}],"wp:featuredmedia":[{"embeddable":true,"href":"https:\/\/www.renouvelle.be\/fr\/wp-json\/wp\/v2\/media\/9053"}],"wp:attachment":[{"href":"https:\/\/www.renouvelle.be\/fr\/wp-json\/wp\/v2\/media?parent=9052"}],"curies":[{"name":"wp","href":"https:\/\/api.w.org\/{rel}","templated":true}]}}