{"id":9045,"date":"2023-02-23T10:54:00","date_gmt":"2023-02-23T09:54:00","guid":{"rendered":"https:\/\/www.renouvelle.be\/?page_id=9045"},"modified":"2024-08-14T15:44:52","modified_gmt":"2024-08-14T13:44:52","slug":"abc-de-lhydroelectricite","status":"publish","type":"page","link":"https:\/\/www.renouvelle.be\/fr\/outils\/abc-de-lhydroelectricite\/","title":{"rendered":"ABC de l\u2019hydro\u00e9lectricit\u00e9"},"content":{"rendered":"\n<p><strong>La technologie hydro\u00e9lectrique exploite les cours d\u2019eau pour produire de l\u2019\u00e9lectricit\u00e9.<\/strong><\/p>\n\n\n\n<h2 class=\"wp-block-heading\">En quelques mots<\/h2>\n\n\n\n<p>Une centrale hydro\u00e9lectrique exploite l\u2019\u00e9nergie des flux d\u2019eau (rivi\u00e8re, fleuve) pour la transformer en \u00e9nergie m\u00e9canique puis en \u00e9lectricit\u00e9.<\/p>\n\n\n\n<p>Cette technologie produit donc une \u00e9lectricit\u00e9 de source renouvelable. La production est variable selon les quantit\u00e9s de pr\u00e9cipitations mais s\u2019av\u00e8re pr\u00e9visible.<\/p>\n\n\n\n<p>En Wallonie, la majorit\u00e9 des centrales se trouvent \u201cau fil de l\u2019eau\u201d mais il existe \u00e9galement des unit\u00e9s install\u00e9es sur des barrages.<\/p>\n\n\n\n<p>Des coop\u00e9ratives citoyennes sont actives dans l\u2019hydro\u00e9lectricit\u00e9.<\/p>\n\n\n\n<figure class=\"wp-block-image size-full\"><img loading=\"lazy\" decoding=\"async\" width=\"451\" height=\"316\" src=\"https:\/\/www.renouvelle.be\/wp-content\/uploads\/2023\/02\/roue-landscape.jpg\" alt=\"\" class=\"wp-image-9048\" title=\"roue\" srcset=\"https:\/\/www.renouvelle.be\/wp-content\/uploads\/2023\/02\/roue-landscape.jpg 451w, https:\/\/www.renouvelle.be\/wp-content\/uploads\/2023\/02\/roue-landscape-300x210.jpg 300w\" sizes=\"auto, (max-width: 451px) 100vw, 451px\" \/><\/figure>\n\n\n\n<h2 class=\"wp-block-heading\">D\u00e9finition de la technologie<\/h2>\n\n\n\n<p>Les centrales hydro\u00e9lectriques produisent de l\u2019\u00e9lectricit\u00e9 en transformant l\u2019\u00e9nergie hydraulique d\u2019une rivi\u00e8re. L\u2019\u00e9nergie hydraulique est pr\u00e9sente l\u00e0 o\u00f9 il y a de l\u2019eau en mouvement sous la forme d\u2019\u00e9nergie cin\u00e9tique ou au droit d\u2019une chute d\u2019eau sous la forme d\u2019\u00e9nergie gravitationnelle nomm\u00e9 aussi \u00e9nergie potentielle. Elle est proportionnelle au d\u00e9bit d\u2019eau et \u00e0 la hauteur de chute.<\/p>\n\n\n\n<p>Une centrale hydro\u00e9lectrique valorise un d\u00e9bit d\u2019eau sur une hauteur de chute. Elle se situe id\u00e9alement aux endroits de forte d\u00e9clivit\u00e9 du cours d\u2019eau afin de pouvoir disposer d\u2019une hauteur de chute suffisante. Celle-ci sera cr\u00e9\u00e9e \u00e0 l\u2019aide d\u2019un barrage permettant l\u2019alimentation d\u2019un canal de d\u00e9rivation vers une conduite forc\u00e9e.<\/p>\n\n\n\n<p>Le parc hydro\u00e9lectrique existant en Belgique est essentiellement compos\u00e9 de centrales au fil de l\u2019eau, c&rsquo;est-\u00e0-dire sans r\u00e9servoir d\u2019accumulation d&rsquo;eau (barrage cr\u00e9ant un lac artificiel). La plupart des centrales hydro\u00e9lectriques se situent sur les cours d\u2019eau qui pr\u00e9sentent une d\u00e9clivit\u00e9 exploitable, au droit des \u00e9cluses des voies navigables ou sur des ouvrages d\u2019art comme les barrages de r\u00e9gulation des cours d\u2019eau.<\/p>\n\n\n\n<p>D&rsquo;un point de vue technique, la transformation \u00e9nerg\u00e9tique est op\u00e9r\u00e9e par une turbine coupl\u00e9e \u00e0 une g\u00e9n\u00e9ratrice \u00e9lectrique. Les pales de la turbine transforment l\u2019\u00e9nergie du d\u00e9bit d\u2019eau en une \u00e9nergie m\u00e9canique de rotation. Celle-ci actionne l\u2019axe d\u2019une g\u00e9n\u00e9ratrice \u00e9lectrique. Comme c\u2019est le cas avec la dynamo d\u2019un v\u00e9lo, le mouvement tournant du rotor cr\u00e9e un couple \u00e9lectromagn\u00e9tique, qui engendre un courant \u00e9lectrique.<\/p>\n\n\n\n<h2 class=\"wp-block-heading\">Dette \u00e9nerg\u00e9tique<\/h2>\n\n\n\n<p>La dette \u00e9nerg\u00e9tique d\u2019un objet repr\u00e9sente l\u2019\u00e9nergie qu\u2019il a fallu consommer pour le fabriquer et l\u2019acheminer jusqu\u2019\u00e0 son lieu d\u2019utilisation.<\/p>\n\n\n\n<p>Dans le cas des syst\u00e8mes renouvelables, cette dette int\u00e8gre toutes les \u00e9tapes : construction, assemblage, transport vers le site de production, recyclage des d\u00e9chets en fin de vie, \u2026<\/p>\n\n\n\n<p>Une centrale hydro\u00e9lectrique au fil de l\u2019eau rembourse sa dette \u00e9nerg\u00e9tique en 1 \u00e0 3 ans suivant la taille de celle-ci et puis produit une \u00e9nergie 100% propre durant toute sa vie, contrairement aux centrales fossiles et nucl\u00e9aires.<\/p>\n\n\n\n<h2 class=\"wp-block-heading\">Dur\u00e9e de vie<\/h2>\n\n\n\n<p>Une centrale hydro\u00e9lectrique fonctionne entre 30 et 60 ans, selon les sites et la technologie.<\/p>\n\n\n\n<h2 class=\"wp-block-heading\">Production<\/h2>\n\n\n\n<p>La production hydro\u00e9lectrique varie en fonction des quantit\u00e9s de pr\u00e9cipitations\u202fau fil des saisons. Les centrales produisent ainsi plus d\u2019\u00e9lectricit\u00e9 en hiver, quand les cours d\u2019eau sont plus charg\u00e9s.<\/p>\n\n\n\n<p>Le changement climatique affecte le productible (s\u00e9cheresses estivales, crues exceptionnelles).<\/p>\n\n\n\n<p>En 2020, le parc hydro\u00e9lectrique belge a permis de couvrir l\u2019\u00e9quivalent de la consommation \u00e9lectrique de 81\u202f000 m\u00e9nages.<\/p>\n\n\n\n<h2 class=\"wp-block-heading\">Nombre d&rsquo;exploitations en Belgique<\/h2>\n\n\n\n<p>Le parc hydro\u00e9lectrique belge totalise pr\u00e8s de 114\u202fMW r\u00e9partis sur 166 sites de production.\u202fLa tr\u00e8s grande majorit\u00e9 de la puissance est install\u00e9e en Wallonie (111\u202fMW).<\/p>\n\n\n\n<p>L\u2019essentiel de la puissance install\u00e9e en Belgique (83%) fonctionne \u201cau fil de l\u2019eau\u201d\u202fc\u2019est-\u00e0-dire que le d\u00e9bit du cours d\u2019eau est imm\u00e9diatement utilis\u00e9 et fournit de l\u2019\u00e9lectricit\u00e9 inject\u00e9e imm\u00e9diatement sur le r\u00e9seau.<\/p>\n\n\n\n<p>Le reste de la puissance install\u00e9e se concentre sur 7 barrages (17% de la puissance). La retenue d\u2019eau permet de moduler la production en fonction des besoins du r\u00e9seau.<\/p>\n\n\n\n<p>Les technologies install\u00e9es (turbines, roues, vis d\u2019Archim\u00e8de) et les tailles des installations sont tr\u00e8s variables. On trouve aussi bien d\u2019anciens moulins \u00e9quip\u00e9s avec quelques kW que des centrales de plusieurs MW install\u00e9es sur les voies navigables.<\/p>\n\n\n\n<h2 class=\"wp-block-heading\">Economie d&rsquo;\u00e9missions de CO2<\/h2>\n\n\n\n<p>Les productions de source renouvelable permettent de r\u00e9duire l\u2019usage des centrales fossiles (gaz, charbon) et donc nos \u00e9missions de gaz \u00e0 effet de serre.<\/p>\n\n\n\n<p>En Belgique, une centrale hydro\u00e9lectrique de petite puissance (10 kW) permet d\u2019\u00e9conomiser 6 tonnes de CO2 par an, soit l\u2019\u00e9quivalent de 31 000 km parcourus en voiture (sur base du mix \u00e9lectrique belge).<\/p>\n\n\n\n<h2 class=\"wp-block-heading\">Recyclage<\/h2>\n\n\n\n<p>La majorit\u00e9 des composants d\u2019une centrale hydro\u00e9lectrique sont recyclables : cuivre, fer, acier, aluminium, plastique, zinc, b\u00e9ton, &#8230;<\/p>\n\n\n\n<h2 class=\"wp-block-heading\">Intermittence<\/h2>\n\n\n\n<p>La production hydro\u00e9lectrique varie en fonction des quantit\u00e9s de pr\u00e9cipitations\u202fmais s\u2019av\u00e8re tr\u00e8s r\u00e9guli\u00e8re au cours d\u2019une journ\u00e9e et pr\u00e9visible.<\/p>\n\n\n\n<h2 class=\"wp-block-heading\">\u00ab\u00a0Terres rares\u00a0\u00bb<\/h2>\n\n\n\n<p>Les \u201cterres rares\u201d sont un ensemble de m\u00e9taux dont l\u2019extraction &#8211; principalement en Chine &#8211; est nocive pour l\u2019environnement et la sant\u00e9 humaine. Ces m\u00e9taux sont majoritairement utilis\u00e9s dans les pots catalytiques automobiles, les smartphones, les ordinateurs, les moteurs \u00e9lectriques, certains aimants permanents, &#8230;<\/p>\n\n\n\n<p>La majorit\u00e9 des turbines et g\u00e9n\u00e9ratrices hydro ne comportent pas d\u2019aimants permanents et fonctionnent donc sans \u201cterres rares\u201d.<\/p>\n\n\n\n<h2 class=\"wp-block-heading\">S\u00e9curit\u00e9 et maintenance<\/h2>\n\n\n\n<p>Les techniciens assurent la maintenance des installations hydro\u00e9lectriques plusieurs fois par an. On distingue la maintenance pr\u00e9dictive (graissages, v\u00e9rifications techniques, &#8230;) et les maintenances curatives qui sont r\u00e9alis\u00e9es suite \u00e0 des pannes.<\/p>\n\n\n\n<h2 class=\"wp-block-heading\">Co\u00fbt d&rsquo;installation<\/h2>\n\n\n\n<p>Les co\u00fbts d\u2019installation sont tr\u00e8s variables en fonction du type de site et de la puissance envisag\u00e9e. On compte un investissement entre 20\u202f000 \u20ac\/kW install\u00e9 pour les petites puissances et 3\u202f000 \u20ac\/kW install\u00e9 pour les centrales au-dessus du MW de puissance.<\/p>\n\n\n\n<h2 class=\"wp-block-heading\">Aides et primes<\/h2>\n\n\n\n<p>En Wallonie, le syst\u00e8me des certificats verts encourage la production d\u2019\u00e9lectricit\u00e9 d\u2019origine renouvelable et permet de rentabiliser les investissements.<\/p>\n\n\n\n<p>Ce m\u00e9canisme de soutien b\u00e9n\u00e9ficie tant aux d\u00e9veloppeurs priv\u00e9s qu\u2019aux coop\u00e9ratives citoyennes actives dans l\u2019hydro\u00e9lectricit\u00e9.<\/p>\n\n\n\n<p>Actuellement, les installations hydro\u00e9lectriques re\u00e7oivent, en fonction de leur puissance, entre 2,5 et 0,71 certificats verts par MWh produit pendant 20 ans.<\/p>\n\n\n\n<h2 class=\"wp-block-heading\">Impacts environnemental et social<\/h2>\n\n\n\n<p>Les installations hydro\u00e9lectriques peuvent avoir un impact sur les poissons dans les cours d\u2019eau sur lesquelles elles sont implant\u00e9es. Pour pr\u00e9server la vie piscicole, les gestionnaires de cours d\u2019eau veillent \u00e0 faire respecter un d\u00e9bit r\u00e9serv\u00e9 \u00e0 la rivi\u00e8re (d\u00e9bit non turbin\u00e9) et \u00e0 installer des dispositifs de franchissement \u00e0 la montaison (d\u2019aval en amont) et de d\u00e9valaison (d\u2019amont en aval) pour les poissons, afin de limiter les impacts des installations sur les d\u00e9placements et migrations de la faune.<\/p>\n","protected":false},"excerpt":{"rendered":"<p>La technologie hydro\u00e9lectrique exploite les cours d\u2019eau pour produire de l\u2019\u00e9lectricit\u00e9. En quelques mots Une centrale hydro\u00e9lectrique exploite l\u2019\u00e9nergie des flux d\u2019eau (rivi\u00e8re, fleuve) pour la transformer en \u00e9nergie m\u00e9canique puis en \u00e9lectricit\u00e9. Cette technologie produit donc une \u00e9lectricit\u00e9 de source renouvelable. La production est variable selon les quantit\u00e9s de pr\u00e9cipitations mais s\u2019av\u00e8re pr\u00e9visible. En Wallonie, la majorit\u00e9 des centrales se trouvent \u201cau fil de l\u2019eau\u201d mais il existe \u00e9galement des unit\u00e9s install\u00e9es sur des barrages. Des coop\u00e9ratives citoyennes sont actives dans l\u2019hydro\u00e9lectricit\u00e9. D\u00e9finition de la technologie Les centrales hydro\u00e9lectriques produisent de l\u2019\u00e9lectricit\u00e9 en transformant l\u2019\u00e9nergie hydraulique d\u2019une rivi\u00e8re. L\u2019\u00e9nergie hydraulique est pr\u00e9sente l\u00e0 o\u00f9 il y a de l\u2019eau en mouvement sous la forme d\u2019\u00e9nergie cin\u00e9tique ou au droit d\u2019une chute d\u2019eau sous la forme d\u2019\u00e9nergie gravitationnelle nomm\u00e9 aussi \u00e9nergie potentielle. Elle est proportionnelle au d\u00e9bit d\u2019eau et \u00e0 la hauteur de chute. Une centrale hydro\u00e9lectrique valorise un d\u00e9bit d\u2019eau sur une hauteur de chute. Elle se situe id\u00e9alement aux endroits de forte d\u00e9clivit\u00e9 du cours d\u2019eau afin de pouvoir disposer d\u2019une hauteur de chute suffisante. Celle-ci sera cr\u00e9\u00e9e \u00e0 l\u2019aide d\u2019un barrage permettant l\u2019alimentation d\u2019un canal de d\u00e9rivation vers une conduite forc\u00e9e. Le parc hydro\u00e9lectrique existant en Belgique est essentiellement compos\u00e9 de centrales au fil de l\u2019eau, c&rsquo;est-\u00e0-dire sans r\u00e9servoir d\u2019accumulation d&rsquo;eau (barrage cr\u00e9ant un lac artificiel). La plupart des centrales hydro\u00e9lectriques se situent sur les cours d\u2019eau qui pr\u00e9sentent une d\u00e9clivit\u00e9 exploitable, au droit des \u00e9cluses des voies navigables ou sur des ouvrages d\u2019art comme les barrages de r\u00e9gulation des cours d\u2019eau. D&rsquo;un point de vue technique, la transformation \u00e9nerg\u00e9tique est op\u00e9r\u00e9e par une turbine coupl\u00e9e \u00e0 une g\u00e9n\u00e9ratrice \u00e9lectrique. Les pales de la turbine transforment l\u2019\u00e9nergie du d\u00e9bit d\u2019eau en une \u00e9nergie m\u00e9canique de rotation. Celle-ci &hellip; <a href=\"https:\/\/www.renouvelle.be\/fr\/outils\/abc-de-lhydroelectricite\/\" class=\"more-link\">Continue reading<span class=\"screen-reader-text\"> \u00ab\u00a0ABC de l\u2019hydro\u00e9lectricit\u00e9\u00a0\u00bb<\/span><\/a><\/p>\n","protected":false},"author":2,"featured_media":9046,"parent":8975,"menu_order":3,"comment_status":"closed","ping_status":"closed","template":"","meta":{"_acf_changed":false,"footnotes":""},"class_list":["post-9045","page","type-page","status-publish","has-post-thumbnail","hentry"],"acf":[],"yoast_head":"<!-- This site is optimized with the Yoast SEO plugin v27.5 - https:\/\/yoast.com\/product\/yoast-seo-wordpress\/ -->\n<title>ABC de l\u2019hydro\u00e9lectricit\u00e9 - Renouvelle<\/title>\n<meta name=\"robots\" content=\"index, follow, max-snippet:-1, max-image-preview:large, max-video-preview:-1\" \/>\n<link rel=\"canonical\" href=\"https:\/\/www.renouvelle.be\/fr\/outils\/abc-de-lhydroelectricite\/\" \/>\n<meta property=\"og:locale\" content=\"fr_FR\" \/>\n<meta property=\"og:type\" content=\"article\" \/>\n<meta property=\"og:title\" content=\"ABC de l\u2019hydro\u00e9lectricit\u00e9 - Renouvelle\" \/>\n<meta property=\"og:description\" content=\"La technologie hydro\u00e9lectrique exploite les cours d\u2019eau pour produire de l\u2019\u00e9lectricit\u00e9. En quelques mots Une centrale hydro\u00e9lectrique exploite l\u2019\u00e9nergie des flux d\u2019eau (rivi\u00e8re, fleuve) pour la transformer en \u00e9nergie m\u00e9canique puis en \u00e9lectricit\u00e9. Cette technologie produit donc une \u00e9lectricit\u00e9 de source renouvelable. La production est variable selon les quantit\u00e9s de pr\u00e9cipitations mais s\u2019av\u00e8re pr\u00e9visible. En Wallonie, la majorit\u00e9 des centrales se trouvent \u201cau fil de l\u2019eau\u201d mais il existe \u00e9galement des unit\u00e9s install\u00e9es sur des barrages. Des coop\u00e9ratives citoyennes sont actives dans l\u2019hydro\u00e9lectricit\u00e9. D\u00e9finition de la technologie Les centrales hydro\u00e9lectriques produisent de l\u2019\u00e9lectricit\u00e9 en transformant l\u2019\u00e9nergie hydraulique d\u2019une rivi\u00e8re. L\u2019\u00e9nergie hydraulique est pr\u00e9sente l\u00e0 o\u00f9 il y a de l\u2019eau en mouvement sous la forme d\u2019\u00e9nergie cin\u00e9tique ou au droit d\u2019une chute d\u2019eau sous la forme d\u2019\u00e9nergie gravitationnelle nomm\u00e9 aussi \u00e9nergie potentielle. Elle est proportionnelle au d\u00e9bit d\u2019eau et \u00e0 la hauteur de chute. Une centrale hydro\u00e9lectrique valorise un d\u00e9bit d\u2019eau sur une hauteur de chute. Elle se situe id\u00e9alement aux endroits de forte d\u00e9clivit\u00e9 du cours d\u2019eau afin de pouvoir disposer d\u2019une hauteur de chute suffisante. Celle-ci sera cr\u00e9\u00e9e \u00e0 l\u2019aide d\u2019un barrage permettant l\u2019alimentation d\u2019un canal de d\u00e9rivation vers une conduite forc\u00e9e. Le parc hydro\u00e9lectrique existant en Belgique est essentiellement compos\u00e9 de centrales au fil de l\u2019eau, c&rsquo;est-\u00e0-dire sans r\u00e9servoir d\u2019accumulation d&rsquo;eau (barrage cr\u00e9ant un lac artificiel). La plupart des centrales hydro\u00e9lectriques se situent sur les cours d\u2019eau qui pr\u00e9sentent une d\u00e9clivit\u00e9 exploitable, au droit des \u00e9cluses des voies navigables ou sur des ouvrages d\u2019art comme les barrages de r\u00e9gulation des cours d\u2019eau. D&rsquo;un point de vue technique, la transformation \u00e9nerg\u00e9tique est op\u00e9r\u00e9e par une turbine coupl\u00e9e \u00e0 une g\u00e9n\u00e9ratrice \u00e9lectrique. Les pales de la turbine transforment l\u2019\u00e9nergie du d\u00e9bit d\u2019eau en une \u00e9nergie m\u00e9canique de rotation. Celle-ci &hellip; Continue reading &quot;ABC de l\u2019hydro\u00e9lectricit\u00e9&quot;\" \/>\n<meta property=\"og:url\" content=\"https:\/\/www.renouvelle.be\/fr\/outils\/abc-de-lhydroelectricite\/\" \/>\n<meta property=\"og:site_name\" content=\"Renouvelle\" \/>\n<meta property=\"article:modified_time\" content=\"2024-08-14T13:44:52+00:00\" \/>\n<meta property=\"og:image\" content=\"https:\/\/www.renouvelle.be\/wp-content\/uploads\/2023\/02\/Chute_et_vanne_horiz.jpg\" \/>\n\t<meta property=\"og:image:width\" content=\"600\" \/>\n\t<meta property=\"og:image:height\" content=\"450\" \/>\n\t<meta property=\"og:image:type\" content=\"image\/jpeg\" \/>\n<meta name=\"twitter:card\" content=\"summary_large_image\" \/>\n<script type=\"application\/ld+json\" class=\"yoast-schema-graph\">{\"@context\":\"https:\\\/\\\/schema.org\",\"@graph\":[{\"@type\":\"WebPage\",\"@id\":\"https:\\\/\\\/www.renouvelle.be\\\/fr\\\/outils\\\/abc-de-lhydroelectricite\\\/\",\"url\":\"https:\\\/\\\/www.renouvelle.be\\\/fr\\\/outils\\\/abc-de-lhydroelectricite\\\/\",\"name\":\"ABC de l\u2019hydro\u00e9lectricit\u00e9 - Renouvelle\",\"isPartOf\":{\"@id\":\"https:\\\/\\\/www.renouvelle.be\\\/fr\\\/#website\"},\"primaryImageOfPage\":{\"@id\":\"https:\\\/\\\/www.renouvelle.be\\\/fr\\\/outils\\\/abc-de-lhydroelectricite\\\/#primaryimage\"},\"image\":{\"@id\":\"https:\\\/\\\/www.renouvelle.be\\\/fr\\\/outils\\\/abc-de-lhydroelectricite\\\/#primaryimage\"},\"thumbnailUrl\":\"https:\\\/\\\/www.renouvelle.be\\\/wp-content\\\/uploads\\\/2023\\\/02\\\/Chute_et_vanne_horiz.jpg\",\"datePublished\":\"2023-02-23T09:54:00+00:00\",\"dateModified\":\"2024-08-14T13:44:52+00:00\",\"breadcrumb\":{\"@id\":\"https:\\\/\\\/www.renouvelle.be\\\/fr\\\/outils\\\/abc-de-lhydroelectricite\\\/#breadcrumb\"},\"inLanguage\":\"fr-FR\",\"potentialAction\":[{\"@type\":\"ReadAction\",\"target\":[\"https:\\\/\\\/www.renouvelle.be\\\/fr\\\/outils\\\/abc-de-lhydroelectricite\\\/\"]}]},{\"@type\":\"ImageObject\",\"inLanguage\":\"fr-FR\",\"@id\":\"https:\\\/\\\/www.renouvelle.be\\\/fr\\\/outils\\\/abc-de-lhydroelectricite\\\/#primaryimage\",\"url\":\"https:\\\/\\\/www.renouvelle.be\\\/wp-content\\\/uploads\\\/2023\\\/02\\\/Chute_et_vanne_horiz.jpg\",\"contentUrl\":\"https:\\\/\\\/www.renouvelle.be\\\/wp-content\\\/uploads\\\/2023\\\/02\\\/Chute_et_vanne_horiz.jpg\",\"width\":600,\"height\":450},{\"@type\":\"BreadcrumbList\",\"@id\":\"https:\\\/\\\/www.renouvelle.be\\\/fr\\\/outils\\\/abc-de-lhydroelectricite\\\/#breadcrumb\",\"itemListElement\":[{\"@type\":\"ListItem\",\"position\":1,\"name\":\"Accueil\",\"item\":\"https:\\\/\\\/www.renouvelle.be\\\/fr\\\/\"},{\"@type\":\"ListItem\",\"position\":2,\"name\":\"Outils\",\"item\":\"https:\\\/\\\/www.renouvelle.be\\\/fr\\\/outils\\\/\"},{\"@type\":\"ListItem\",\"position\":3,\"name\":\"ABC de l\u2019hydro\u00e9lectricit\u00e9\"}]},{\"@type\":\"WebSite\",\"@id\":\"https:\\\/\\\/www.renouvelle.be\\\/fr\\\/#website\",\"url\":\"https:\\\/\\\/www.renouvelle.be\\\/fr\\\/\",\"name\":\"Renouvelle\",\"description\":\"L&#039;actualit\u00e9 de l&#039;\u00e9nergie durable\",\"potentialAction\":[{\"@type\":\"SearchAction\",\"target\":{\"@type\":\"EntryPoint\",\"urlTemplate\":\"https:\\\/\\\/www.renouvelle.be\\\/fr\\\/?s={search_term_string}\"},\"query-input\":{\"@type\":\"PropertyValueSpecification\",\"valueRequired\":true,\"valueName\":\"search_term_string\"}}],\"inLanguage\":\"fr-FR\"}]}<\/script>\n<!-- \/ Yoast SEO plugin. -->","yoast_head_json":{"title":"ABC de l\u2019hydro\u00e9lectricit\u00e9 - Renouvelle","robots":{"index":"index","follow":"follow","max-snippet":"max-snippet:-1","max-image-preview":"max-image-preview:large","max-video-preview":"max-video-preview:-1"},"canonical":"https:\/\/www.renouvelle.be\/fr\/outils\/abc-de-lhydroelectricite\/","og_locale":"fr_FR","og_type":"article","og_title":"ABC de l\u2019hydro\u00e9lectricit\u00e9 - Renouvelle","og_description":"La technologie hydro\u00e9lectrique exploite les cours d\u2019eau pour produire de l\u2019\u00e9lectricit\u00e9. En quelques mots Une centrale hydro\u00e9lectrique exploite l\u2019\u00e9nergie des flux d\u2019eau (rivi\u00e8re, fleuve) pour la transformer en \u00e9nergie m\u00e9canique puis en \u00e9lectricit\u00e9. Cette technologie produit donc une \u00e9lectricit\u00e9 de source renouvelable. La production est variable selon les quantit\u00e9s de pr\u00e9cipitations mais s\u2019av\u00e8re pr\u00e9visible. En Wallonie, la majorit\u00e9 des centrales se trouvent \u201cau fil de l\u2019eau\u201d mais il existe \u00e9galement des unit\u00e9s install\u00e9es sur des barrages. Des coop\u00e9ratives citoyennes sont actives dans l\u2019hydro\u00e9lectricit\u00e9. D\u00e9finition de la technologie Les centrales hydro\u00e9lectriques produisent de l\u2019\u00e9lectricit\u00e9 en transformant l\u2019\u00e9nergie hydraulique d\u2019une rivi\u00e8re. L\u2019\u00e9nergie hydraulique est pr\u00e9sente l\u00e0 o\u00f9 il y a de l\u2019eau en mouvement sous la forme d\u2019\u00e9nergie cin\u00e9tique ou au droit d\u2019une chute d\u2019eau sous la forme d\u2019\u00e9nergie gravitationnelle nomm\u00e9 aussi \u00e9nergie potentielle. Elle est proportionnelle au d\u00e9bit d\u2019eau et \u00e0 la hauteur de chute. Une centrale hydro\u00e9lectrique valorise un d\u00e9bit d\u2019eau sur une hauteur de chute. Elle se situe id\u00e9alement aux endroits de forte d\u00e9clivit\u00e9 du cours d\u2019eau afin de pouvoir disposer d\u2019une hauteur de chute suffisante. Celle-ci sera cr\u00e9\u00e9e \u00e0 l\u2019aide d\u2019un barrage permettant l\u2019alimentation d\u2019un canal de d\u00e9rivation vers une conduite forc\u00e9e. Le parc hydro\u00e9lectrique existant en Belgique est essentiellement compos\u00e9 de centrales au fil de l\u2019eau, c&rsquo;est-\u00e0-dire sans r\u00e9servoir d\u2019accumulation d&rsquo;eau (barrage cr\u00e9ant un lac artificiel). La plupart des centrales hydro\u00e9lectriques se situent sur les cours d\u2019eau qui pr\u00e9sentent une d\u00e9clivit\u00e9 exploitable, au droit des \u00e9cluses des voies navigables ou sur des ouvrages d\u2019art comme les barrages de r\u00e9gulation des cours d\u2019eau. D&rsquo;un point de vue technique, la transformation \u00e9nerg\u00e9tique est op\u00e9r\u00e9e par une turbine coupl\u00e9e \u00e0 une g\u00e9n\u00e9ratrice \u00e9lectrique. Les pales de la turbine transforment l\u2019\u00e9nergie du d\u00e9bit d\u2019eau en une \u00e9nergie m\u00e9canique de rotation. Celle-ci &hellip; Continue reading \"ABC de l\u2019hydro\u00e9lectricit\u00e9\"","og_url":"https:\/\/www.renouvelle.be\/fr\/outils\/abc-de-lhydroelectricite\/","og_site_name":"Renouvelle","article_modified_time":"2024-08-14T13:44:52+00:00","og_image":[{"width":600,"height":450,"url":"https:\/\/www.renouvelle.be\/wp-content\/uploads\/2023\/02\/Chute_et_vanne_horiz.jpg","type":"image\/jpeg"}],"twitter_card":"summary_large_image","schema":{"@context":"https:\/\/schema.org","@graph":[{"@type":"WebPage","@id":"https:\/\/www.renouvelle.be\/fr\/outils\/abc-de-lhydroelectricite\/","url":"https:\/\/www.renouvelle.be\/fr\/outils\/abc-de-lhydroelectricite\/","name":"ABC de l\u2019hydro\u00e9lectricit\u00e9 - Renouvelle","isPartOf":{"@id":"https:\/\/www.renouvelle.be\/fr\/#website"},"primaryImageOfPage":{"@id":"https:\/\/www.renouvelle.be\/fr\/outils\/abc-de-lhydroelectricite\/#primaryimage"},"image":{"@id":"https:\/\/www.renouvelle.be\/fr\/outils\/abc-de-lhydroelectricite\/#primaryimage"},"thumbnailUrl":"https:\/\/www.renouvelle.be\/wp-content\/uploads\/2023\/02\/Chute_et_vanne_horiz.jpg","datePublished":"2023-02-23T09:54:00+00:00","dateModified":"2024-08-14T13:44:52+00:00","breadcrumb":{"@id":"https:\/\/www.renouvelle.be\/fr\/outils\/abc-de-lhydroelectricite\/#breadcrumb"},"inLanguage":"fr-FR","potentialAction":[{"@type":"ReadAction","target":["https:\/\/www.renouvelle.be\/fr\/outils\/abc-de-lhydroelectricite\/"]}]},{"@type":"ImageObject","inLanguage":"fr-FR","@id":"https:\/\/www.renouvelle.be\/fr\/outils\/abc-de-lhydroelectricite\/#primaryimage","url":"https:\/\/www.renouvelle.be\/wp-content\/uploads\/2023\/02\/Chute_et_vanne_horiz.jpg","contentUrl":"https:\/\/www.renouvelle.be\/wp-content\/uploads\/2023\/02\/Chute_et_vanne_horiz.jpg","width":600,"height":450},{"@type":"BreadcrumbList","@id":"https:\/\/www.renouvelle.be\/fr\/outils\/abc-de-lhydroelectricite\/#breadcrumb","itemListElement":[{"@type":"ListItem","position":1,"name":"Accueil","item":"https:\/\/www.renouvelle.be\/fr\/"},{"@type":"ListItem","position":2,"name":"Outils","item":"https:\/\/www.renouvelle.be\/fr\/outils\/"},{"@type":"ListItem","position":3,"name":"ABC de l\u2019hydro\u00e9lectricit\u00e9"}]},{"@type":"WebSite","@id":"https:\/\/www.renouvelle.be\/fr\/#website","url":"https:\/\/www.renouvelle.be\/fr\/","name":"Renouvelle","description":"L&#039;actualit\u00e9 de l&#039;\u00e9nergie durable","potentialAction":[{"@type":"SearchAction","target":{"@type":"EntryPoint","urlTemplate":"https:\/\/www.renouvelle.be\/fr\/?s={search_term_string}"},"query-input":{"@type":"PropertyValueSpecification","valueRequired":true,"valueName":"search_term_string"}}],"inLanguage":"fr-FR"}]}},"_links":{"self":[{"href":"https:\/\/www.renouvelle.be\/fr\/wp-json\/wp\/v2\/pages\/9045","targetHints":{"allow":["GET"]}}],"collection":[{"href":"https:\/\/www.renouvelle.be\/fr\/wp-json\/wp\/v2\/pages"}],"about":[{"href":"https:\/\/www.renouvelle.be\/fr\/wp-json\/wp\/v2\/types\/page"}],"author":[{"embeddable":true,"href":"https:\/\/www.renouvelle.be\/fr\/wp-json\/wp\/v2\/users\/2"}],"replies":[{"embeddable":true,"href":"https:\/\/www.renouvelle.be\/fr\/wp-json\/wp\/v2\/comments?post=9045"}],"version-history":[{"count":2,"href":"https:\/\/www.renouvelle.be\/fr\/wp-json\/wp\/v2\/pages\/9045\/revisions"}],"predecessor-version":[{"id":9051,"href":"https:\/\/www.renouvelle.be\/fr\/wp-json\/wp\/v2\/pages\/9045\/revisions\/9051"}],"up":[{"embeddable":true,"href":"https:\/\/www.renouvelle.be\/fr\/wp-json\/wp\/v2\/pages\/8975"}],"wp:featuredmedia":[{"embeddable":true,"href":"https:\/\/www.renouvelle.be\/fr\/wp-json\/wp\/v2\/media\/9046"}],"wp:attachment":[{"href":"https:\/\/www.renouvelle.be\/fr\/wp-json\/wp\/v2\/media?parent=9045"}],"curies":[{"name":"wp","href":"https:\/\/api.w.org\/{rel}","templated":true}]}}