{"id":9038,"date":"2023-02-23T10:52:13","date_gmt":"2023-02-23T09:52:13","guid":{"rendered":"https:\/\/www.renouvelle.be\/?page_id=9038"},"modified":"2024-08-14T15:45:17","modified_gmt":"2024-08-14T13:45:17","slug":"abc-du-solaire-thermique","status":"publish","type":"page","link":"https:\/\/www.renouvelle.be\/fr\/outils\/abc-du-solaire-thermique\/","title":{"rendered":"ABC du solaire thermique"},"content":{"rendered":"\n<p><strong>La technologie solaire thermique convertit l\u2019\u00e9nergie du soleil en chaleur.<\/strong><\/p>\n\n\n\n<h2 class=\"wp-block-heading\">En quelques mots<\/h2>\n\n\n\n<p>En une heure, le soleil fournit \u00e0 la Terre une quantit\u00e9 d\u2019\u00e9nergie sup\u00e9rieure \u00e0 celle que le monde entier consomme en moyenne pendant une ann\u00e9e.<\/p>\n\n\n\n<p>Deux technologies diff\u00e9rentes permettent de transformer l\u2019\u00e9nergie solaire en \u00e9nergie utile :<\/p>\n\n\n\n<ul class=\"wp-block-list\">\n<li>Les syst\u00e8mes photovolta\u00efques captent le rayonnement lumineux pour produire de l\u2019\u00e9lectricit\u00e9.<br>&gt;&nbsp;<a href=\"https:\/\/energiecommune.be\/documentation\/solaire-photovoltaique\">Consulter l&rsquo;ABC du photovolta\u00efque<\/a><\/li>\n\n\n\n<li>Les capteurs solaires thermiques transforment la lumi\u00e8re du soleil en chaleur.<\/li>\n<\/ul>\n\n\n\n<p>L\u2019application la plus fr\u00e9quente est le chauffe-eau solaire pour produire l\u2019eau chaude sanitaire d\u2019un b\u00e2timent (logement, entreprise, &#8230;). Cette technologie permet \u00e9galement de chauffer l\u2019eau d\u2019une piscine.<\/p>\n\n\n\n<p>Les m\u00e9nages qui souhaitent s\u2019\u00e9quiper doivent cependant \u00e9valuer la rentabilit\u00e9 d\u2019un tel investissement par rapport \u00e0 d\u2019autres technologies (chaudi\u00e8re au gaz, PVheater, \u2026).<\/p>\n\n\n\n<figure class=\"wp-block-image size-full\"><img loading=\"lazy\" decoding=\"async\" width=\"600\" height=\"400\" src=\"https:\/\/www.renouvelle.be\/wp-content\/uploads\/2023\/02\/sol-therm-600x400-1.jpg\" alt=\"\" class=\"wp-image-9041\" title=\"Solar water heater on the roof\" srcset=\"https:\/\/www.renouvelle.be\/wp-content\/uploads\/2023\/02\/sol-therm-600x400-1.jpg 600w, https:\/\/www.renouvelle.be\/wp-content\/uploads\/2023\/02\/sol-therm-600x400-1-300x200.jpg 300w\" sizes=\"auto, (max-width: 600px) 100vw, 600px\" \/><\/figure>\n\n\n\n<h2 class=\"wp-block-heading\">D\u00e9finition de la technologie<\/h2>\n\n\n\n<p>La technologie solaire thermique permet un usage direct de la chaleur du soleil pour chauffer de l\u2019eau chaude sanitaire (91% des usages en Europe) ou bien pour le chauffage domestique et industriel. Il existe aussi des usages indirects comme la production de froid mais ces utilisations ne sont pas appliqu\u00e9es en Belgique.<\/p>\n\n\n\n<p>Comment \u00e7a marche ?<\/p>\n\n\n\n<p>Le panneau utilise des capteurs thermiques qui absorbent les photons de la lumi\u00e8re et les convertit en chaleur utilisable. Cette chaleur est transmise \u00e0 un fluide caloporteur liquide ou gazeux qui circule \u00e0 travers le capteur et restitue efficacement de la chaleur ou du froid.<\/p>\n\n\n\n<h2 class=\"wp-block-heading\">Dette \u00e9nerg\u00e9tique<\/h2>\n\n\n\n<p>La dette \u00e9nerg\u00e9tique d\u2019un objet repr\u00e9sente l\u2019\u00e9nergie qu\u2019il a fallu consommer pour le fabriquer.<\/p>\n\n\n\n<p>Dans le cas des syst\u00e8mes renouvelables, cette dette int\u00e8gre toutes les \u00e9tapes : construction, assemblage, transport vers le site de production, recyclage des d\u00e9chets en fin de vie, \u2026<\/p>\n\n\n\n<p>Mais contrairement aux \u00e9nergies fossiles et nucl\u00e9aires &#8211; qui consomment des combustibles toute leur vie -, les \u00e9nergies renouvelables ont la capacit\u00e9 de rembourser cette dette \u00e9nerg\u00e9tique. En effet, les syst\u00e8mes renouvelables vont d\u2019abord produire l\u2019\u00e9nergie qu\u2019il a fallu consommer pour les fabriquer et les rendre op\u00e9rationnels. Ils produiront ensuite une \u00e9nergie 100% propre durant toute leur vie.<\/p>\n\n\n\n<p>Un syst\u00e8me solaire thermique rembourse sa dette \u00e9nerg\u00e9tique en 1 ou 2 ans d\u2019utilisation suivant la localisation g\u00e9ographique et le type de syst\u00e8me de panneau utilis\u00e9 (vitr\u00e9 ou sous vide).<\/p>\n\n\n\n<h2 class=\"wp-block-heading\">Dur\u00e9e de vie<\/h2>\n\n\n\n<p>Les professionnels consid\u00e8rent que les panneaux solaires thermiques peuvent fonctionner de mani\u00e8re optimale durant 25 ans.<\/p>\n\n\n\n<h2 class=\"wp-block-heading\">Production<\/h2>\n\n\n\n<p>Les rendements des panneaux sont conditionn\u00e9s par :<\/p>\n\n\n\n<ul class=\"wp-block-list\">\n<li>la diff\u00e9rence de temp\u00e9rature entre la source froide (au niveau des capteurs) et l\u2019eau chaude que l\u2019on souhaite obtenir (robinets, douche, \u2026).<\/li>\n\n\n\n<li>le type de capteurs utilis\u00e9 (capteurs plans vitr\u00e9s ou non, tubes sous vides).<\/li>\n<\/ul>\n\n\n\n<p>La meilleure technologie (tubes sous vide) offre un rendement de 70%, m\u00eame avec un \u00e9cart de temp\u00e9rature de 60\u00b0 (T\u00b0 capteur 0\u00b0, T\u00b0 ballon 60\u00b0).<br>Pour une maison unifamiliale, un syst\u00e8me correctement con\u00e7u devrait couvrir 60% de la consommation annuelle d\u2019eau chaude (mais avec une grande variation saisonni\u00e8re : souvent 100% en \u00e9t\u00e9, mais plus faible en hiver).<\/p>\n\n\n\n<h2 class=\"wp-block-heading\">Nombre d&rsquo;exploitations en Belgique<\/h2>\n\n\n\n<p>Plus de 44 millions de m\u00b2 de panneaux solaires sont d\u00e9j\u00e0 install\u00e9s en Europe &#8211; principalement dans les pays&#8230;. du Nord !<\/p>\n\n\n\n<p>En Belgique, la surface totale de panneaux solaires thermiques atteignait 751 000 m\u00b2 en 2017 (derniers chiffres disponibles), principalement en Flandre.<\/p>\n\n\n\n<h2 class=\"wp-block-heading\">Economie d&rsquo;\u00e9missions de CO2<\/h2>\n\n\n\n<p>En Belgique, un syst\u00e8me solaire thermique (4 m2) permet d\u2019\u00e9conomiser 320 kg de CO2 par an soit l\u2019\u00e9quivalent de 1684 km parcourus en voiture compar\u00e9 \u00e0 une chaudi\u00e8re au gaz naturel classique. Pour une chaudi\u00e8re au mazout, le syst\u00e8me solaire permet d\u2019\u00e9conomiser 420 kg de CO2 par an soit l\u2019\u00e9quivalent de 2 210km en voiture !<\/p>\n\n\n\n<h2 class=\"wp-block-heading\">Recyclage<\/h2>\n\n\n\n<p>Le taux de recyclage est tr\u00e8s \u00e9lev\u00e9 et approche 90%. La tr\u00e8s grande majorit\u00e9 des panneaux solaires thermiques sont principalement compos\u00e9s de verre, d\u2019aluminium, de plastiques et de cuivre, des mat\u00e9riaux recyclables \u00e0 100%. Contrairement au photovolta\u00efque, le solaire thermique comporte peu d\u2019\u00e9l\u00e9ments composites, plus difficile \u00e0 recycler.<\/p>\n\n\n\n<p>Les mat\u00e9riaux recycl\u00e9s serviront \u00e0 produire de nouveaux panneaux ou fourniront des mati\u00e8res premi\u00e8res \u00e0 l\u2019industrie (m\u00e9taux).<\/p>\n\n\n\n<h2 class=\"wp-block-heading\">Intermittence<\/h2>\n\n\n\n<p>La production solaire thermique varie selon la pr\u00e9sence &#8211; ou non \u2013 de rayonnement lumineux (soleil, nuages, nuit).<\/p>\n\n\n\n<p>Sous le climat belge, la variation saisonni\u00e8re est importante : production \u00e9lev\u00e9e en \u00e9t\u00e9, faible en hiver.<\/p>\n\n\n\n<h2 class=\"wp-block-heading\">\u00ab\u00a0Terres rares\u00a0\u00bb<\/h2>\n\n\n\n<p>Les panneaux solaires thermiques ne comportent pas de \u00ab terres rares \u00bb (m\u00e9taux dont l\u2019extraction et le raffinage sont polluants).<\/p>\n\n\n\n<h2 class=\"wp-block-heading\">S\u00e9curit\u00e9 et maintenance<\/h2>\n\n\n\n<p>Les installations solaires thermiques n\u00e9cessitent une maintenance limit\u00e9e : 1 fois tous les 3 \u00e0 4 ans.<\/p>\n\n\n\n<h2 class=\"wp-block-heading\">Co\u00fbt d&rsquo;installation<\/h2>\n\n\n\n<p>Une installation solaire thermique standard de 4 m2 co\u00fbte entre 4.300\u20ac et 5.300\u20ac.<\/p>\n\n\n\n<p>Cependant, il faut garder \u00e0 l\u2019esprit qu\u2019un appoint sera toujours n\u00e9cessaire pour produire l\u2019eau chaude lors des journ\u00e9es peu ensoleill\u00e9es, notamment en hiver.<\/p>\n\n\n\n<p>Si cet appoint est couvert par du mazout ou du gaz, l\u2019\u00e9conomie sera sans doute peu int\u00e9ressante car les prix de ces combustibles sont comp\u00e9titifs.<\/p>\n\n\n\n<p>Par contre, si l\u2019installation solaire vient r\u00e9duire l\u2019usage d\u2019un boiler \u00e9lectrique, l\u2019\u00e9conomie sera tr\u00e8s int\u00e9ressante car le prix de l\u2019\u00e9lectricit\u00e9 est \u00e9lev\u00e9.<\/p>\n\n\n\n<p>N\u00e9anmoins, cet appoint peut aussi \u00eatre produit par \u00e0 une \u00e9nergie renouvelable gr\u00e2ce \u00e0 un PVheater (eau chauff\u00e9e par l\u2019\u00e9lectricit\u00e9 solaire) ou une chaudi\u00e8re au bois ou \u00e0 pellets.<\/p>\n\n\n\n<h2 class=\"wp-block-heading\">Aide et primes<\/h2>\n\n\n\n<p>La Wallonie et la R\u00e9gion bruxelloise octroient une prime pour l\u2019acquisition d\u2019un chauffe-eau solaire.<\/p>\n\n\n\n<h2 class=\"wp-block-heading\">Impacts environnemental et social<\/h2>\n\n\n\n<p>Les installations solaires thermiques s\u2019int\u00e8grent facilement sur les toits de b\u00e2timents (maisons, immeubles, entreprises, \u00e9coles, \u2026) ou au sol \u00e0 proximit\u00e9 d\u2019une piscine par exemple.<\/p>\n\n\n\n<h2 class=\"wp-block-heading\">Pour aller plus loin<\/h2>\n\n\n\n<ul class=\"wp-block-list\">\n<li><a href=\"https:\/\/energiecommune.be\/statistique\/solaire-thermique\/\">Observatoire solaire thermique<\/a>&nbsp;<\/li>\n<\/ul>\n","protected":false},"excerpt":{"rendered":"<p>La technologie solaire thermique convertit l\u2019\u00e9nergie du soleil en chaleur. En quelques mots En une heure, le soleil fournit \u00e0 la Terre une quantit\u00e9 d\u2019\u00e9nergie sup\u00e9rieure \u00e0 celle que le monde entier consomme en moyenne pendant une ann\u00e9e. Deux technologies diff\u00e9rentes permettent de transformer l\u2019\u00e9nergie solaire en \u00e9nergie utile : L\u2019application la plus fr\u00e9quente est le chauffe-eau solaire pour produire l\u2019eau chaude sanitaire d\u2019un b\u00e2timent (logement, entreprise, &#8230;). Cette technologie permet \u00e9galement de chauffer l\u2019eau d\u2019une piscine. Les m\u00e9nages qui souhaitent s\u2019\u00e9quiper doivent cependant \u00e9valuer la rentabilit\u00e9 d\u2019un tel investissement par rapport \u00e0 d\u2019autres technologies (chaudi\u00e8re au gaz, PVheater, \u2026). D\u00e9finition de la technologie La technologie solaire thermique permet un usage direct de la chaleur du soleil pour chauffer de l\u2019eau chaude sanitaire (91% des usages en Europe) ou bien pour le chauffage domestique et industriel. Il existe aussi des usages indirects comme la production de froid mais ces utilisations ne sont pas appliqu\u00e9es en Belgique. Comment \u00e7a marche ? Le panneau utilise des capteurs thermiques qui absorbent les photons de la lumi\u00e8re et les convertit en chaleur utilisable. Cette chaleur est transmise \u00e0 un fluide caloporteur liquide ou gazeux qui circule \u00e0 travers le capteur et restitue efficacement de la chaleur ou du froid. Dette \u00e9nerg\u00e9tique La dette \u00e9nerg\u00e9tique d\u2019un objet repr\u00e9sente l\u2019\u00e9nergie qu\u2019il a fallu consommer pour le fabriquer. Dans le cas des syst\u00e8mes renouvelables, cette dette int\u00e8gre toutes les \u00e9tapes : construction, assemblage, transport vers le site de production, recyclage des d\u00e9chets en fin de vie, \u2026 Mais contrairement aux \u00e9nergies fossiles et nucl\u00e9aires &#8211; qui consomment des combustibles toute leur vie -, les \u00e9nergies renouvelables ont la capacit\u00e9 de rembourser cette dette \u00e9nerg\u00e9tique. En effet, les syst\u00e8mes renouvelables vont d\u2019abord produire l\u2019\u00e9nergie qu\u2019il a fallu consommer &hellip; <a href=\"https:\/\/www.renouvelle.be\/fr\/outils\/abc-du-solaire-thermique\/\" class=\"more-link\">Continue reading<span class=\"screen-reader-text\"> \u00ab\u00a0ABC du solaire thermique\u00a0\u00bb<\/span><\/a><\/p>\n","protected":false},"author":2,"featured_media":9039,"parent":8975,"menu_order":5,"comment_status":"closed","ping_status":"closed","template":"","meta":{"_acf_changed":false,"footnotes":""},"class_list":["post-9038","page","type-page","status-publish","has-post-thumbnail","hentry"],"acf":[],"yoast_head":"<!-- This site is optimized with the Yoast SEO plugin v27.5 - https:\/\/yoast.com\/product\/yoast-seo-wordpress\/ -->\n<title>ABC du solaire thermique - Renouvelle<\/title>\n<meta name=\"robots\" content=\"index, follow, max-snippet:-1, max-image-preview:large, max-video-preview:-1\" \/>\n<link rel=\"canonical\" href=\"https:\/\/www.renouvelle.be\/fr\/outils\/abc-du-solaire-thermique\/\" \/>\n<meta property=\"og:locale\" content=\"fr_FR\" \/>\n<meta property=\"og:type\" content=\"article\" \/>\n<meta property=\"og:title\" content=\"ABC du solaire thermique - Renouvelle\" \/>\n<meta property=\"og:description\" content=\"La technologie solaire thermique convertit l\u2019\u00e9nergie du soleil en chaleur. En quelques mots En une heure, le soleil fournit \u00e0 la Terre une quantit\u00e9 d\u2019\u00e9nergie sup\u00e9rieure \u00e0 celle que le monde entier consomme en moyenne pendant une ann\u00e9e. Deux technologies diff\u00e9rentes permettent de transformer l\u2019\u00e9nergie solaire en \u00e9nergie utile : L\u2019application la plus fr\u00e9quente est le chauffe-eau solaire pour produire l\u2019eau chaude sanitaire d\u2019un b\u00e2timent (logement, entreprise, &#8230;). Cette technologie permet \u00e9galement de chauffer l\u2019eau d\u2019une piscine. Les m\u00e9nages qui souhaitent s\u2019\u00e9quiper doivent cependant \u00e9valuer la rentabilit\u00e9 d\u2019un tel investissement par rapport \u00e0 d\u2019autres technologies (chaudi\u00e8re au gaz, PVheater, \u2026). D\u00e9finition de la technologie La technologie solaire thermique permet un usage direct de la chaleur du soleil pour chauffer de l\u2019eau chaude sanitaire (91% des usages en Europe) ou bien pour le chauffage domestique et industriel. Il existe aussi des usages indirects comme la production de froid mais ces utilisations ne sont pas appliqu\u00e9es en Belgique. Comment \u00e7a marche ? Le panneau utilise des capteurs thermiques qui absorbent les photons de la lumi\u00e8re et les convertit en chaleur utilisable. Cette chaleur est transmise \u00e0 un fluide caloporteur liquide ou gazeux qui circule \u00e0 travers le capteur et restitue efficacement de la chaleur ou du froid. Dette \u00e9nerg\u00e9tique La dette \u00e9nerg\u00e9tique d\u2019un objet repr\u00e9sente l\u2019\u00e9nergie qu\u2019il a fallu consommer pour le fabriquer. Dans le cas des syst\u00e8mes renouvelables, cette dette int\u00e8gre toutes les \u00e9tapes : construction, assemblage, transport vers le site de production, recyclage des d\u00e9chets en fin de vie, \u2026 Mais contrairement aux \u00e9nergies fossiles et nucl\u00e9aires &#8211; qui consomment des combustibles toute leur vie -, les \u00e9nergies renouvelables ont la capacit\u00e9 de rembourser cette dette \u00e9nerg\u00e9tique. En effet, les syst\u00e8mes renouvelables vont d\u2019abord produire l\u2019\u00e9nergie qu\u2019il a fallu consommer &hellip; Continue reading &quot;ABC du solaire thermique&quot;\" \/>\n<meta property=\"og:url\" content=\"https:\/\/www.renouvelle.be\/fr\/outils\/abc-du-solaire-thermique\/\" \/>\n<meta property=\"og:site_name\" content=\"Renouvelle\" \/>\n<meta property=\"article:modified_time\" content=\"2024-08-14T13:45:17+00:00\" \/>\n<meta property=\"og:image\" content=\"https:\/\/www.renouvelle.be\/wp-content\/uploads\/2023\/02\/solaire-thermique.jpg\" \/>\n\t<meta property=\"og:image:width\" content=\"600\" \/>\n\t<meta property=\"og:image:height\" content=\"400\" \/>\n\t<meta property=\"og:image:type\" content=\"image\/jpeg\" \/>\n<meta name=\"twitter:card\" content=\"summary_large_image\" \/>\n<script type=\"application\/ld+json\" class=\"yoast-schema-graph\">{\"@context\":\"https:\\\/\\\/schema.org\",\"@graph\":[{\"@type\":\"WebPage\",\"@id\":\"https:\\\/\\\/www.renouvelle.be\\\/fr\\\/outils\\\/abc-du-solaire-thermique\\\/\",\"url\":\"https:\\\/\\\/www.renouvelle.be\\\/fr\\\/outils\\\/abc-du-solaire-thermique\\\/\",\"name\":\"ABC du solaire thermique - Renouvelle\",\"isPartOf\":{\"@id\":\"https:\\\/\\\/www.renouvelle.be\\\/fr\\\/#website\"},\"primaryImageOfPage\":{\"@id\":\"https:\\\/\\\/www.renouvelle.be\\\/fr\\\/outils\\\/abc-du-solaire-thermique\\\/#primaryimage\"},\"image\":{\"@id\":\"https:\\\/\\\/www.renouvelle.be\\\/fr\\\/outils\\\/abc-du-solaire-thermique\\\/#primaryimage\"},\"thumbnailUrl\":\"https:\\\/\\\/www.renouvelle.be\\\/wp-content\\\/uploads\\\/2023\\\/02\\\/solaire-thermique.jpg\",\"datePublished\":\"2023-02-23T09:52:13+00:00\",\"dateModified\":\"2024-08-14T13:45:17+00:00\",\"breadcrumb\":{\"@id\":\"https:\\\/\\\/www.renouvelle.be\\\/fr\\\/outils\\\/abc-du-solaire-thermique\\\/#breadcrumb\"},\"inLanguage\":\"fr-FR\",\"potentialAction\":[{\"@type\":\"ReadAction\",\"target\":[\"https:\\\/\\\/www.renouvelle.be\\\/fr\\\/outils\\\/abc-du-solaire-thermique\\\/\"]}]},{\"@type\":\"ImageObject\",\"inLanguage\":\"fr-FR\",\"@id\":\"https:\\\/\\\/www.renouvelle.be\\\/fr\\\/outils\\\/abc-du-solaire-thermique\\\/#primaryimage\",\"url\":\"https:\\\/\\\/www.renouvelle.be\\\/wp-content\\\/uploads\\\/2023\\\/02\\\/solaire-thermique.jpg\",\"contentUrl\":\"https:\\\/\\\/www.renouvelle.be\\\/wp-content\\\/uploads\\\/2023\\\/02\\\/solaire-thermique.jpg\",\"width\":600,\"height\":400},{\"@type\":\"BreadcrumbList\",\"@id\":\"https:\\\/\\\/www.renouvelle.be\\\/fr\\\/outils\\\/abc-du-solaire-thermique\\\/#breadcrumb\",\"itemListElement\":[{\"@type\":\"ListItem\",\"position\":1,\"name\":\"Accueil\",\"item\":\"https:\\\/\\\/www.renouvelle.be\\\/fr\\\/\"},{\"@type\":\"ListItem\",\"position\":2,\"name\":\"Outils\",\"item\":\"https:\\\/\\\/www.renouvelle.be\\\/fr\\\/outils\\\/\"},{\"@type\":\"ListItem\",\"position\":3,\"name\":\"ABC du solaire thermique\"}]},{\"@type\":\"WebSite\",\"@id\":\"https:\\\/\\\/www.renouvelle.be\\\/fr\\\/#website\",\"url\":\"https:\\\/\\\/www.renouvelle.be\\\/fr\\\/\",\"name\":\"Renouvelle\",\"description\":\"L&#039;actualit\u00e9 de l&#039;\u00e9nergie durable\",\"potentialAction\":[{\"@type\":\"SearchAction\",\"target\":{\"@type\":\"EntryPoint\",\"urlTemplate\":\"https:\\\/\\\/www.renouvelle.be\\\/fr\\\/?s={search_term_string}\"},\"query-input\":{\"@type\":\"PropertyValueSpecification\",\"valueRequired\":true,\"valueName\":\"search_term_string\"}}],\"inLanguage\":\"fr-FR\"}]}<\/script>\n<!-- \/ Yoast SEO plugin. -->","yoast_head_json":{"title":"ABC du solaire thermique - Renouvelle","robots":{"index":"index","follow":"follow","max-snippet":"max-snippet:-1","max-image-preview":"max-image-preview:large","max-video-preview":"max-video-preview:-1"},"canonical":"https:\/\/www.renouvelle.be\/fr\/outils\/abc-du-solaire-thermique\/","og_locale":"fr_FR","og_type":"article","og_title":"ABC du solaire thermique - Renouvelle","og_description":"La technologie solaire thermique convertit l\u2019\u00e9nergie du soleil en chaleur. En quelques mots En une heure, le soleil fournit \u00e0 la Terre une quantit\u00e9 d\u2019\u00e9nergie sup\u00e9rieure \u00e0 celle que le monde entier consomme en moyenne pendant une ann\u00e9e. Deux technologies diff\u00e9rentes permettent de transformer l\u2019\u00e9nergie solaire en \u00e9nergie utile : L\u2019application la plus fr\u00e9quente est le chauffe-eau solaire pour produire l\u2019eau chaude sanitaire d\u2019un b\u00e2timent (logement, entreprise, &#8230;). Cette technologie permet \u00e9galement de chauffer l\u2019eau d\u2019une piscine. Les m\u00e9nages qui souhaitent s\u2019\u00e9quiper doivent cependant \u00e9valuer la rentabilit\u00e9 d\u2019un tel investissement par rapport \u00e0 d\u2019autres technologies (chaudi\u00e8re au gaz, PVheater, \u2026). D\u00e9finition de la technologie La technologie solaire thermique permet un usage direct de la chaleur du soleil pour chauffer de l\u2019eau chaude sanitaire (91% des usages en Europe) ou bien pour le chauffage domestique et industriel. Il existe aussi des usages indirects comme la production de froid mais ces utilisations ne sont pas appliqu\u00e9es en Belgique. Comment \u00e7a marche ? Le panneau utilise des capteurs thermiques qui absorbent les photons de la lumi\u00e8re et les convertit en chaleur utilisable. Cette chaleur est transmise \u00e0 un fluide caloporteur liquide ou gazeux qui circule \u00e0 travers le capteur et restitue efficacement de la chaleur ou du froid. Dette \u00e9nerg\u00e9tique La dette \u00e9nerg\u00e9tique d\u2019un objet repr\u00e9sente l\u2019\u00e9nergie qu\u2019il a fallu consommer pour le fabriquer. Dans le cas des syst\u00e8mes renouvelables, cette dette int\u00e8gre toutes les \u00e9tapes : construction, assemblage, transport vers le site de production, recyclage des d\u00e9chets en fin de vie, \u2026 Mais contrairement aux \u00e9nergies fossiles et nucl\u00e9aires &#8211; qui consomment des combustibles toute leur vie -, les \u00e9nergies renouvelables ont la capacit\u00e9 de rembourser cette dette \u00e9nerg\u00e9tique. En effet, les syst\u00e8mes renouvelables vont d\u2019abord produire l\u2019\u00e9nergie qu\u2019il a fallu consommer &hellip; Continue reading \"ABC du solaire thermique\"","og_url":"https:\/\/www.renouvelle.be\/fr\/outils\/abc-du-solaire-thermique\/","og_site_name":"Renouvelle","article_modified_time":"2024-08-14T13:45:17+00:00","og_image":[{"width":600,"height":400,"url":"https:\/\/www.renouvelle.be\/wp-content\/uploads\/2023\/02\/solaire-thermique.jpg","type":"image\/jpeg"}],"twitter_card":"summary_large_image","schema":{"@context":"https:\/\/schema.org","@graph":[{"@type":"WebPage","@id":"https:\/\/www.renouvelle.be\/fr\/outils\/abc-du-solaire-thermique\/","url":"https:\/\/www.renouvelle.be\/fr\/outils\/abc-du-solaire-thermique\/","name":"ABC du solaire thermique - Renouvelle","isPartOf":{"@id":"https:\/\/www.renouvelle.be\/fr\/#website"},"primaryImageOfPage":{"@id":"https:\/\/www.renouvelle.be\/fr\/outils\/abc-du-solaire-thermique\/#primaryimage"},"image":{"@id":"https:\/\/www.renouvelle.be\/fr\/outils\/abc-du-solaire-thermique\/#primaryimage"},"thumbnailUrl":"https:\/\/www.renouvelle.be\/wp-content\/uploads\/2023\/02\/solaire-thermique.jpg","datePublished":"2023-02-23T09:52:13+00:00","dateModified":"2024-08-14T13:45:17+00:00","breadcrumb":{"@id":"https:\/\/www.renouvelle.be\/fr\/outils\/abc-du-solaire-thermique\/#breadcrumb"},"inLanguage":"fr-FR","potentialAction":[{"@type":"ReadAction","target":["https:\/\/www.renouvelle.be\/fr\/outils\/abc-du-solaire-thermique\/"]}]},{"@type":"ImageObject","inLanguage":"fr-FR","@id":"https:\/\/www.renouvelle.be\/fr\/outils\/abc-du-solaire-thermique\/#primaryimage","url":"https:\/\/www.renouvelle.be\/wp-content\/uploads\/2023\/02\/solaire-thermique.jpg","contentUrl":"https:\/\/www.renouvelle.be\/wp-content\/uploads\/2023\/02\/solaire-thermique.jpg","width":600,"height":400},{"@type":"BreadcrumbList","@id":"https:\/\/www.renouvelle.be\/fr\/outils\/abc-du-solaire-thermique\/#breadcrumb","itemListElement":[{"@type":"ListItem","position":1,"name":"Accueil","item":"https:\/\/www.renouvelle.be\/fr\/"},{"@type":"ListItem","position":2,"name":"Outils","item":"https:\/\/www.renouvelle.be\/fr\/outils\/"},{"@type":"ListItem","position":3,"name":"ABC du solaire thermique"}]},{"@type":"WebSite","@id":"https:\/\/www.renouvelle.be\/fr\/#website","url":"https:\/\/www.renouvelle.be\/fr\/","name":"Renouvelle","description":"L&#039;actualit\u00e9 de l&#039;\u00e9nergie durable","potentialAction":[{"@type":"SearchAction","target":{"@type":"EntryPoint","urlTemplate":"https:\/\/www.renouvelle.be\/fr\/?s={search_term_string}"},"query-input":{"@type":"PropertyValueSpecification","valueRequired":true,"valueName":"search_term_string"}}],"inLanguage":"fr-FR"}]}},"_links":{"self":[{"href":"https:\/\/www.renouvelle.be\/fr\/wp-json\/wp\/v2\/pages\/9038","targetHints":{"allow":["GET"]}}],"collection":[{"href":"https:\/\/www.renouvelle.be\/fr\/wp-json\/wp\/v2\/pages"}],"about":[{"href":"https:\/\/www.renouvelle.be\/fr\/wp-json\/wp\/v2\/types\/page"}],"author":[{"embeddable":true,"href":"https:\/\/www.renouvelle.be\/fr\/wp-json\/wp\/v2\/users\/2"}],"replies":[{"embeddable":true,"href":"https:\/\/www.renouvelle.be\/fr\/wp-json\/wp\/v2\/comments?post=9038"}],"version-history":[{"count":2,"href":"https:\/\/www.renouvelle.be\/fr\/wp-json\/wp\/v2\/pages\/9038\/revisions"}],"predecessor-version":[{"id":9044,"href":"https:\/\/www.renouvelle.be\/fr\/wp-json\/wp\/v2\/pages\/9038\/revisions\/9044"}],"up":[{"embeddable":true,"href":"https:\/\/www.renouvelle.be\/fr\/wp-json\/wp\/v2\/pages\/8975"}],"wp:featuredmedia":[{"embeddable":true,"href":"https:\/\/www.renouvelle.be\/fr\/wp-json\/wp\/v2\/media\/9039"}],"wp:attachment":[{"href":"https:\/\/www.renouvelle.be\/fr\/wp-json\/wp\/v2\/media?parent=9038"}],"curies":[{"name":"wp","href":"https:\/\/api.w.org\/{rel}","templated":true}]}}