{"id":9030,"date":"2023-02-23T10:50:41","date_gmt":"2023-02-23T09:50:41","guid":{"rendered":"https:\/\/www.renouvelle.be\/?page_id=9030"},"modified":"2024-08-14T15:45:35","modified_gmt":"2024-08-14T13:45:35","slug":"abc-des-pompes-a-chaleur","status":"publish","type":"page","link":"https:\/\/www.renouvelle.be\/fr\/outils\/abc-des-pompes-a-chaleur\/","title":{"rendered":"ABC des Pompes \u00e0 Chaleur"},"content":{"rendered":"\n<p><strong>La pompe \u00e0 chaleur permet de chauffer un b\u00e2timent \u00e0 partir de la chaleur naturelle.<\/strong><\/p>\n\n\n\n<h2 class=\"wp-block-heading\">En quelques mots<\/h2>\n\n\n\n<p>La pompe \u00e0 chaleur est un \u00e9quipement qui transf\u00e8re la chaleur naturelle de l\u2019air, de l\u2019eau ou du sol vers un lieu \u00e0 chauffer (ou \u00e0 refroidir) : chauffage central et\/ou eau chaude sanitaire d\u2019un b\u00e2timent, serres agricoles, piscine, pisciculture, &#8230;&nbsp;<\/p>\n\n\n\n<figure class=\"wp-block-image size-full\"><img loading=\"lazy\" decoding=\"async\" width=\"536\" height=\"375\" src=\"https:\/\/www.renouvelle.be\/wp-content\/uploads\/2023\/02\/b8348402c3_50163709_sp-choix-installation-pac-1-600x375-landscape.jpg\" alt=\"\" class=\"wp-image-9031\" title=\"b8348402c3_50163709_sp-choix-installation-pac-1\" srcset=\"https:\/\/www.renouvelle.be\/wp-content\/uploads\/2023\/02\/b8348402c3_50163709_sp-choix-installation-pac-1-600x375-landscape.jpg 536w, https:\/\/www.renouvelle.be\/wp-content\/uploads\/2023\/02\/b8348402c3_50163709_sp-choix-installation-pac-1-600x375-landscape-300x210.jpg 300w\" sizes=\"auto, (max-width: 536px) 100vw, 536px\" \/><\/figure>\n\n\n\n<p>En effet, l\u2019air, l\u2019eau et le sol contiennent une quantit\u00e9 importante d\u2019\u00e9nergie qui peut \u00eatre r\u00e9cup\u00e9r\u00e9e.&nbsp;<\/p>\n\n\n\n<p>Les pompes \u00e0 chaleur sont consid\u00e9r\u00e9es comme une technologie d\u2019\u00ab \u00e9nergie renouvelable \u00bb dans la mesure o\u00f9 les calories produites sont issues indirectement de la chaleur naturelle du rayonnement solaire.&nbsp;<\/p>\n\n\n\n<p>Cependant, ce transfert de chaleur n\u2019est possible qu\u2019en injectant de l\u2019\u00e9nergie \u00e9lectrique. Si la part d\u2019\u00e9nergie \u00e9lectrique est trop importante, l\u2019int\u00e9r\u00eat de la pompe \u00e0 chaleur sera fortement r\u00e9duit.&nbsp;<\/p>\n\n\n\n<p>Cette application est surtout performante pour les b\u00e2timents tr\u00e8s bien isol\u00e9s, o\u00f9 les besoins de chauffage sont limit\u00e9s.&nbsp;<\/p>\n\n\n\n<p>Cette technologie peut \u00e9galement \u00eatre r\u00e9versible et rafraichir un b\u00e2timent en utilisant la chaleur moins importante des milieux ext\u00e9rieurs (air, eau, sol).&nbsp;<\/p>\n\n\n\n<h2 class=\"wp-block-heading\">D\u00e9finition de la technologie<\/h2>\n\n\n\n<p>Une pompe \u00e0 chaleur (PAC) est une machine thermodynamique destin\u00e9e \u00e0 assurer le chauffage d\u2019un local \u00e0 partir d\u2019une source de chaleur externe &#8211; situ\u00e9e dans l\u2019air, l\u2019eau ou le sol &#8211; dont la temp\u00e9rature est inf\u00e9rieure \u00e0 celle du milieu \u00e0 chauffer. Il s\u2019agit donc d\u2019un syst\u00e8me qui transf\u00e8re des calories d\u2019un milieu \u00e0 bas niveau de temp\u00e9rature vers un milieu \u00e0 niveau de temp\u00e9rature plus \u00e9lev\u00e9. Pour ce faire, la PAC utilise g\u00e9n\u00e9ralement un cycle frigorifique \u00e0 compression, qui n\u00e9cessite donc une consommation d&rsquo;\u00e9lectricit\u00e9.&nbsp;<\/p>\n\n\n\n<p>L&rsquo;avantage \u00e9nerg\u00e9tique net d\u00e9pend n\u00e9anmoins de la consommation \u00e9lectrique associ\u00e9e. Celui-ci est caract\u00e9ris\u00e9 par un rendement ou coefficient de performance (COP). La PAC sera d\u2019autant plus efficace et aura donc un COP d\u2019autant plus \u00e9lev\u00e9 que la temp\u00e9rature de la source de chaleur gratuite (air, eau, sol) est \u00e9lev\u00e9e et que la temp\u00e9rature du milieu \u00e0 chauffer est faible. Ce rendement varie donc selon les saisons.&nbsp;<\/p>\n\n\n\n<p>Au niveau \u00e9nerg\u00e9tique, une pompe \u00e0 chaleur est consid\u00e9r\u00e9e comme performante si son COP est sup\u00e9rieur \u00e0 trois.&nbsp;<\/p>\n\n\n\n<h2 class=\"wp-block-heading\">Dette \u00e9nerg\u00e9tique<\/h2>\n\n\n\n<p>La dette \u00e9nerg\u00e9tique d\u2019un objet repr\u00e9sente l\u2019\u00e9nergie qu\u2019il a fallu consommer pour le fabriquer et l\u2019acheminer jusqu\u2019\u00e0 son lieu d\u2019utilisation.&nbsp;<br>&nbsp;<br>Dans le cas des syst\u00e8mes renouvelables, cette dette int\u00e8gre toutes les \u00e9tapes : construction, assemblage, transport vers le site de production, recyclage des d\u00e9chets en fin de vie, \u2026&nbsp;<br>&nbsp;<br>Une pompe \u00e0 chaleur&nbsp;bien dimensionn\u00e9e et reli\u00e9e \u00e0 un b\u00e2timent basse \u00e9nergie,&nbsp;rembourse sa dette \u00e9nerg\u00e9tique au cours de ses premi\u00e8res ann\u00e9es de fonctionnement puis produit une \u00e9nergie peu carbon\u00e9e durant toute sa vie,&nbsp;surtout si l\u2019\u00e9lectricit\u00e9 provient d\u2019une installation photovolta\u00efque.<\/p>\n\n\n\n<h2 class=\"wp-block-heading\">Dur\u00e9e de vie<\/h2>\n\n\n\n<p>Les professionnels consid\u00e8rent qu&rsquo;une pompe \u00e0 chaleur g\u00e9othermique aura une dur\u00e9e de vie moyenne de 15 \u00e0 20 ans.&nbsp;<\/p>\n\n\n\n<h2 class=\"wp-block-heading\">Production<\/h2>\n\n\n\n<p>La PAC n\u2019est int\u00e9ressante en Belgique que pour des maisons tr\u00e8s bien isol\u00e9es, pour lesquelles un chauffage sol ou mural sera envisag\u00e9 (temp\u00e9rature des chauffages sol \u00e0 35\u00b0C contre 60-70\u00b0C pour des radiateurs normaux), et o\u00f9 les besoins en chauffage sont assez r\u00e9duits.<\/p>\n\n\n\n<p>Les applications pour chauffer l\u2019eau sanitaire s\u2019av\u00e8rent moins performantes car l\u2019eau doit atteindre des temp\u00e9ratures autour de 60\u00b0C, ce qui consommera plus d\u2019\u00e9lectricit\u00e9. En dessous de ce type de performance de b\u00e2timent, le co\u00fbt d\u2019investissement et la consommation d\u2019\u00e9lectricit\u00e9 ne sera pas rentable \u00e9conomiquement, ni \u00e9cologiquement.<\/p>\n\n\n\n<h2 class=\"wp-block-heading\">Economie d&rsquo;\u00e9missions de CO2<\/h2>\n\n\n\n<p>En Belgique, une pompe \u00e0 chaleur qui fonctionne dans de bonnes conditions, peut \u00e9conomiser jusqu\u2019\u00e0 2 tCO2\/an&nbsp;(par comparaison avec une chaudi\u00e8re au&nbsp;gaz)&nbsp;ou 4 tCO2\/an (par comparaison avec une chaudi\u00e8re au mazout),&nbsp;soit l\u2019\u00e9quivalent de&nbsp;13.000 ou&nbsp;21.000&nbsp;km&nbsp;parcourus en&nbsp;voiture par an.<\/p>\n\n\n\n<h2 class=\"wp-block-heading\">Intermittence<\/h2>\n\n\n\n<p>Jusqu\u2019\u00e0 une profondeur de 10 m, la chaleur du sous-sol varie selon les saisons.<\/p>\n\n\n\n<p>Au-del\u00e0 de 10 m, la temp\u00e9rature varie beaucoup moins entre les saisons, et reste ainsi constante. La performance de la pompe \u00e0 chaleur sera donc augment\u00e9e durant toute la saison de chauffe. En Belgique, on observe une temp\u00e9rature entre 10\u00b0C et 14\u00b0C entre 20 et 30m de profondeur.<\/p>\n\n\n\n<p>Suivant certaines configurations du sol, le syst\u00e8me peut-\u00eatre m\u00eame r\u00e9versible, et ainsi stocker la chaleur de l\u2019\u00e9t\u00e9 dans le sol, pour \u00eatre ensuite puis\u00e9e en hiver. On parle alors de \u201cg\u00e9ocooling\u201d.<\/p>\n\n\n\n<h2 class=\"wp-block-heading\">S\u00e9curit\u00e9 et maintenance<\/h2>\n\n\n\n<p>Une fois install\u00e9e, la pompe \u00e0 chaleur exige cependant peu d\u2019entretien. Les co\u00fbts d\u2019entretien resteront limit\u00e9s vu l\u2019absence de combustion (de gaz ou mazout). Les pi\u00e8ces s\u2019usent moins rapidement et vu que ce syst\u00e8me ne n\u00e9cessite pas de chemin\u00e9e, celle-ci ne g\u00e9n\u00e9rera \u00e9galement pas de co\u00fbts.<\/p>\n\n\n\n<h2 class=\"wp-block-heading\">Impacts environnemental et social<\/h2>\n\n\n\n<p>Les pompes \u00e0 chaleur r\u00e9centes sont en g\u00e9n\u00e9ral charg\u00e9es avec des fluides frigorig\u00e8nes, essentiels \u00e0 leur bon fonctionnement.&nbsp;Ces fluides transf\u00e8rent les calories de la source froide \u00e0 la source chaude.&nbsp;<br>&nbsp;<br>Il en existe de diff\u00e9rents types,&nbsp;avec des impacts diff\u00e9rents sur l\u2019environnement. Or&nbsp;chaque ann\u00e9e, entre 3 et 10% de la masse de ces fluides sont perdus par des fuites.&nbsp;<br>&nbsp;<br>Des l\u00e9gislations environnementales&nbsp;europ\u00e9ennes et r\u00e9gionales&nbsp;interdisent d\u00e9sormais les fluides les plus nocifs. Les autorit\u00e9s&nbsp;continuent \u00e0&nbsp;contr\u00f4ler et&nbsp;r\u00e9glementer&nbsp;afin de rendre ces fluides les moins&nbsp;impactants&nbsp;possibles pour l\u2019environnement.<\/p>\n\n\n\n<h2 class=\"wp-block-heading\">Investissement individuel<\/h2>\n\n\n\n<p>La R\u00e9gion bruxelloise&nbsp;<a href=\"https:\/\/environnement.brussels\/thematiques\/geologie-et-hydrogeologie\/geothermie\">encourage<\/a>&nbsp;les particuliers \u00e0 s\u2019\u00e9quiper de pompes \u00e0 chaleur g\u00e9othermiques.<\/p>\n\n\n\n<p>Une&nbsp;<a href=\"https:\/\/geodata.environnement.brussels\/client\/brugeotool\/home\">cartographie g\u00e9othermique<\/a>&nbsp;a \u00e9t\u00e9 r\u00e9alis\u00e9e. Les citoyens et les professionnels peuvent d\u00e9sormais conna\u00eetre le gisement thermique sous leurs pieds \u00e0 plus de 150m.<\/p>\n","protected":false},"excerpt":{"rendered":"<p>La pompe \u00e0 chaleur permet de chauffer un b\u00e2timent \u00e0 partir de la chaleur naturelle. En quelques mots La pompe \u00e0 chaleur est un \u00e9quipement qui transf\u00e8re la chaleur naturelle de l\u2019air, de l\u2019eau ou du sol vers un lieu \u00e0 chauffer (ou \u00e0 refroidir) : chauffage central et\/ou eau chaude sanitaire d\u2019un b\u00e2timent, serres agricoles, piscine, pisciculture, &#8230;&nbsp; En effet, l\u2019air, l\u2019eau et le sol contiennent une quantit\u00e9 importante d\u2019\u00e9nergie qui peut \u00eatre r\u00e9cup\u00e9r\u00e9e.&nbsp; Les pompes \u00e0 chaleur sont consid\u00e9r\u00e9es comme une technologie d\u2019\u00ab \u00e9nergie renouvelable \u00bb dans la mesure o\u00f9 les calories produites sont issues indirectement de la chaleur naturelle du rayonnement solaire.&nbsp; Cependant, ce transfert de chaleur n\u2019est possible qu\u2019en injectant de l\u2019\u00e9nergie \u00e9lectrique. Si la part d\u2019\u00e9nergie \u00e9lectrique est trop importante, l\u2019int\u00e9r\u00eat de la pompe \u00e0 chaleur sera fortement r\u00e9duit.&nbsp; Cette application est surtout performante pour les b\u00e2timents tr\u00e8s bien isol\u00e9s, o\u00f9 les besoins de chauffage sont limit\u00e9s.&nbsp; Cette technologie peut \u00e9galement \u00eatre r\u00e9versible et rafraichir un b\u00e2timent en utilisant la chaleur moins importante des milieux ext\u00e9rieurs (air, eau, sol).&nbsp; D\u00e9finition de la technologie Une pompe \u00e0 chaleur (PAC) est une machine thermodynamique destin\u00e9e \u00e0 assurer le chauffage d\u2019un local \u00e0 partir d\u2019une source de chaleur externe &#8211; situ\u00e9e dans l\u2019air, l\u2019eau ou le sol &#8211; dont la temp\u00e9rature est inf\u00e9rieure \u00e0 celle du milieu \u00e0 chauffer. Il s\u2019agit donc d\u2019un syst\u00e8me qui transf\u00e8re des calories d\u2019un milieu \u00e0 bas niveau de temp\u00e9rature vers un milieu \u00e0 niveau de temp\u00e9rature plus \u00e9lev\u00e9. Pour ce faire, la PAC utilise g\u00e9n\u00e9ralement un cycle frigorifique \u00e0 compression, qui n\u00e9cessite donc une consommation d&rsquo;\u00e9lectricit\u00e9.&nbsp; L&rsquo;avantage \u00e9nerg\u00e9tique net d\u00e9pend n\u00e9anmoins de la consommation \u00e9lectrique associ\u00e9e. Celui-ci est caract\u00e9ris\u00e9 par un rendement ou coefficient de performance (COP). La PAC sera d\u2019autant plus &hellip; <a href=\"https:\/\/www.renouvelle.be\/fr\/outils\/abc-des-pompes-a-chaleur\/\" class=\"more-link\">Continue reading<span class=\"screen-reader-text\"> \u00ab\u00a0ABC des Pompes \u00e0 Chaleur\u00a0\u00bb<\/span><\/a><\/p>\n","protected":false},"author":2,"featured_media":9035,"parent":8975,"menu_order":6,"comment_status":"closed","ping_status":"closed","template":"","meta":{"_acf_changed":false,"footnotes":""},"class_list":["post-9030","page","type-page","status-publish","has-post-thumbnail","hentry"],"acf":[],"yoast_head":"<!-- This site is optimized with the Yoast SEO plugin v27.5 - https:\/\/yoast.com\/product\/yoast-seo-wordpress\/ -->\n<title>ABC des Pompes \u00e0 Chaleur - Renouvelle<\/title>\n<meta name=\"robots\" content=\"index, follow, max-snippet:-1, max-image-preview:large, max-video-preview:-1\" \/>\n<link rel=\"canonical\" href=\"https:\/\/www.renouvelle.be\/fr\/outils\/abc-des-pompes-a-chaleur\/\" \/>\n<meta property=\"og:locale\" content=\"fr_FR\" \/>\n<meta property=\"og:type\" content=\"article\" \/>\n<meta property=\"og:title\" content=\"ABC des Pompes \u00e0 Chaleur - Renouvelle\" \/>\n<meta property=\"og:description\" content=\"La pompe \u00e0 chaleur permet de chauffer un b\u00e2timent \u00e0 partir de la chaleur naturelle. En quelques mots La pompe \u00e0 chaleur est un \u00e9quipement qui transf\u00e8re la chaleur naturelle de l\u2019air, de l\u2019eau ou du sol vers un lieu \u00e0 chauffer (ou \u00e0 refroidir) : chauffage central et\/ou eau chaude sanitaire d\u2019un b\u00e2timent, serres agricoles, piscine, pisciculture, &#8230;&nbsp; En effet, l\u2019air, l\u2019eau et le sol contiennent une quantit\u00e9 importante d\u2019\u00e9nergie qui peut \u00eatre r\u00e9cup\u00e9r\u00e9e.&nbsp; Les pompes \u00e0 chaleur sont consid\u00e9r\u00e9es comme une technologie d\u2019\u00ab \u00e9nergie renouvelable \u00bb dans la mesure o\u00f9 les calories produites sont issues indirectement de la chaleur naturelle du rayonnement solaire.&nbsp; Cependant, ce transfert de chaleur n\u2019est possible qu\u2019en injectant de l\u2019\u00e9nergie \u00e9lectrique. Si la part d\u2019\u00e9nergie \u00e9lectrique est trop importante, l\u2019int\u00e9r\u00eat de la pompe \u00e0 chaleur sera fortement r\u00e9duit.&nbsp; Cette application est surtout performante pour les b\u00e2timents tr\u00e8s bien isol\u00e9s, o\u00f9 les besoins de chauffage sont limit\u00e9s.&nbsp; Cette technologie peut \u00e9galement \u00eatre r\u00e9versible et rafraichir un b\u00e2timent en utilisant la chaleur moins importante des milieux ext\u00e9rieurs (air, eau, sol).&nbsp; D\u00e9finition de la technologie Une pompe \u00e0 chaleur (PAC) est une machine thermodynamique destin\u00e9e \u00e0 assurer le chauffage d\u2019un local \u00e0 partir d\u2019une source de chaleur externe &#8211; situ\u00e9e dans l\u2019air, l\u2019eau ou le sol &#8211; dont la temp\u00e9rature est inf\u00e9rieure \u00e0 celle du milieu \u00e0 chauffer. Il s\u2019agit donc d\u2019un syst\u00e8me qui transf\u00e8re des calories d\u2019un milieu \u00e0 bas niveau de temp\u00e9rature vers un milieu \u00e0 niveau de temp\u00e9rature plus \u00e9lev\u00e9. Pour ce faire, la PAC utilise g\u00e9n\u00e9ralement un cycle frigorifique \u00e0 compression, qui n\u00e9cessite donc une consommation d&rsquo;\u00e9lectricit\u00e9.&nbsp; L&rsquo;avantage \u00e9nerg\u00e9tique net d\u00e9pend n\u00e9anmoins de la consommation \u00e9lectrique associ\u00e9e. Celui-ci est caract\u00e9ris\u00e9 par un rendement ou coefficient de performance (COP). La PAC sera d\u2019autant plus &hellip; Continue reading &quot;ABC des Pompes \u00e0 Chaleur&quot;\" \/>\n<meta property=\"og:url\" content=\"https:\/\/www.renouvelle.be\/fr\/outils\/abc-des-pompes-a-chaleur\/\" \/>\n<meta property=\"og:site_name\" content=\"Renouvelle\" \/>\n<meta property=\"article:modified_time\" content=\"2024-08-14T13:45:35+00:00\" \/>\n<meta property=\"og:image\" content=\"https:\/\/www.renouvelle.be\/wp-content\/uploads\/2023\/02\/pac-04.jpeg\" \/>\n\t<meta property=\"og:image:width\" content=\"503\" \/>\n\t<meta property=\"og:image:height\" content=\"424\" \/>\n\t<meta property=\"og:image:type\" content=\"image\/jpeg\" \/>\n<meta name=\"twitter:card\" content=\"summary_large_image\" \/>\n<script type=\"application\/ld+json\" class=\"yoast-schema-graph\">{\"@context\":\"https:\\\/\\\/schema.org\",\"@graph\":[{\"@type\":\"WebPage\",\"@id\":\"https:\\\/\\\/www.renouvelle.be\\\/fr\\\/outils\\\/abc-des-pompes-a-chaleur\\\/\",\"url\":\"https:\\\/\\\/www.renouvelle.be\\\/fr\\\/outils\\\/abc-des-pompes-a-chaleur\\\/\",\"name\":\"ABC des Pompes \u00e0 Chaleur - Renouvelle\",\"isPartOf\":{\"@id\":\"https:\\\/\\\/www.renouvelle.be\\\/fr\\\/#website\"},\"primaryImageOfPage\":{\"@id\":\"https:\\\/\\\/www.renouvelle.be\\\/fr\\\/outils\\\/abc-des-pompes-a-chaleur\\\/#primaryimage\"},\"image\":{\"@id\":\"https:\\\/\\\/www.renouvelle.be\\\/fr\\\/outils\\\/abc-des-pompes-a-chaleur\\\/#primaryimage\"},\"thumbnailUrl\":\"https:\\\/\\\/www.renouvelle.be\\\/wp-content\\\/uploads\\\/2023\\\/02\\\/pac-04.jpeg\",\"datePublished\":\"2023-02-23T09:50:41+00:00\",\"dateModified\":\"2024-08-14T13:45:35+00:00\",\"breadcrumb\":{\"@id\":\"https:\\\/\\\/www.renouvelle.be\\\/fr\\\/outils\\\/abc-des-pompes-a-chaleur\\\/#breadcrumb\"},\"inLanguage\":\"fr-FR\",\"potentialAction\":[{\"@type\":\"ReadAction\",\"target\":[\"https:\\\/\\\/www.renouvelle.be\\\/fr\\\/outils\\\/abc-des-pompes-a-chaleur\\\/\"]}]},{\"@type\":\"ImageObject\",\"inLanguage\":\"fr-FR\",\"@id\":\"https:\\\/\\\/www.renouvelle.be\\\/fr\\\/outils\\\/abc-des-pompes-a-chaleur\\\/#primaryimage\",\"url\":\"https:\\\/\\\/www.renouvelle.be\\\/wp-content\\\/uploads\\\/2023\\\/02\\\/pac-04.jpeg\",\"contentUrl\":\"https:\\\/\\\/www.renouvelle.be\\\/wp-content\\\/uploads\\\/2023\\\/02\\\/pac-04.jpeg\",\"width\":503,\"height\":424},{\"@type\":\"BreadcrumbList\",\"@id\":\"https:\\\/\\\/www.renouvelle.be\\\/fr\\\/outils\\\/abc-des-pompes-a-chaleur\\\/#breadcrumb\",\"itemListElement\":[{\"@type\":\"ListItem\",\"position\":1,\"name\":\"Accueil\",\"item\":\"https:\\\/\\\/www.renouvelle.be\\\/fr\\\/\"},{\"@type\":\"ListItem\",\"position\":2,\"name\":\"Outils\",\"item\":\"https:\\\/\\\/www.renouvelle.be\\\/fr\\\/outils\\\/\"},{\"@type\":\"ListItem\",\"position\":3,\"name\":\"ABC des Pompes \u00e0 Chaleur\"}]},{\"@type\":\"WebSite\",\"@id\":\"https:\\\/\\\/www.renouvelle.be\\\/fr\\\/#website\",\"url\":\"https:\\\/\\\/www.renouvelle.be\\\/fr\\\/\",\"name\":\"Renouvelle\",\"description\":\"L&#039;actualit\u00e9 de l&#039;\u00e9nergie durable\",\"potentialAction\":[{\"@type\":\"SearchAction\",\"target\":{\"@type\":\"EntryPoint\",\"urlTemplate\":\"https:\\\/\\\/www.renouvelle.be\\\/fr\\\/?s={search_term_string}\"},\"query-input\":{\"@type\":\"PropertyValueSpecification\",\"valueRequired\":true,\"valueName\":\"search_term_string\"}}],\"inLanguage\":\"fr-FR\"}]}<\/script>\n<!-- \/ Yoast SEO plugin. -->","yoast_head_json":{"title":"ABC des Pompes \u00e0 Chaleur - Renouvelle","robots":{"index":"index","follow":"follow","max-snippet":"max-snippet:-1","max-image-preview":"max-image-preview:large","max-video-preview":"max-video-preview:-1"},"canonical":"https:\/\/www.renouvelle.be\/fr\/outils\/abc-des-pompes-a-chaleur\/","og_locale":"fr_FR","og_type":"article","og_title":"ABC des Pompes \u00e0 Chaleur - Renouvelle","og_description":"La pompe \u00e0 chaleur permet de chauffer un b\u00e2timent \u00e0 partir de la chaleur naturelle. En quelques mots La pompe \u00e0 chaleur est un \u00e9quipement qui transf\u00e8re la chaleur naturelle de l\u2019air, de l\u2019eau ou du sol vers un lieu \u00e0 chauffer (ou \u00e0 refroidir) : chauffage central et\/ou eau chaude sanitaire d\u2019un b\u00e2timent, serres agricoles, piscine, pisciculture, &#8230;&nbsp; En effet, l\u2019air, l\u2019eau et le sol contiennent une quantit\u00e9 importante d\u2019\u00e9nergie qui peut \u00eatre r\u00e9cup\u00e9r\u00e9e.&nbsp; Les pompes \u00e0 chaleur sont consid\u00e9r\u00e9es comme une technologie d\u2019\u00ab \u00e9nergie renouvelable \u00bb dans la mesure o\u00f9 les calories produites sont issues indirectement de la chaleur naturelle du rayonnement solaire.&nbsp; Cependant, ce transfert de chaleur n\u2019est possible qu\u2019en injectant de l\u2019\u00e9nergie \u00e9lectrique. Si la part d\u2019\u00e9nergie \u00e9lectrique est trop importante, l\u2019int\u00e9r\u00eat de la pompe \u00e0 chaleur sera fortement r\u00e9duit.&nbsp; Cette application est surtout performante pour les b\u00e2timents tr\u00e8s bien isol\u00e9s, o\u00f9 les besoins de chauffage sont limit\u00e9s.&nbsp; Cette technologie peut \u00e9galement \u00eatre r\u00e9versible et rafraichir un b\u00e2timent en utilisant la chaleur moins importante des milieux ext\u00e9rieurs (air, eau, sol).&nbsp; D\u00e9finition de la technologie Une pompe \u00e0 chaleur (PAC) est une machine thermodynamique destin\u00e9e \u00e0 assurer le chauffage d\u2019un local \u00e0 partir d\u2019une source de chaleur externe &#8211; situ\u00e9e dans l\u2019air, l\u2019eau ou le sol &#8211; dont la temp\u00e9rature est inf\u00e9rieure \u00e0 celle du milieu \u00e0 chauffer. Il s\u2019agit donc d\u2019un syst\u00e8me qui transf\u00e8re des calories d\u2019un milieu \u00e0 bas niveau de temp\u00e9rature vers un milieu \u00e0 niveau de temp\u00e9rature plus \u00e9lev\u00e9. Pour ce faire, la PAC utilise g\u00e9n\u00e9ralement un cycle frigorifique \u00e0 compression, qui n\u00e9cessite donc une consommation d&rsquo;\u00e9lectricit\u00e9.&nbsp; L&rsquo;avantage \u00e9nerg\u00e9tique net d\u00e9pend n\u00e9anmoins de la consommation \u00e9lectrique associ\u00e9e. Celui-ci est caract\u00e9ris\u00e9 par un rendement ou coefficient de performance (COP). La PAC sera d\u2019autant plus &hellip; Continue reading \"ABC des Pompes \u00e0 Chaleur\"","og_url":"https:\/\/www.renouvelle.be\/fr\/outils\/abc-des-pompes-a-chaleur\/","og_site_name":"Renouvelle","article_modified_time":"2024-08-14T13:45:35+00:00","og_image":[{"width":503,"height":424,"url":"https:\/\/www.renouvelle.be\/wp-content\/uploads\/2023\/02\/pac-04.jpeg","type":"image\/jpeg"}],"twitter_card":"summary_large_image","schema":{"@context":"https:\/\/schema.org","@graph":[{"@type":"WebPage","@id":"https:\/\/www.renouvelle.be\/fr\/outils\/abc-des-pompes-a-chaleur\/","url":"https:\/\/www.renouvelle.be\/fr\/outils\/abc-des-pompes-a-chaleur\/","name":"ABC des Pompes \u00e0 Chaleur - Renouvelle","isPartOf":{"@id":"https:\/\/www.renouvelle.be\/fr\/#website"},"primaryImageOfPage":{"@id":"https:\/\/www.renouvelle.be\/fr\/outils\/abc-des-pompes-a-chaleur\/#primaryimage"},"image":{"@id":"https:\/\/www.renouvelle.be\/fr\/outils\/abc-des-pompes-a-chaleur\/#primaryimage"},"thumbnailUrl":"https:\/\/www.renouvelle.be\/wp-content\/uploads\/2023\/02\/pac-04.jpeg","datePublished":"2023-02-23T09:50:41+00:00","dateModified":"2024-08-14T13:45:35+00:00","breadcrumb":{"@id":"https:\/\/www.renouvelle.be\/fr\/outils\/abc-des-pompes-a-chaleur\/#breadcrumb"},"inLanguage":"fr-FR","potentialAction":[{"@type":"ReadAction","target":["https:\/\/www.renouvelle.be\/fr\/outils\/abc-des-pompes-a-chaleur\/"]}]},{"@type":"ImageObject","inLanguage":"fr-FR","@id":"https:\/\/www.renouvelle.be\/fr\/outils\/abc-des-pompes-a-chaleur\/#primaryimage","url":"https:\/\/www.renouvelle.be\/wp-content\/uploads\/2023\/02\/pac-04.jpeg","contentUrl":"https:\/\/www.renouvelle.be\/wp-content\/uploads\/2023\/02\/pac-04.jpeg","width":503,"height":424},{"@type":"BreadcrumbList","@id":"https:\/\/www.renouvelle.be\/fr\/outils\/abc-des-pompes-a-chaleur\/#breadcrumb","itemListElement":[{"@type":"ListItem","position":1,"name":"Accueil","item":"https:\/\/www.renouvelle.be\/fr\/"},{"@type":"ListItem","position":2,"name":"Outils","item":"https:\/\/www.renouvelle.be\/fr\/outils\/"},{"@type":"ListItem","position":3,"name":"ABC des Pompes \u00e0 Chaleur"}]},{"@type":"WebSite","@id":"https:\/\/www.renouvelle.be\/fr\/#website","url":"https:\/\/www.renouvelle.be\/fr\/","name":"Renouvelle","description":"L&#039;actualit\u00e9 de l&#039;\u00e9nergie durable","potentialAction":[{"@type":"SearchAction","target":{"@type":"EntryPoint","urlTemplate":"https:\/\/www.renouvelle.be\/fr\/?s={search_term_string}"},"query-input":{"@type":"PropertyValueSpecification","valueRequired":true,"valueName":"search_term_string"}}],"inLanguage":"fr-FR"}]}},"_links":{"self":[{"href":"https:\/\/www.renouvelle.be\/fr\/wp-json\/wp\/v2\/pages\/9030","targetHints":{"allow":["GET"]}}],"collection":[{"href":"https:\/\/www.renouvelle.be\/fr\/wp-json\/wp\/v2\/pages"}],"about":[{"href":"https:\/\/www.renouvelle.be\/fr\/wp-json\/wp\/v2\/types\/page"}],"author":[{"embeddable":true,"href":"https:\/\/www.renouvelle.be\/fr\/wp-json\/wp\/v2\/users\/2"}],"replies":[{"embeddable":true,"href":"https:\/\/www.renouvelle.be\/fr\/wp-json\/wp\/v2\/comments?post=9030"}],"version-history":[{"count":3,"href":"https:\/\/www.renouvelle.be\/fr\/wp-json\/wp\/v2\/pages\/9030\/revisions"}],"predecessor-version":[{"id":9037,"href":"https:\/\/www.renouvelle.be\/fr\/wp-json\/wp\/v2\/pages\/9030\/revisions\/9037"}],"up":[{"embeddable":true,"href":"https:\/\/www.renouvelle.be\/fr\/wp-json\/wp\/v2\/pages\/8975"}],"wp:featuredmedia":[{"embeddable":true,"href":"https:\/\/www.renouvelle.be\/fr\/wp-json\/wp\/v2\/media\/9035"}],"wp:attachment":[{"href":"https:\/\/www.renouvelle.be\/fr\/wp-json\/wp\/v2\/media?parent=9030"}],"curies":[{"name":"wp","href":"https:\/\/api.w.org\/{rel}","templated":true}]}}