{"id":9017,"date":"2023-02-23T10:49:45","date_gmt":"2023-02-23T09:49:45","guid":{"rendered":"https:\/\/www.renouvelle.be\/?page_id=9017"},"modified":"2024-09-27T16:19:08","modified_gmt":"2024-09-27T14:19:08","slug":"abc-de-la-peb","status":"publish","type":"page","link":"https:\/\/www.renouvelle.be\/fr\/outils\/abc-de-la-peb\/","title":{"rendered":"ABC de la PEB"},"content":{"rendered":"\n<p><strong>Dans un contexte g\u00e9n\u00e9ral de Performance Energ\u00e9tique des B\u00e2timents (PEB), l&rsquo;architecture bioclimatique fait partie des \u00e9l\u00e9ments pris en consid\u00e9ration.<\/strong><\/p>\n\n\n\n<h2 class=\"wp-block-heading\">Introduction<\/h2>\n\n\n\n<p>L&rsquo;habitat bioclimatique tire parti du climat afin de rapprocher au maximum ses occupants des conditions de confort. Sous nos climats temp\u00e9r\u00e9s, les variations de l&rsquo;ensoleillement, du vent et des temp\u00e9ratures demandent de mettre en oeuvre diverses strat\u00e9gies adapt\u00e9es aux diff\u00e9rentes saisons.<br>En hiver, il importe de profiter des apports solaires et de se prot\u00e9ger du froid (<strong>strat\u00e9gie du chaud<\/strong>).<br>En \u00e9t\u00e9, il faut se pr\u00e9server du soleil et, parfois, ouvrir sa maison aux vents (<strong>strat\u00e9gie du froid<\/strong>).<br>L&rsquo;habitat bioclimatique s&rsquo;accorde enfin aux rythmes naturels en tirant le meilleur parti possible de la lumi\u00e8re naturelle (<strong>strat\u00e9gie de l&rsquo;\u00e9clairage naturel<\/strong>).<\/p>\n\n\n\n<p>Parler d&rsquo;architecture bioclimatique, au-del\u00e0 des questions d&rsquo;\u00e9conomie d&rsquo;\u00e9nergie et de protection de l&rsquo;environnement, c&rsquo;est avant tout se r\u00e9f\u00e9rer \u00e0 l&rsquo;homme-habitat et \u00e0 son bien-\u00eatre.<\/p>\n\n\n\n<figure class=\"wp-block-image size-full\"><img loading=\"lazy\" decoding=\"async\" width=\"549\" height=\"366\" src=\"https:\/\/www.renouvelle.be\/wp-content\/uploads\/2023\/02\/PEB-landscape.jpg\" alt=\"\" class=\"wp-image-9020\" title=\"House With Energy Efficiency Rate On Desk\" srcset=\"https:\/\/www.renouvelle.be\/wp-content\/uploads\/2023\/02\/PEB-landscape.jpg 549w, https:\/\/www.renouvelle.be\/wp-content\/uploads\/2023\/02\/PEB-landscape-300x200.jpg 300w\" sizes=\"auto, (max-width: 549px) 100vw, 549px\" \/><\/figure>\n\n\n\n<figure class=\"wp-block-image\"><img decoding=\"async\" src=\"https:\/\/emwdewsj8zi.exactdn.com\/wp-content\/plugins\/bb-plugin\/img\/pixel.png?strip=all&amp;lossy=0&amp;w=1920&amp;ssl=1\" alt=\"\"\/><\/figure>\n\n\n\n<figure class=\"wp-block-image size-full\"><img loading=\"lazy\" decoding=\"async\" width=\"695\" height=\"253\" src=\"https:\/\/www.renouvelle.be\/wp-content\/uploads\/2023\/02\/charteEntete.jpeg\" alt=\"\" class=\"wp-image-9022\" title=\"charteEntete\" srcset=\"https:\/\/www.renouvelle.be\/wp-content\/uploads\/2023\/02\/charteEntete.jpeg 695w, https:\/\/www.renouvelle.be\/wp-content\/uploads\/2023\/02\/charteEntete-300x109.jpeg 300w\" sizes=\"auto, (max-width: 695px) 100vw, 695px\" \/><\/figure>\n\n\n\n<h2 class=\"wp-block-heading\">SYSTEMES DE CONVERSION<\/h2>\n\n\n\n<p>Pour parvenir \u00e0 une diminution de la consommation \u00e9nerg\u00e9tique tout en maintenant, voire en augmentant, le confort des occupants, l&rsquo;architecture climatique recourt \u00e0 une s\u00e9rie de dispositifs comme :<\/p>\n\n\n\n<ul class=\"wp-block-list\">\n<li>la compacit\u00e9 du b\u00e2timent,<\/li>\n\n\n\n<li>l&rsquo;orientation vers le sud des fa\u00e7ades et des vitrages,<\/li>\n\n\n\n<li>l&rsquo;installation d&rsquo;espaces-tampons et autres dispositifs sp\u00e9cifiques,<\/li>\n\n\n\n<li>l&rsquo;utilisation de mat\u00e9riaux massifs pour augmenter l&rsquo;inertie thermique,<\/li>\n\n\n\n<li>l&rsquo;isolation,<\/li>\n\n\n\n<li>l&rsquo;\u00e9clairage naturel des espaces,<\/li>\n\n\n\n<li>la ventilation naturelle,<\/li>\n\n\n\n<li>les puits canadiens,<\/li>\n\n\n\n<li>la plantation d&rsquo;une v\u00e9g\u00e9tation coupe-vent ou formant ombrage, etc<\/li>\n<\/ul>\n\n\n\n<figure class=\"wp-block-image size-full\"><img loading=\"lazy\" decoding=\"async\" width=\"567\" height=\"747\" src=\"https:\/\/www.renouvelle.be\/wp-content\/uploads\/2023\/02\/7-15.png\" alt=\"\" class=\"wp-image-9024\" title=\"7-15\" srcset=\"https:\/\/www.renouvelle.be\/wp-content\/uploads\/2023\/02\/7-15.png 567w, https:\/\/www.renouvelle.be\/wp-content\/uploads\/2023\/02\/7-15-228x300.png 228w\" sizes=\"auto, (max-width: 567px) 100vw, 567px\" \/><\/figure>\n\n\n\n<figure class=\"wp-block-image size-full\"><img loading=\"lazy\" decoding=\"async\" width=\"600\" height=\"406\" src=\"https:\/\/www.renouvelle.be\/wp-content\/uploads\/2023\/02\/QZen-600x406-1.png\" alt=\"\" class=\"wp-image-9026\" title=\"QZen\" srcset=\"https:\/\/www.renouvelle.be\/wp-content\/uploads\/2023\/02\/QZen-600x406-1.png 600w, https:\/\/www.renouvelle.be\/wp-content\/uploads\/2023\/02\/QZen-600x406-1-300x203.png 300w\" sizes=\"auto, (max-width: 600px) 100vw, 600px\" \/><\/figure>\n","protected":false},"excerpt":{"rendered":"<p>Dans un contexte g\u00e9n\u00e9ral de Performance Energ\u00e9tique des B\u00e2timents (PEB), l&rsquo;architecture bioclimatique fait partie des \u00e9l\u00e9ments pris en consid\u00e9ration. Introduction L&rsquo;habitat bioclimatique tire parti du climat afin de rapprocher au maximum ses occupants des conditions de confort. Sous nos climats temp\u00e9r\u00e9s, les variations de l&rsquo;ensoleillement, du vent et des temp\u00e9ratures demandent de mettre en oeuvre diverses strat\u00e9gies adapt\u00e9es aux diff\u00e9rentes saisons.En hiver, il importe de profiter des apports solaires et de se prot\u00e9ger du froid (strat\u00e9gie du chaud).En \u00e9t\u00e9, il faut se pr\u00e9server du soleil et, parfois, ouvrir sa maison aux vents (strat\u00e9gie du froid).L&rsquo;habitat bioclimatique s&rsquo;accorde enfin aux rythmes naturels en tirant le meilleur parti possible de la lumi\u00e8re naturelle (strat\u00e9gie de l&rsquo;\u00e9clairage naturel). Parler d&rsquo;architecture bioclimatique, au-del\u00e0 des questions d&rsquo;\u00e9conomie d&rsquo;\u00e9nergie et de protection de l&rsquo;environnement, c&rsquo;est avant tout se r\u00e9f\u00e9rer \u00e0 l&rsquo;homme-habitat et \u00e0 son bien-\u00eatre. SYSTEMES DE CONVERSION Pour parvenir \u00e0 une diminution de la consommation \u00e9nerg\u00e9tique tout en maintenant, voire en augmentant, le confort des occupants, l&rsquo;architecture climatique recourt \u00e0 une s\u00e9rie de dispositifs comme :<\/p>\n","protected":false},"author":2,"featured_media":9018,"parent":8975,"menu_order":7,"comment_status":"closed","ping_status":"closed","template":"","meta":{"_acf_changed":false,"footnotes":""},"class_list":["post-9017","page","type-page","status-publish","has-post-thumbnail","hentry"],"acf":[],"yoast_head":"<!-- This site is optimized with the Yoast SEO plugin v27.5 - https:\/\/yoast.com\/product\/yoast-seo-wordpress\/ -->\n<title>ABC de la PEB - Renouvelle<\/title>\n<meta name=\"robots\" content=\"index, follow, max-snippet:-1, max-image-preview:large, max-video-preview:-1\" \/>\n<link rel=\"canonical\" href=\"https:\/\/www.renouvelle.be\/fr\/outils\/abc-de-la-peb\/\" \/>\n<meta property=\"og:locale\" content=\"fr_FR\" \/>\n<meta property=\"og:type\" content=\"article\" \/>\n<meta property=\"og:title\" content=\"ABC de la PEB - Renouvelle\" \/>\n<meta property=\"og:description\" content=\"Dans un contexte g\u00e9n\u00e9ral de Performance Energ\u00e9tique des B\u00e2timents (PEB), l&rsquo;architecture bioclimatique fait partie des \u00e9l\u00e9ments pris en consid\u00e9ration. Introduction L&rsquo;habitat bioclimatique tire parti du climat afin de rapprocher au maximum ses occupants des conditions de confort. Sous nos climats temp\u00e9r\u00e9s, les variations de l&rsquo;ensoleillement, du vent et des temp\u00e9ratures demandent de mettre en oeuvre diverses strat\u00e9gies adapt\u00e9es aux diff\u00e9rentes saisons.En hiver, il importe de profiter des apports solaires et de se prot\u00e9ger du froid (strat\u00e9gie du chaud).En \u00e9t\u00e9, il faut se pr\u00e9server du soleil et, parfois, ouvrir sa maison aux vents (strat\u00e9gie du froid).L&rsquo;habitat bioclimatique s&rsquo;accorde enfin aux rythmes naturels en tirant le meilleur parti possible de la lumi\u00e8re naturelle (strat\u00e9gie de l&rsquo;\u00e9clairage naturel). Parler d&rsquo;architecture bioclimatique, au-del\u00e0 des questions d&rsquo;\u00e9conomie d&rsquo;\u00e9nergie et de protection de l&rsquo;environnement, c&rsquo;est avant tout se r\u00e9f\u00e9rer \u00e0 l&rsquo;homme-habitat et \u00e0 son bien-\u00eatre. SYSTEMES DE CONVERSION Pour parvenir \u00e0 une diminution de la consommation \u00e9nerg\u00e9tique tout en maintenant, voire en augmentant, le confort des occupants, l&rsquo;architecture climatique recourt \u00e0 une s\u00e9rie de dispositifs comme :\" \/>\n<meta property=\"og:url\" content=\"https:\/\/www.renouvelle.be\/fr\/outils\/abc-de-la-peb\/\" \/>\n<meta property=\"og:site_name\" content=\"Renouvelle\" \/>\n<meta property=\"article:modified_time\" content=\"2024-09-27T14:19:08+00:00\" \/>\n<meta property=\"og:image\" content=\"https:\/\/www.renouvelle.be\/wp-content\/uploads\/2023\/02\/Capture.png\" \/>\n\t<meta property=\"og:image:width\" content=\"600\" \/>\n\t<meta property=\"og:image:height\" content=\"409\" \/>\n\t<meta property=\"og:image:type\" content=\"image\/png\" \/>\n<meta name=\"twitter:card\" content=\"summary_large_image\" \/>\n<script type=\"application\/ld+json\" class=\"yoast-schema-graph\">{\"@context\":\"https:\\\/\\\/schema.org\",\"@graph\":[{\"@type\":\"WebPage\",\"@id\":\"https:\\\/\\\/www.renouvelle.be\\\/fr\\\/outils\\\/abc-de-la-peb\\\/\",\"url\":\"https:\\\/\\\/www.renouvelle.be\\\/fr\\\/outils\\\/abc-de-la-peb\\\/\",\"name\":\"ABC de la PEB - Renouvelle\",\"isPartOf\":{\"@id\":\"https:\\\/\\\/www.renouvelle.be\\\/fr\\\/#website\"},\"primaryImageOfPage\":{\"@id\":\"https:\\\/\\\/www.renouvelle.be\\\/fr\\\/outils\\\/abc-de-la-peb\\\/#primaryimage\"},\"image\":{\"@id\":\"https:\\\/\\\/www.renouvelle.be\\\/fr\\\/outils\\\/abc-de-la-peb\\\/#primaryimage\"},\"thumbnailUrl\":\"https:\\\/\\\/www.renouvelle.be\\\/wp-content\\\/uploads\\\/2023\\\/02\\\/Capture.png\",\"datePublished\":\"2023-02-23T09:49:45+00:00\",\"dateModified\":\"2024-09-27T14:19:08+00:00\",\"breadcrumb\":{\"@id\":\"https:\\\/\\\/www.renouvelle.be\\\/fr\\\/outils\\\/abc-de-la-peb\\\/#breadcrumb\"},\"inLanguage\":\"fr-FR\",\"potentialAction\":[{\"@type\":\"ReadAction\",\"target\":[\"https:\\\/\\\/www.renouvelle.be\\\/fr\\\/outils\\\/abc-de-la-peb\\\/\"]}]},{\"@type\":\"ImageObject\",\"inLanguage\":\"fr-FR\",\"@id\":\"https:\\\/\\\/www.renouvelle.be\\\/fr\\\/outils\\\/abc-de-la-peb\\\/#primaryimage\",\"url\":\"https:\\\/\\\/www.renouvelle.be\\\/wp-content\\\/uploads\\\/2023\\\/02\\\/Capture.png\",\"contentUrl\":\"https:\\\/\\\/www.renouvelle.be\\\/wp-content\\\/uploads\\\/2023\\\/02\\\/Capture.png\",\"width\":600,\"height\":409},{\"@type\":\"BreadcrumbList\",\"@id\":\"https:\\\/\\\/www.renouvelle.be\\\/fr\\\/outils\\\/abc-de-la-peb\\\/#breadcrumb\",\"itemListElement\":[{\"@type\":\"ListItem\",\"position\":1,\"name\":\"Accueil\",\"item\":\"https:\\\/\\\/www.renouvelle.be\\\/fr\\\/\"},{\"@type\":\"ListItem\",\"position\":2,\"name\":\"Outils\",\"item\":\"https:\\\/\\\/www.renouvelle.be\\\/fr\\\/outils\\\/\"},{\"@type\":\"ListItem\",\"position\":3,\"name\":\"ABC de la PEB\"}]},{\"@type\":\"WebSite\",\"@id\":\"https:\\\/\\\/www.renouvelle.be\\\/fr\\\/#website\",\"url\":\"https:\\\/\\\/www.renouvelle.be\\\/fr\\\/\",\"name\":\"Renouvelle\",\"description\":\"L&#039;actualit\u00e9 de l&#039;\u00e9nergie durable\",\"potentialAction\":[{\"@type\":\"SearchAction\",\"target\":{\"@type\":\"EntryPoint\",\"urlTemplate\":\"https:\\\/\\\/www.renouvelle.be\\\/fr\\\/?s={search_term_string}\"},\"query-input\":{\"@type\":\"PropertyValueSpecification\",\"valueRequired\":true,\"valueName\":\"search_term_string\"}}],\"inLanguage\":\"fr-FR\"}]}<\/script>\n<!-- \/ Yoast SEO plugin. -->","yoast_head_json":{"title":"ABC de la PEB - Renouvelle","robots":{"index":"index","follow":"follow","max-snippet":"max-snippet:-1","max-image-preview":"max-image-preview:large","max-video-preview":"max-video-preview:-1"},"canonical":"https:\/\/www.renouvelle.be\/fr\/outils\/abc-de-la-peb\/","og_locale":"fr_FR","og_type":"article","og_title":"ABC de la PEB - Renouvelle","og_description":"Dans un contexte g\u00e9n\u00e9ral de Performance Energ\u00e9tique des B\u00e2timents (PEB), l&rsquo;architecture bioclimatique fait partie des \u00e9l\u00e9ments pris en consid\u00e9ration. Introduction L&rsquo;habitat bioclimatique tire parti du climat afin de rapprocher au maximum ses occupants des conditions de confort. Sous nos climats temp\u00e9r\u00e9s, les variations de l&rsquo;ensoleillement, du vent et des temp\u00e9ratures demandent de mettre en oeuvre diverses strat\u00e9gies adapt\u00e9es aux diff\u00e9rentes saisons.En hiver, il importe de profiter des apports solaires et de se prot\u00e9ger du froid (strat\u00e9gie du chaud).En \u00e9t\u00e9, il faut se pr\u00e9server du soleil et, parfois, ouvrir sa maison aux vents (strat\u00e9gie du froid).L&rsquo;habitat bioclimatique s&rsquo;accorde enfin aux rythmes naturels en tirant le meilleur parti possible de la lumi\u00e8re naturelle (strat\u00e9gie de l&rsquo;\u00e9clairage naturel). Parler d&rsquo;architecture bioclimatique, au-del\u00e0 des questions d&rsquo;\u00e9conomie d&rsquo;\u00e9nergie et de protection de l&rsquo;environnement, c&rsquo;est avant tout se r\u00e9f\u00e9rer \u00e0 l&rsquo;homme-habitat et \u00e0 son bien-\u00eatre. SYSTEMES DE CONVERSION Pour parvenir \u00e0 une diminution de la consommation \u00e9nerg\u00e9tique tout en maintenant, voire en augmentant, le confort des occupants, l&rsquo;architecture climatique recourt \u00e0 une s\u00e9rie de dispositifs comme :","og_url":"https:\/\/www.renouvelle.be\/fr\/outils\/abc-de-la-peb\/","og_site_name":"Renouvelle","article_modified_time":"2024-09-27T14:19:08+00:00","og_image":[{"width":600,"height":409,"url":"https:\/\/www.renouvelle.be\/wp-content\/uploads\/2023\/02\/Capture.png","type":"image\/png"}],"twitter_card":"summary_large_image","schema":{"@context":"https:\/\/schema.org","@graph":[{"@type":"WebPage","@id":"https:\/\/www.renouvelle.be\/fr\/outils\/abc-de-la-peb\/","url":"https:\/\/www.renouvelle.be\/fr\/outils\/abc-de-la-peb\/","name":"ABC de la PEB - Renouvelle","isPartOf":{"@id":"https:\/\/www.renouvelle.be\/fr\/#website"},"primaryImageOfPage":{"@id":"https:\/\/www.renouvelle.be\/fr\/outils\/abc-de-la-peb\/#primaryimage"},"image":{"@id":"https:\/\/www.renouvelle.be\/fr\/outils\/abc-de-la-peb\/#primaryimage"},"thumbnailUrl":"https:\/\/www.renouvelle.be\/wp-content\/uploads\/2023\/02\/Capture.png","datePublished":"2023-02-23T09:49:45+00:00","dateModified":"2024-09-27T14:19:08+00:00","breadcrumb":{"@id":"https:\/\/www.renouvelle.be\/fr\/outils\/abc-de-la-peb\/#breadcrumb"},"inLanguage":"fr-FR","potentialAction":[{"@type":"ReadAction","target":["https:\/\/www.renouvelle.be\/fr\/outils\/abc-de-la-peb\/"]}]},{"@type":"ImageObject","inLanguage":"fr-FR","@id":"https:\/\/www.renouvelle.be\/fr\/outils\/abc-de-la-peb\/#primaryimage","url":"https:\/\/www.renouvelle.be\/wp-content\/uploads\/2023\/02\/Capture.png","contentUrl":"https:\/\/www.renouvelle.be\/wp-content\/uploads\/2023\/02\/Capture.png","width":600,"height":409},{"@type":"BreadcrumbList","@id":"https:\/\/www.renouvelle.be\/fr\/outils\/abc-de-la-peb\/#breadcrumb","itemListElement":[{"@type":"ListItem","position":1,"name":"Accueil","item":"https:\/\/www.renouvelle.be\/fr\/"},{"@type":"ListItem","position":2,"name":"Outils","item":"https:\/\/www.renouvelle.be\/fr\/outils\/"},{"@type":"ListItem","position":3,"name":"ABC de la PEB"}]},{"@type":"WebSite","@id":"https:\/\/www.renouvelle.be\/fr\/#website","url":"https:\/\/www.renouvelle.be\/fr\/","name":"Renouvelle","description":"L&#039;actualit\u00e9 de l&#039;\u00e9nergie durable","potentialAction":[{"@type":"SearchAction","target":{"@type":"EntryPoint","urlTemplate":"https:\/\/www.renouvelle.be\/fr\/?s={search_term_string}"},"query-input":{"@type":"PropertyValueSpecification","valueRequired":true,"valueName":"search_term_string"}}],"inLanguage":"fr-FR"}]}},"_links":{"self":[{"href":"https:\/\/www.renouvelle.be\/fr\/wp-json\/wp\/v2\/pages\/9017","targetHints":{"allow":["GET"]}}],"collection":[{"href":"https:\/\/www.renouvelle.be\/fr\/wp-json\/wp\/v2\/pages"}],"about":[{"href":"https:\/\/www.renouvelle.be\/fr\/wp-json\/wp\/v2\/types\/page"}],"author":[{"embeddable":true,"href":"https:\/\/www.renouvelle.be\/fr\/wp-json\/wp\/v2\/users\/2"}],"replies":[{"embeddable":true,"href":"https:\/\/www.renouvelle.be\/fr\/wp-json\/wp\/v2\/comments?post=9017"}],"version-history":[{"count":4,"href":"https:\/\/www.renouvelle.be\/fr\/wp-json\/wp\/v2\/pages\/9017\/revisions"}],"predecessor-version":[{"id":13788,"href":"https:\/\/www.renouvelle.be\/fr\/wp-json\/wp\/v2\/pages\/9017\/revisions\/13788"}],"up":[{"embeddable":true,"href":"https:\/\/www.renouvelle.be\/fr\/wp-json\/wp\/v2\/pages\/8975"}],"wp:featuredmedia":[{"embeddable":true,"href":"https:\/\/www.renouvelle.be\/fr\/wp-json\/wp\/v2\/media\/9018"}],"wp:attachment":[{"href":"https:\/\/www.renouvelle.be\/fr\/wp-json\/wp\/v2\/media?parent=9017"}],"curies":[{"name":"wp","href":"https:\/\/api.w.org\/{rel}","templated":true}]}}