{"id":8993,"date":"2023-02-23T09:59:38","date_gmt":"2023-02-23T08:59:38","guid":{"rendered":"https:\/\/www.renouvelle.be\/?page_id=8993"},"modified":"2024-08-14T15:47:47","modified_gmt":"2024-08-14T13:47:47","slug":"brochure-sur-leolien","status":"publish","type":"page","link":"https:\/\/www.renouvelle.be\/fr\/outils\/brochure-sur-leolien\/","title":{"rendered":"Brochure sur l\u2019\u00e9olien"},"content":{"rendered":"\n<h2 class=\"wp-block-heading\">Les \u00e9oliennes : questions &amp; r\u00e9ponses<\/h2>\n\n\n\n<p>L\u2019\u00e9olien est de plus en plus appel\u00e9 \u00e0 fleurir nos campagnes et zonings. Il joue un r\u00f4le important dans la concr\u00e9tisation des objectifs wallons de production d\u2019\u00e9lectricit\u00e9 renouvelable.<\/p>\n\n\n\n<p>Un changement dans notre environnement proche n\u2019est pas anodin et l\u2019implantation de nouveaux parcs \u00e9oliens suscite des questions l\u00e9gitimes chez les riverains.<\/p>\n\n\n\n<p>Energie Commune vous fournit dans cette brochure des r\u00e9ponses scientifiquement \u00e9tay\u00e9es aux questions les plus courantes. Bonne lecture !<\/p>\n\n\n\n<p><a href=\"https:\/\/drive.google.com\/file\/d\/16LC46gOXW7VaYaaCrtl3sUO7a6on_4Mh\/view?usp=sharing\" target=\"_blank\" rel=\"noreferrer noopener\">Consultez et t\u00e9l\u00e9chargez la brochure ici.<\/a><\/p>\n","protected":false},"excerpt":{"rendered":"<p>Les \u00e9oliennes : questions &amp; r\u00e9ponses L\u2019\u00e9olien est de plus en plus appel\u00e9 \u00e0 fleurir nos campagnes et zonings. Il joue un r\u00f4le important dans la concr\u00e9tisation des objectifs wallons de production d\u2019\u00e9lectricit\u00e9 renouvelable. Un changement dans notre environnement proche n\u2019est pas anodin et l\u2019implantation de nouveaux parcs \u00e9oliens suscite des questions l\u00e9gitimes chez les riverains. Energie Commune vous fournit dans cette brochure des r\u00e9ponses scientifiquement \u00e9tay\u00e9es aux questions les plus courantes. Bonne lecture ! Consultez et t\u00e9l\u00e9chargez la brochure ici.<\/p>\n","protected":false},"author":2,"featured_media":8994,"parent":8975,"menu_order":10,"comment_status":"closed","ping_status":"closed","template":"","meta":{"_acf_changed":false,"footnotes":""},"class_list":["post-8993","page","type-page","status-publish","has-post-thumbnail","hentry"],"acf":[],"yoast_head":"<!-- This site is optimized with the Yoast SEO plugin v27.5 - https:\/\/yoast.com\/product\/yoast-seo-wordpress\/ -->\n<title>Brochure sur l\u2019\u00e9olien - Renouvelle<\/title>\n<meta name=\"robots\" content=\"index, follow, max-snippet:-1, max-image-preview:large, max-video-preview:-1\" \/>\n<link rel=\"canonical\" href=\"https:\/\/www.renouvelle.be\/fr\/outils\/brochure-sur-leolien\/\" \/>\n<meta property=\"og:locale\" content=\"fr_FR\" \/>\n<meta property=\"og:type\" content=\"article\" \/>\n<meta property=\"og:title\" content=\"Brochure sur l\u2019\u00e9olien - Renouvelle\" \/>\n<meta property=\"og:description\" content=\"Les \u00e9oliennes : questions &amp; r\u00e9ponses L\u2019\u00e9olien est de plus en plus appel\u00e9 \u00e0 fleurir nos campagnes et zonings. Il joue un r\u00f4le important dans la concr\u00e9tisation des objectifs wallons de production d\u2019\u00e9lectricit\u00e9 renouvelable. Un changement dans notre environnement proche n\u2019est pas anodin et l\u2019implantation de nouveaux parcs \u00e9oliens suscite des questions l\u00e9gitimes chez les riverains. Energie Commune vous fournit dans cette brochure des r\u00e9ponses scientifiquement \u00e9tay\u00e9es aux questions les plus courantes. Bonne lecture ! Consultez et t\u00e9l\u00e9chargez la brochure ici.\" \/>\n<meta property=\"og:url\" content=\"https:\/\/www.renouvelle.be\/fr\/outils\/brochure-sur-leolien\/\" \/>\n<meta property=\"og:site_name\" content=\"Renouvelle\" \/>\n<meta property=\"article:modified_time\" content=\"2024-08-14T13:47:47+00:00\" \/>\n<meta property=\"og:image\" content=\"https:\/\/www.renouvelle.be\/wp-content\/uploads\/2023\/02\/brochure-eolien_Page_01-768x1089-1.jpg\" \/>\n\t<meta property=\"og:image:width\" content=\"768\" \/>\n\t<meta property=\"og:image:height\" content=\"1089\" \/>\n\t<meta property=\"og:image:type\" content=\"image\/jpeg\" \/>\n<meta name=\"twitter:card\" content=\"summary_large_image\" \/>\n<script type=\"application\/ld+json\" class=\"yoast-schema-graph\">{\"@context\":\"https:\\\/\\\/schema.org\",\"@graph\":[{\"@type\":\"WebPage\",\"@id\":\"https:\\\/\\\/www.renouvelle.be\\\/fr\\\/outils\\\/brochure-sur-leolien\\\/\",\"url\":\"https:\\\/\\\/www.renouvelle.be\\\/fr\\\/outils\\\/brochure-sur-leolien\\\/\",\"name\":\"Brochure sur l\u2019\u00e9olien - Renouvelle\",\"isPartOf\":{\"@id\":\"https:\\\/\\\/www.renouvelle.be\\\/fr\\\/#website\"},\"primaryImageOfPage\":{\"@id\":\"https:\\\/\\\/www.renouvelle.be\\\/fr\\\/outils\\\/brochure-sur-leolien\\\/#primaryimage\"},\"image\":{\"@id\":\"https:\\\/\\\/www.renouvelle.be\\\/fr\\\/outils\\\/brochure-sur-leolien\\\/#primaryimage\"},\"thumbnailUrl\":\"https:\\\/\\\/www.renouvelle.be\\\/wp-content\\\/uploads\\\/2023\\\/02\\\/brochure-eolien_Page_01-768x1089-1.jpg\",\"datePublished\":\"2023-02-23T08:59:38+00:00\",\"dateModified\":\"2024-08-14T13:47:47+00:00\",\"breadcrumb\":{\"@id\":\"https:\\\/\\\/www.renouvelle.be\\\/fr\\\/outils\\\/brochure-sur-leolien\\\/#breadcrumb\"},\"inLanguage\":\"fr-FR\",\"potentialAction\":[{\"@type\":\"ReadAction\",\"target\":[\"https:\\\/\\\/www.renouvelle.be\\\/fr\\\/outils\\\/brochure-sur-leolien\\\/\"]}]},{\"@type\":\"ImageObject\",\"inLanguage\":\"fr-FR\",\"@id\":\"https:\\\/\\\/www.renouvelle.be\\\/fr\\\/outils\\\/brochure-sur-leolien\\\/#primaryimage\",\"url\":\"https:\\\/\\\/www.renouvelle.be\\\/wp-content\\\/uploads\\\/2023\\\/02\\\/brochure-eolien_Page_01-768x1089-1.jpg\",\"contentUrl\":\"https:\\\/\\\/www.renouvelle.be\\\/wp-content\\\/uploads\\\/2023\\\/02\\\/brochure-eolien_Page_01-768x1089-1.jpg\",\"width\":768,\"height\":1089},{\"@type\":\"BreadcrumbList\",\"@id\":\"https:\\\/\\\/www.renouvelle.be\\\/fr\\\/outils\\\/brochure-sur-leolien\\\/#breadcrumb\",\"itemListElement\":[{\"@type\":\"ListItem\",\"position\":1,\"name\":\"Accueil\",\"item\":\"https:\\\/\\\/www.renouvelle.be\\\/fr\\\/\"},{\"@type\":\"ListItem\",\"position\":2,\"name\":\"Outils\",\"item\":\"https:\\\/\\\/www.renouvelle.be\\\/fr\\\/outils\\\/\"},{\"@type\":\"ListItem\",\"position\":3,\"name\":\"Brochure sur l\u2019\u00e9olien\"}]},{\"@type\":\"WebSite\",\"@id\":\"https:\\\/\\\/www.renouvelle.be\\\/fr\\\/#website\",\"url\":\"https:\\\/\\\/www.renouvelle.be\\\/fr\\\/\",\"name\":\"Renouvelle\",\"description\":\"L&#039;actualit\u00e9 de l&#039;\u00e9nergie durable\",\"potentialAction\":[{\"@type\":\"SearchAction\",\"target\":{\"@type\":\"EntryPoint\",\"urlTemplate\":\"https:\\\/\\\/www.renouvelle.be\\\/fr\\\/?s={search_term_string}\"},\"query-input\":{\"@type\":\"PropertyValueSpecification\",\"valueRequired\":true,\"valueName\":\"search_term_string\"}}],\"inLanguage\":\"fr-FR\"}]}<\/script>\n<!-- \/ Yoast SEO plugin. -->","yoast_head_json":{"title":"Brochure sur l\u2019\u00e9olien - Renouvelle","robots":{"index":"index","follow":"follow","max-snippet":"max-snippet:-1","max-image-preview":"max-image-preview:large","max-video-preview":"max-video-preview:-1"},"canonical":"https:\/\/www.renouvelle.be\/fr\/outils\/brochure-sur-leolien\/","og_locale":"fr_FR","og_type":"article","og_title":"Brochure sur l\u2019\u00e9olien - Renouvelle","og_description":"Les \u00e9oliennes : questions &amp; r\u00e9ponses L\u2019\u00e9olien est de plus en plus appel\u00e9 \u00e0 fleurir nos campagnes et zonings. Il joue un r\u00f4le important dans la concr\u00e9tisation des objectifs wallons de production d\u2019\u00e9lectricit\u00e9 renouvelable. Un changement dans notre environnement proche n\u2019est pas anodin et l\u2019implantation de nouveaux parcs \u00e9oliens suscite des questions l\u00e9gitimes chez les riverains. Energie Commune vous fournit dans cette brochure des r\u00e9ponses scientifiquement \u00e9tay\u00e9es aux questions les plus courantes. Bonne lecture ! Consultez et t\u00e9l\u00e9chargez la brochure ici.","og_url":"https:\/\/www.renouvelle.be\/fr\/outils\/brochure-sur-leolien\/","og_site_name":"Renouvelle","article_modified_time":"2024-08-14T13:47:47+00:00","og_image":[{"width":768,"height":1089,"url":"https:\/\/www.renouvelle.be\/wp-content\/uploads\/2023\/02\/brochure-eolien_Page_01-768x1089-1.jpg","type":"image\/jpeg"}],"twitter_card":"summary_large_image","schema":{"@context":"https:\/\/schema.org","@graph":[{"@type":"WebPage","@id":"https:\/\/www.renouvelle.be\/fr\/outils\/brochure-sur-leolien\/","url":"https:\/\/www.renouvelle.be\/fr\/outils\/brochure-sur-leolien\/","name":"Brochure sur l\u2019\u00e9olien - Renouvelle","isPartOf":{"@id":"https:\/\/www.renouvelle.be\/fr\/#website"},"primaryImageOfPage":{"@id":"https:\/\/www.renouvelle.be\/fr\/outils\/brochure-sur-leolien\/#primaryimage"},"image":{"@id":"https:\/\/www.renouvelle.be\/fr\/outils\/brochure-sur-leolien\/#primaryimage"},"thumbnailUrl":"https:\/\/www.renouvelle.be\/wp-content\/uploads\/2023\/02\/brochure-eolien_Page_01-768x1089-1.jpg","datePublished":"2023-02-23T08:59:38+00:00","dateModified":"2024-08-14T13:47:47+00:00","breadcrumb":{"@id":"https:\/\/www.renouvelle.be\/fr\/outils\/brochure-sur-leolien\/#breadcrumb"},"inLanguage":"fr-FR","potentialAction":[{"@type":"ReadAction","target":["https:\/\/www.renouvelle.be\/fr\/outils\/brochure-sur-leolien\/"]}]},{"@type":"ImageObject","inLanguage":"fr-FR","@id":"https:\/\/www.renouvelle.be\/fr\/outils\/brochure-sur-leolien\/#primaryimage","url":"https:\/\/www.renouvelle.be\/wp-content\/uploads\/2023\/02\/brochure-eolien_Page_01-768x1089-1.jpg","contentUrl":"https:\/\/www.renouvelle.be\/wp-content\/uploads\/2023\/02\/brochure-eolien_Page_01-768x1089-1.jpg","width":768,"height":1089},{"@type":"BreadcrumbList","@id":"https:\/\/www.renouvelle.be\/fr\/outils\/brochure-sur-leolien\/#breadcrumb","itemListElement":[{"@type":"ListItem","position":1,"name":"Accueil","item":"https:\/\/www.renouvelle.be\/fr\/"},{"@type":"ListItem","position":2,"name":"Outils","item":"https:\/\/www.renouvelle.be\/fr\/outils\/"},{"@type":"ListItem","position":3,"name":"Brochure sur l\u2019\u00e9olien"}]},{"@type":"WebSite","@id":"https:\/\/www.renouvelle.be\/fr\/#website","url":"https:\/\/www.renouvelle.be\/fr\/","name":"Renouvelle","description":"L&#039;actualit\u00e9 de l&#039;\u00e9nergie durable","potentialAction":[{"@type":"SearchAction","target":{"@type":"EntryPoint","urlTemplate":"https:\/\/www.renouvelle.be\/fr\/?s={search_term_string}"},"query-input":{"@type":"PropertyValueSpecification","valueRequired":true,"valueName":"search_term_string"}}],"inLanguage":"fr-FR"}]}},"_links":{"self":[{"href":"https:\/\/www.renouvelle.be\/fr\/wp-json\/wp\/v2\/pages\/8993","targetHints":{"allow":["GET"]}}],"collection":[{"href":"https:\/\/www.renouvelle.be\/fr\/wp-json\/wp\/v2\/pages"}],"about":[{"href":"https:\/\/www.renouvelle.be\/fr\/wp-json\/wp\/v2\/types\/page"}],"author":[{"embeddable":true,"href":"https:\/\/www.renouvelle.be\/fr\/wp-json\/wp\/v2\/users\/2"}],"replies":[{"embeddable":true,"href":"https:\/\/www.renouvelle.be\/fr\/wp-json\/wp\/v2\/comments?post=8993"}],"version-history":[{"count":3,"href":"https:\/\/www.renouvelle.be\/fr\/wp-json\/wp\/v2\/pages\/8993\/revisions"}],"predecessor-version":[{"id":10644,"href":"https:\/\/www.renouvelle.be\/fr\/wp-json\/wp\/v2\/pages\/8993\/revisions\/10644"}],"up":[{"embeddable":true,"href":"https:\/\/www.renouvelle.be\/fr\/wp-json\/wp\/v2\/pages\/8975"}],"wp:featuredmedia":[{"embeddable":true,"href":"https:\/\/www.renouvelle.be\/fr\/wp-json\/wp\/v2\/media\/8994"}],"wp:attachment":[{"href":"https:\/\/www.renouvelle.be\/fr\/wp-json\/wp\/v2\/media?parent=8993"}],"curies":[{"name":"wp","href":"https:\/\/api.w.org\/{rel}","templated":true}]}}