{"id":8975,"date":"2023-02-23T09:49:21","date_gmt":"2023-02-23T08:49:21","guid":{"rendered":"https:\/\/www.renouvelle.be\/?page_id=8975"},"modified":"2023-03-16T11:23:44","modified_gmt":"2023-03-16T10:23:44","slug":"outils","status":"publish","type":"page","link":"https:\/\/www.renouvelle.be\/fr\/outils\/","title":{"rendered":"Outils"},"content":{"rendered":"\r\n\t    \t<div class=\"wp-block-media-text custom-child-page alignwide is-stacked-on-mobile reveal\">\r\n\t    \t\t<figure class=\"wp-block-media-text__media\">\r\n\t    \t\t\t<a href=\"https:\/\/www.renouvelle.be\/fr\/outils\/abc-du-solaire-photovoltaique\/\"><img loading=\"lazy\" decoding=\"async\" width=\"330\" height=\"200\" src=\"https:\/\/www.renouvelle.be\/wp-content\/uploads\/2023\/02\/solar-panels-330x200.jpg\" class=\"attachment-post-medium size-post-medium wp-post-image\" alt=\"\" \/><\/a>\r\n\t    \t\t<\/figure>\r\n\t    \t\t<div class=\"wp-block-media-text__content\">\r\n\t\t\t\t\t<h2><a href=\"https:\/\/www.renouvelle.be\/fr\/outils\/abc-du-solaire-photovoltaique\/\">ABC du solaire photovolta\u00efque<\/a><\/h2>\r\n\t\t\t\t\t<p>La technologie solaire photovolta\u00efque convertit l\u2019\u00e9nergie du soleil en \u00e9lectricit\u00e9.<\/p>\n\t\t\t\t\t<a class=\"btn\" href=\"https:\/\/www.renouvelle.be\/fr\/outils\/abc-du-solaire-photovoltaique\/\">Voir la doc<\/a>\r\n\t\t\t\t<\/div>\r\n\t\t\t<\/div>\r\n\r\n\t\r\n\t    \t<div class=\"wp-block-media-text custom-child-page alignwide is-stacked-on-mobile reveal\">\r\n\t    \t\t<figure class=\"wp-block-media-text__media\">\r\n\t    \t\t\t<a href=\"https:\/\/www.renouvelle.be\/fr\/outils\/abc-de-leolien\/\"><img loading=\"lazy\" decoding=\"async\" width=\"330\" height=\"200\" src=\"https:\/\/www.renouvelle.be\/wp-content\/uploads\/2023\/02\/iStock-175434809-330x200.jpeg\" class=\"attachment-post-medium size-post-medium wp-post-image\" alt=\"\" \/><\/a>\r\n\t    \t\t<\/figure>\r\n\t    \t\t<div class=\"wp-block-media-text__content\">\r\n\t\t\t\t\t<h2><a href=\"https:\/\/www.renouvelle.be\/fr\/outils\/abc-de-leolien\/\">ABC de l\u2019\u00e9olien<\/a><\/h2>\r\n\t\t\t\t\t<p>La technologie \u00e9olienne exploite le vent pour produire de l\u2019\u00e9lectricit\u00e9.<\/p>\n\t\t\t\t\t<a class=\"btn\" href=\"https:\/\/www.renouvelle.be\/fr\/outils\/abc-de-leolien\/\">Voir la doc<\/a>\r\n\t\t\t\t<\/div>\r\n\t\t\t<\/div>\r\n\r\n\t\r\n\t    \t<div class=\"wp-block-media-text custom-child-page alignwide is-stacked-on-mobile reveal\">\r\n\t    \t\t<figure class=\"wp-block-media-text__media\">\r\n\t    \t\t\t<a href=\"https:\/\/www.renouvelle.be\/fr\/outils\/abc-de-lhydroelectricite\/\"><img loading=\"lazy\" decoding=\"async\" width=\"330\" height=\"200\" src=\"https:\/\/www.renouvelle.be\/wp-content\/uploads\/2023\/02\/Chute_et_vanne_horiz-330x200.jpg\" class=\"attachment-post-medium size-post-medium wp-post-image\" alt=\"\" \/><\/a>\r\n\t    \t\t<\/figure>\r\n\t    \t\t<div class=\"wp-block-media-text__content\">\r\n\t\t\t\t\t<h2><a href=\"https:\/\/www.renouvelle.be\/fr\/outils\/abc-de-lhydroelectricite\/\">ABC de l\u2019hydro\u00e9lectricit\u00e9<\/a><\/h2>\r\n\t\t\t\t\t<p>La technologie hydro\u00e9lectrique exploite les cours d\u2019eau pour produire de l\u2019\u00e9lectricit\u00e9.<\/p>\n\t\t\t\t\t<a class=\"btn\" href=\"https:\/\/www.renouvelle.be\/fr\/outils\/abc-de-lhydroelectricite\/\">Voir la doc<\/a>\r\n\t\t\t\t<\/div>\r\n\t\t\t<\/div>\r\n\r\n\t\r\n\t    \t<div class=\"wp-block-media-text custom-child-page alignwide is-stacked-on-mobile reveal\">\r\n\t    \t\t<figure class=\"wp-block-media-text__media\">\r\n\t    \t\t\t<a href=\"https:\/\/www.renouvelle.be\/fr\/outils\/abc-de-la-biomasse\/\"><img loading=\"lazy\" decoding=\"async\" width=\"330\" height=\"200\" src=\"https:\/\/www.renouvelle.be\/wp-content\/uploads\/2023\/02\/biomasse1-330x200.jpg\" class=\"attachment-post-medium size-post-medium wp-post-image\" alt=\"\" \/><\/a>\r\n\t    \t\t<\/figure>\r\n\t    \t\t<div class=\"wp-block-media-text__content\">\r\n\t\t\t\t\t<h2><a href=\"https:\/\/www.renouvelle.be\/fr\/outils\/abc-de-la-biomasse\/\">ABC de la biomasse<\/a><\/h2>\r\n\t\t\t\t\t<p>Diff\u00e9rentes technologies utilisent des v\u00e9g\u00e9taux pour produire de l\u2019\u00e9lectricit\u00e9 et\/ou de la chaleur.<\/p>\n\t\t\t\t\t<a class=\"btn\" href=\"https:\/\/www.renouvelle.be\/fr\/outils\/abc-de-la-biomasse\/\">Voir la doc<\/a>\r\n\t\t\t\t<\/div>\r\n\t\t\t<\/div>\r\n\r\n\t\r\n\t    \t<div class=\"wp-block-media-text custom-child-page alignwide is-stacked-on-mobile reveal\">\r\n\t    \t\t<figure class=\"wp-block-media-text__media\">\r\n\t    \t\t\t<a href=\"https:\/\/www.renouvelle.be\/fr\/outils\/abc-du-solaire-thermique\/\"><img loading=\"lazy\" decoding=\"async\" width=\"330\" height=\"200\" src=\"https:\/\/www.renouvelle.be\/wp-content\/uploads\/2023\/02\/solaire-thermique-330x200.jpg\" class=\"attachment-post-medium size-post-medium wp-post-image\" alt=\"\" \/><\/a>\r\n\t    \t\t<\/figure>\r\n\t    \t\t<div class=\"wp-block-media-text__content\">\r\n\t\t\t\t\t<h2><a href=\"https:\/\/www.renouvelle.be\/fr\/outils\/abc-du-solaire-thermique\/\">ABC du solaire thermique<\/a><\/h2>\r\n\t\t\t\t\t<p>La technologie solaire thermique convertit l\u2019\u00e9nergie du soleil en chaleur.<\/p>\n\t\t\t\t\t<a class=\"btn\" href=\"https:\/\/www.renouvelle.be\/fr\/outils\/abc-du-solaire-thermique\/\">Voir la doc<\/a>\r\n\t\t\t\t<\/div>\r\n\t\t\t<\/div>\r\n\r\n\t\r\n\t    \t<div class=\"wp-block-media-text custom-child-page alignwide is-stacked-on-mobile reveal\">\r\n\t    \t\t<figure class=\"wp-block-media-text__media\">\r\n\t    \t\t\t<a href=\"https:\/\/www.renouvelle.be\/fr\/outils\/abc-des-pompes-a-chaleur\/\"><img loading=\"lazy\" decoding=\"async\" width=\"330\" height=\"200\" src=\"https:\/\/www.renouvelle.be\/wp-content\/uploads\/2023\/02\/pac-04-330x200.jpeg\" class=\"attachment-post-medium size-post-medium wp-post-image\" alt=\"\" \/><\/a>\r\n\t    \t\t<\/figure>\r\n\t    \t\t<div class=\"wp-block-media-text__content\">\r\n\t\t\t\t\t<h2><a href=\"https:\/\/www.renouvelle.be\/fr\/outils\/abc-des-pompes-a-chaleur\/\">ABC des Pompes \u00e0 Chaleur<\/a><\/h2>\r\n\t\t\t\t\t<p>La pompe \u00e0 chaleur permet de chauffer un b\u00e2timent \u00e0 partir de la chaleur naturelle.<\/p>\n\t\t\t\t\t<a class=\"btn\" href=\"https:\/\/www.renouvelle.be\/fr\/outils\/abc-des-pompes-a-chaleur\/\">Voir la doc<\/a>\r\n\t\t\t\t<\/div>\r\n\t\t\t<\/div>\r\n\r\n\t\r\n\t    \t<div class=\"wp-block-media-text custom-child-page alignwide is-stacked-on-mobile reveal\">\r\n\t    \t\t<figure class=\"wp-block-media-text__media\">\r\n\t    \t\t\t<a href=\"https:\/\/www.renouvelle.be\/fr\/outils\/abc-de-la-peb\/\"><img loading=\"lazy\" decoding=\"async\" width=\"330\" height=\"200\" src=\"https:\/\/www.renouvelle.be\/wp-content\/uploads\/2023\/02\/Capture-330x200.png\" class=\"attachment-post-medium size-post-medium wp-post-image\" alt=\"\" \/><\/a>\r\n\t    \t\t<\/figure>\r\n\t    \t\t<div class=\"wp-block-media-text__content\">\r\n\t\t\t\t\t<h2><a href=\"https:\/\/www.renouvelle.be\/fr\/outils\/abc-de-la-peb\/\">ABC de la PEB<\/a><\/h2>\r\n\t\t\t\t\t<p>Dans un contexte g\u00e9n\u00e9ral de Performance Energ\u00e9tique des B\u00e2timents (PEB), l'architecture bioclimatique fait partie des \u00e9l\u00e9ments pris en consid\u00e9ration.<\/p>\n\t\t\t\t\t<a class=\"btn\" href=\"https:\/\/www.renouvelle.be\/fr\/outils\/abc-de-la-peb\/\">Voir la doc<\/a>\r\n\t\t\t\t<\/div>\r\n\t\t\t<\/div>\r\n\r\n\t\r\n\t    \t<div class=\"wp-block-media-text custom-child-page alignwide is-stacked-on-mobile reveal\">\r\n\t    \t\t<figure class=\"wp-block-media-text__media\">\r\n\t    \t\t\t<a href=\"https:\/\/www.renouvelle.be\/fr\/outils\/abc-de-la-geothermie\/\"><img loading=\"lazy\" decoding=\"async\" width=\"330\" height=\"200\" src=\"https:\/\/www.renouvelle.be\/wp-content\/uploads\/2023\/02\/geothermie-330x200.jpeg\" class=\"attachment-post-medium size-post-medium wp-post-image\" alt=\"\" \/><\/a>\r\n\t    \t\t<\/figure>\r\n\t    \t\t<div class=\"wp-block-media-text__content\">\r\n\t\t\t\t\t<h2><a href=\"https:\/\/www.renouvelle.be\/fr\/outils\/abc-de-la-geothermie\/\">ABC de la g\u00e9othermie<\/a><\/h2>\r\n\t\t\t\t\t<p>La g\u00e9othermie exploite la chaleur du sol pour un usage de chauffage ou une production d\u2019\u00e9lectricit\u00e9.<\/p>\n\t\t\t\t\t<a class=\"btn\" href=\"https:\/\/www.renouvelle.be\/fr\/outils\/abc-de-la-geothermie\/\">Voir la doc<\/a>\r\n\t\t\t\t<\/div>\r\n\t\t\t<\/div>\r\n\r\n\t\r\n\t    \t<div class=\"wp-block-media-text custom-child-page alignwide is-stacked-on-mobile reveal\">\r\n\t    \t\t<figure class=\"wp-block-media-text__media\">\r\n\t    \t\t\t<a href=\"https:\/\/www.renouvelle.be\/fr\/outils\/brochure-sur-leolien\/\"><img loading=\"lazy\" decoding=\"async\" width=\"330\" height=\"200\" src=\"https:\/\/www.renouvelle.be\/wp-content\/uploads\/2023\/02\/brochure-eolien_Page_01-768x1089-1-330x200.jpg\" class=\"attachment-post-medium size-post-medium wp-post-image\" alt=\"\" \/><\/a>\r\n\t    \t\t<\/figure>\r\n\t    \t\t<div class=\"wp-block-media-text__content\">\r\n\t\t\t\t\t<h2><a href=\"https:\/\/www.renouvelle.be\/fr\/outils\/brochure-sur-leolien\/\">Brochure sur l\u2019\u00e9olien<\/a><\/h2>\r\n\t\t\t\t\t<p>L\u2019\u00e9olien est de plus en plus appel\u00e9 \u00e0 fleurir nos campagnes et zonings. Il joue un r\u00f4le important dans la concr\u00e9tisation des objectifs wallons de production d\u2019\u00e9lectricit\u00e9 renouvelable.<\/p>\n\t\t\t\t\t<a class=\"btn\" href=\"https:\/\/www.renouvelle.be\/fr\/outils\/brochure-sur-leolien\/\">Voir la doc<\/a>\r\n\t\t\t\t<\/div>\r\n\t\t\t<\/div>\r\n\r\n\t\r\n\t    \t<div class=\"wp-block-media-text custom-child-page alignwide is-stacked-on-mobile reveal\">\r\n\t    \t\t<figure class=\"wp-block-media-text__media\">\r\n\t    \t\t\t<a href=\"https:\/\/www.renouvelle.be\/fr\/outils\/democratie-energetique\/\"><img loading=\"lazy\" decoding=\"async\" width=\"330\" height=\"200\" src=\"https:\/\/www.renouvelle.be\/wp-content\/uploads\/2023\/02\/iStock-1200341268-landscape-330x200.jpg\" class=\"attachment-post-medium size-post-medium wp-post-image\" alt=\"\" \/><\/a>\r\n\t    \t\t<\/figure>\r\n\t    \t\t<div class=\"wp-block-media-text__content\">\r\n\t\t\t\t\t<h2><a href=\"https:\/\/www.renouvelle.be\/fr\/outils\/democratie-energetique\/\">D\u00e9mocratie \u00e9nerg\u00e9tique<\/a><\/h2>\r\n\t\t\t\t\t<p>Pour relever le d\u00e9fi climatique, nos soci\u00e9t\u00e9s s\u2019orientent progressivement vers un syst\u00e8me \u00e9nerg\u00e9tique 100% renouvelables.<\/p>\n<p>Et tous les citoyens peuvent participer et b\u00e9n\u00e9ficier d\u2019une transition juste et solidaire.<\/p>\n\t\t\t\t\t<a class=\"btn\" href=\"https:\/\/www.renouvelle.be\/fr\/outils\/democratie-energetique\/\">Voir la doc<\/a>\r\n\t\t\t\t<\/div>\r\n\t\t\t<\/div>\r\n\r\n\t\n","protected":false},"excerpt":{"rendered":"","protected":false},"author":2,"featured_media":0,"parent":0,"menu_order":0,"comment_status":"closed","ping_status":"closed","template":"","meta":{"_acf_changed":false,"footnotes":""},"class_list":["post-8975","page","type-page","status-publish","hentry"],"acf":[],"yoast_head":"<!-- This site is optimized with the Yoast SEO plugin v27.5 - https:\/\/yoast.com\/product\/yoast-seo-wordpress\/ -->\n<title>Outils - Renouvelle<\/title>\n<meta name=\"robots\" content=\"index, follow, max-snippet:-1, max-image-preview:large, max-video-preview:-1\" \/>\n<link rel=\"canonical\" href=\"https:\/\/www.renouvelle.be\/fr\/outils\/\" \/>\n<meta property=\"og:locale\" content=\"fr_FR\" \/>\n<meta property=\"og:type\" content=\"article\" \/>\n<meta property=\"og:title\" content=\"Outils - Renouvelle\" \/>\n<meta property=\"og:url\" content=\"https:\/\/www.renouvelle.be\/fr\/outils\/\" \/>\n<meta property=\"og:site_name\" content=\"Renouvelle\" \/>\n<meta property=\"article:modified_time\" content=\"2023-03-16T10:23:44+00:00\" \/>\n<meta name=\"twitter:card\" content=\"summary_large_image\" \/>\n<script type=\"application\/ld+json\" class=\"yoast-schema-graph\">{\"@context\":\"https:\\\/\\\/schema.org\",\"@graph\":[{\"@type\":\"WebPage\",\"@id\":\"https:\\\/\\\/www.renouvelle.be\\\/fr\\\/outils\\\/\",\"url\":\"https:\\\/\\\/www.renouvelle.be\\\/fr\\\/outils\\\/\",\"name\":\"Outils - Renouvelle\",\"isPartOf\":{\"@id\":\"https:\\\/\\\/www.renouvelle.be\\\/fr\\\/#website\"},\"datePublished\":\"2023-02-23T08:49:21+00:00\",\"dateModified\":\"2023-03-16T10:23:44+00:00\",\"breadcrumb\":{\"@id\":\"https:\\\/\\\/www.renouvelle.be\\\/fr\\\/outils\\\/#breadcrumb\"},\"inLanguage\":\"fr-FR\",\"potentialAction\":[{\"@type\":\"ReadAction\",\"target\":[\"https:\\\/\\\/www.renouvelle.be\\\/fr\\\/outils\\\/\"]}]},{\"@type\":\"BreadcrumbList\",\"@id\":\"https:\\\/\\\/www.renouvelle.be\\\/fr\\\/outils\\\/#breadcrumb\",\"itemListElement\":[{\"@type\":\"ListItem\",\"position\":1,\"name\":\"Accueil\",\"item\":\"https:\\\/\\\/www.renouvelle.be\\\/fr\\\/\"},{\"@type\":\"ListItem\",\"position\":2,\"name\":\"Outils\"}]},{\"@type\":\"WebSite\",\"@id\":\"https:\\\/\\\/www.renouvelle.be\\\/fr\\\/#website\",\"url\":\"https:\\\/\\\/www.renouvelle.be\\\/fr\\\/\",\"name\":\"Renouvelle\",\"description\":\"L&#039;actualit\u00e9 de l&#039;\u00e9nergie durable\",\"potentialAction\":[{\"@type\":\"SearchAction\",\"target\":{\"@type\":\"EntryPoint\",\"urlTemplate\":\"https:\\\/\\\/www.renouvelle.be\\\/fr\\\/?s={search_term_string}\"},\"query-input\":{\"@type\":\"PropertyValueSpecification\",\"valueRequired\":true,\"valueName\":\"search_term_string\"}}],\"inLanguage\":\"fr-FR\"}]}<\/script>\n<!-- \/ Yoast SEO plugin. -->","yoast_head_json":{"title":"Outils - Renouvelle","robots":{"index":"index","follow":"follow","max-snippet":"max-snippet:-1","max-image-preview":"max-image-preview:large","max-video-preview":"max-video-preview:-1"},"canonical":"https:\/\/www.renouvelle.be\/fr\/outils\/","og_locale":"fr_FR","og_type":"article","og_title":"Outils - Renouvelle","og_url":"https:\/\/www.renouvelle.be\/fr\/outils\/","og_site_name":"Renouvelle","article_modified_time":"2023-03-16T10:23:44+00:00","twitter_card":"summary_large_image","schema":{"@context":"https:\/\/schema.org","@graph":[{"@type":"WebPage","@id":"https:\/\/www.renouvelle.be\/fr\/outils\/","url":"https:\/\/www.renouvelle.be\/fr\/outils\/","name":"Outils - Renouvelle","isPartOf":{"@id":"https:\/\/www.renouvelle.be\/fr\/#website"},"datePublished":"2023-02-23T08:49:21+00:00","dateModified":"2023-03-16T10:23:44+00:00","breadcrumb":{"@id":"https:\/\/www.renouvelle.be\/fr\/outils\/#breadcrumb"},"inLanguage":"fr-FR","potentialAction":[{"@type":"ReadAction","target":["https:\/\/www.renouvelle.be\/fr\/outils\/"]}]},{"@type":"BreadcrumbList","@id":"https:\/\/www.renouvelle.be\/fr\/outils\/#breadcrumb","itemListElement":[{"@type":"ListItem","position":1,"name":"Accueil","item":"https:\/\/www.renouvelle.be\/fr\/"},{"@type":"ListItem","position":2,"name":"Outils"}]},{"@type":"WebSite","@id":"https:\/\/www.renouvelle.be\/fr\/#website","url":"https:\/\/www.renouvelle.be\/fr\/","name":"Renouvelle","description":"L&#039;actualit\u00e9 de l&#039;\u00e9nergie durable","potentialAction":[{"@type":"SearchAction","target":{"@type":"EntryPoint","urlTemplate":"https:\/\/www.renouvelle.be\/fr\/?s={search_term_string}"},"query-input":{"@type":"PropertyValueSpecification","valueRequired":true,"valueName":"search_term_string"}}],"inLanguage":"fr-FR"}]}},"_links":{"self":[{"href":"https:\/\/www.renouvelle.be\/fr\/wp-json\/wp\/v2\/pages\/8975","targetHints":{"allow":["GET"]}}],"collection":[{"href":"https:\/\/www.renouvelle.be\/fr\/wp-json\/wp\/v2\/pages"}],"about":[{"href":"https:\/\/www.renouvelle.be\/fr\/wp-json\/wp\/v2\/types\/page"}],"author":[{"embeddable":true,"href":"https:\/\/www.renouvelle.be\/fr\/wp-json\/wp\/v2\/users\/2"}],"replies":[{"embeddable":true,"href":"https:\/\/www.renouvelle.be\/fr\/wp-json\/wp\/v2\/comments?post=8975"}],"version-history":[{"count":2,"href":"https:\/\/www.renouvelle.be\/fr\/wp-json\/wp\/v2\/pages\/8975\/revisions"}],"predecessor-version":[{"id":8997,"href":"https:\/\/www.renouvelle.be\/fr\/wp-json\/wp\/v2\/pages\/8975\/revisions\/8997"}],"wp:attachment":[{"href":"https:\/\/www.renouvelle.be\/fr\/wp-json\/wp\/v2\/media?parent=8975"}],"curies":[{"name":"wp","href":"https:\/\/api.w.org\/{rel}","templated":true}]}}