{"id":8881,"date":"2023-02-16T15:07:00","date_gmt":"2023-02-16T14:07:00","guid":{"rendered":"https:\/\/www.renouvelle.be\/?page_id=8881"},"modified":"2025-09-29T16:59:47","modified_gmt":"2025-09-29T14:59:47","slug":"observatoire-hydroenergie","status":"publish","type":"page","link":"https:\/\/www.renouvelle.be\/fr\/faits-chiffres\/observatoire-hydroenergie\/","title":{"rendered":"Observatoire hydro\u00e9nergie"},"content":{"rendered":"\n<p>Voici les principaux chiffres du secteur de l&rsquo;hydro\u00e9lectricit\u00e9 en Belgique.<br>Retrouvez aussi toutes les informations de base sur la page d\u00e9di\u00e9e \u00e0 l&rsquo;hydro\u00e9lectricit\u00e9.<\/p>\n\n\n\n<h2 class=\"wp-block-heading\">Puissance install\u00e9e<\/h2>\n\n\n\n<p>Fin 2020, le parc belge totalise pr\u00e8s de 114&nbsp;MW r\u00e9partis sur 166 sites de production.<\/p>\n\n\n\n<p>La tr\u00e8s grande majorit\u00e9 de la puissance est install\u00e9e en Wallonie (111&nbsp;MW), qui a vu&nbsp;en 2020,&nbsp;la mise en service de la centrale de Houx (1,3 MW) sur la Meuse, de la centrale des Grosses-Battes (1,4 MW) sur l\u2019Ourthe, la cure de jouvance de quelques sites&nbsp;: Centrale de Beaupain \u00e0 Cierreux (132 kW),&nbsp;Centrale des Forges \u00e0 Anseremme (70 kW) et Centrale du Maka \u00e0 Yvoir ainsi que l\u2019\u00e9quipement du site du Chatelet \u00e0 Habay (21 kW) et de trois sites d\u2019anciens moulins.<\/p>\n\n\n\n<p>En Flandre, 5,6 MW sont install\u00e9s, sur 13 sites. Les plus grosses puissances se concentrent sur les stations de pompage turbinage sur le canal Albert et la Meuse : l\u2019eau est pomp\u00e9e de l\u2019amont vers l\u2019aval pour le soutien \u00e0 l\u2019\u00e9tiage ou pour compenser les \u00e9clus\u00e9es et elle est turbin\u00e9e quand il y a plus d\u2019eau que n\u00e9cessaire.<\/p>\n\n\n\n<iframe loading=\"lazy\" frameborder=\"0\" height=\"500\" scrolling=\"no\" width=\"100%\" src=\"https:\/\/app.powerbi.com\/view?r=eyJrIjoiN2M2ZWI4ZjItZjMyOS00MTBkLTlmMTktZjdhZjAzZTIzOTk3IiwidCI6IjYwNTM2MTIzLTkxNDYtNDM2ZC05ZGRkLWJjNmIwYTJiZTE3NiIsImMiOjl9\" class=\" lazyloaded\"><\/iframe>\n\n\n\n<div style=\"height:4rem\" aria-hidden=\"true\" class=\"wp-block-spacer\"><\/div>\n\n\n\n<figure class=\"wp-block-image size-large\"><img loading=\"lazy\" decoding=\"async\" width=\"1024\" height=\"683\" src=\"https:\/\/www.renouvelle.be\/wp-content\/uploads\/2023\/02\/Ivot-Ramet-1-1024x683.jpg\" alt=\"\" class=\"wp-image-8927\" srcset=\"https:\/\/www.renouvelle.be\/wp-content\/uploads\/2023\/02\/Ivot-Ramet-1-1024x683.jpg 1024w, https:\/\/www.renouvelle.be\/wp-content\/uploads\/2023\/02\/Ivot-Ramet-1-300x200.jpg 300w, https:\/\/www.renouvelle.be\/wp-content\/uploads\/2023\/02\/Ivot-Ramet-1-768x512.jpg 768w, https:\/\/www.renouvelle.be\/wp-content\/uploads\/2023\/02\/Ivot-Ramet-1-1200x800.jpg 1200w, https:\/\/www.renouvelle.be\/wp-content\/uploads\/2023\/02\/Ivot-Ramet-1.jpg 1500w\" sizes=\"auto, (max-width: 1024px) 100vw, 1024px\" \/><figcaption class=\"wp-element-caption\">Centrale hydraulique de Ivot Ramet, SPE LUMINUS<\/figcaption><\/figure>\n\n\n\n<div class=\"wp-block-media-text alignwide has-media-on-the-right is-stacked-on-mobile\"><div class=\"wp-block-media-text__content\">\n<h2 class=\"wp-block-heading\">Une production Wallonne<\/h2>\n\n\n\n<p>L\u2019essentiel de la puissance (83%) est&nbsp;<strong>au fil de l\u2019eau<\/strong>.<\/p>\n\n\n\n<p>Les&nbsp;<strong>barrages<\/strong>&nbsp;(17% de la puissance) qui sont exploit\u00e9s pour l\u2019hydro\u00e9nergie sont&nbsp;localis\u00e9s \u00e0 B\u00e9verc\u00e9 (Malm\u00e9dy), \u00e0 Butgenbach, sur le Complexe de la Vesdre (Eupen), sur le Complexe de l\u2019Ourthe (Nadrin), sur l\u2019Eau d\u2019Heure, \u00e0 la Gileppe (Verviers) et sur la Vierre (Chiny).<\/p>\n\n\n\n<p>Historiquement, ces barrages ont \u00e9t\u00e9 construits \u00e0 des fins de retenue d\u2019eau potable, comme bassin d\u2019\u00e9cr\u00eatage pour les crues ou comme soutien pour les voies hydrauliques (adduction d&rsquo;eau, r\u00e9gulation de d\u00e9bit) et la fonction hydro\u00e9lectrique a ensuite \u00e9t\u00e9 exploit\u00e9e (\u00e0 l\u2019exception du barrage de la Vierre construit pour assurer les pointes de demande en \u00e9lectricit\u00e9).<\/p>\n\n\n\n<p>La carte \u00e0 c\u00f4t\u00e9 illustre la r\u00e9partition g\u00e9ographique des centrales hydro\u00e9lectriques en Belgique selon leur puissance install\u00e9e.<\/p>\n<\/div><figure class=\"wp-block-media-text__media\"><img loading=\"lazy\" decoding=\"async\" width=\"580\" height=\"410\" src=\"https:\/\/www.renouvelle.be\/wp-content\/uploads\/2023\/02\/hydro_belgium_18_fr.jpg\" alt=\"\" class=\"wp-image-8930 size-full\" srcset=\"https:\/\/www.renouvelle.be\/wp-content\/uploads\/2023\/02\/hydro_belgium_18_fr.jpg 580w, https:\/\/www.renouvelle.be\/wp-content\/uploads\/2023\/02\/hydro_belgium_18_fr-300x212.jpg 300w\" sizes=\"auto, (max-width: 580px) 100vw, 580px\" \/><\/figure><\/div>\n\n\n\n<figure class=\"wp-block-image size-large\"><img loading=\"lazy\" decoding=\"async\" width=\"1024\" height=\"512\" src=\"https:\/\/www.renouvelle.be\/wp-content\/uploads\/2023\/02\/Lixhe-panorama-1024x512.jpg\" alt=\"\" class=\"wp-image-8933\" srcset=\"https:\/\/www.renouvelle.be\/wp-content\/uploads\/2023\/02\/Lixhe-panorama-1024x512.jpg 1024w, https:\/\/www.renouvelle.be\/wp-content\/uploads\/2023\/02\/Lixhe-panorama-300x150.jpg 300w, https:\/\/www.renouvelle.be\/wp-content\/uploads\/2023\/02\/Lixhe-panorama-768x384.jpg 768w, https:\/\/www.renouvelle.be\/wp-content\/uploads\/2023\/02\/Lixhe-panorama-700x350.jpg 700w, https:\/\/www.renouvelle.be\/wp-content\/uploads\/2023\/02\/Lixhe-panorama-1200x600.jpg 1200w, https:\/\/www.renouvelle.be\/wp-content\/uploads\/2023\/02\/Lixhe-panorama.jpg 1500w\" sizes=\"auto, (max-width: 1024px) 100vw, 1024px\" \/><\/figure>\n\n\n\n<h2 class=\"wp-block-heading\">Production annuelle<\/h2>\n\n\n\n<iframe loading=\"lazy\" frameborder=\"0\" height=\"500\" scrolling=\"no\" width=\"100%\" src=\"https:\/\/app.powerbi.com\/view?r=eyJrIjoiOGZjYTFmZmUtZjczNS00NGJkLTgxZTgtMDRlZWY1YzI4MTllIiwidCI6IjYwNTM2MTIzLTkxNDYtNDM2ZC05ZGRkLWJjNmIwYTJiZTE3NiIsImMiOjl9&amp;pageName=ReportSectiona9cd3232c76c3872b900\" class=\" lazyloaded\"><\/iframe>\n\n\n\n<div style=\"height:16px\" aria-hidden=\"true\" class=\"wp-block-spacer\"><\/div>\n\n\n\n<p><em>*&nbsp;En absence de donn\u00e9es des bilans r\u00e9gionaux \u00e0 partir de 2018, la production \u00e9lectrique annuelle d&rsquo;une centrale hydro\u00e9lectrique est estim\u00e9e en fonction du taux de charge.&nbsp;Pour un intervalle de temps d\u00e9termin\u00e9, le taux de charge (TC) est le rapport de l&rsquo;\u00e9nergie effectivement fournie par la centrale \u00e0 l\u2019\u00e9nergie qui pourrait \u00eatre produite si la centrale fonctionnait en r\u00e9gime continu \u00e0 pleine puissance.&nbsp;On observe que le taux de charge annuel des centrales hydro\u00e9lectriques en Belgique se situe selon les cours d&rsquo;eau entre 35 et 60%. Les donn\u00e9es de pluviom\u00e9trie et les informations sur les indisponibilit\u00e9s de centrales sont \u00e9galement consid\u00e9r\u00e9es dans l&rsquo;estimation.<\/em><\/p>\n","protected":false},"excerpt":{"rendered":"<p>Voici les principaux chiffres du secteur de l&rsquo;hydro\u00e9lectricit\u00e9 en Belgique.Retrouvez aussi toutes les informations de base sur la page d\u00e9di\u00e9e \u00e0 l&rsquo;hydro\u00e9lectricit\u00e9. Puissance install\u00e9e Fin 2020, le parc belge totalise pr\u00e8s de 114&nbsp;MW r\u00e9partis sur 166 sites de production. La tr\u00e8s grande majorit\u00e9 de la puissance est install\u00e9e en Wallonie (111&nbsp;MW), qui a vu&nbsp;en 2020,&nbsp;la mise en service de la centrale de Houx (1,3 MW) sur la Meuse, de la centrale des Grosses-Battes (1,4 MW) sur l\u2019Ourthe, la cure de jouvance de quelques sites&nbsp;: Centrale de Beaupain \u00e0 Cierreux (132 kW),&nbsp;Centrale des Forges \u00e0 Anseremme (70 kW) et Centrale du Maka \u00e0 Yvoir ainsi que l\u2019\u00e9quipement du site du Chatelet \u00e0 Habay (21 kW) et de trois sites d\u2019anciens moulins. En Flandre, 5,6 MW sont install\u00e9s, sur 13 sites. Les plus grosses puissances se concentrent sur les stations de pompage turbinage sur le canal Albert et la Meuse : l\u2019eau est pomp\u00e9e de l\u2019amont vers l\u2019aval pour le soutien \u00e0 l\u2019\u00e9tiage ou pour compenser les \u00e9clus\u00e9es et elle est turbin\u00e9e quand il y a plus d\u2019eau que n\u00e9cessaire. Une production Wallonne L\u2019essentiel de la puissance (83%) est&nbsp;au fil de l\u2019eau. Les&nbsp;barrages&nbsp;(17% de la puissance) qui sont exploit\u00e9s pour l\u2019hydro\u00e9nergie sont&nbsp;localis\u00e9s \u00e0 B\u00e9verc\u00e9 (Malm\u00e9dy), \u00e0 Butgenbach, sur le Complexe de la Vesdre (Eupen), sur le Complexe de l\u2019Ourthe (Nadrin), sur l\u2019Eau d\u2019Heure, \u00e0 la Gileppe (Verviers) et sur la Vierre (Chiny). Historiquement, ces barrages ont \u00e9t\u00e9 construits \u00e0 des fins de retenue d\u2019eau potable, comme bassin d\u2019\u00e9cr\u00eatage pour les crues ou comme soutien pour les voies hydrauliques (adduction d&rsquo;eau, r\u00e9gulation de d\u00e9bit) et la fonction hydro\u00e9lectrique a ensuite \u00e9t\u00e9 exploit\u00e9e (\u00e0 l\u2019exception du barrage de la Vierre construit pour assurer les pointes de demande en \u00e9lectricit\u00e9). La carte \u00e0 c\u00f4t\u00e9 illustre &hellip; <a href=\"https:\/\/www.renouvelle.be\/fr\/faits-chiffres\/observatoire-hydroenergie\/\" class=\"more-link\">Continue reading<span class=\"screen-reader-text\"> \u00ab\u00a0Observatoire hydro\u00e9nergie\u00a0\u00bb<\/span><\/a><\/p>\n","protected":false},"author":2,"featured_media":8865,"parent":8849,"menu_order":5,"comment_status":"closed","ping_status":"closed","template":"","meta":{"_acf_changed":false,"footnotes":""},"class_list":["post-8881","page","type-page","status-publish","has-post-thumbnail","hentry"],"acf":[],"yoast_head":"<!-- This site is optimized with the Yoast SEO plugin v27.5 - https:\/\/yoast.com\/product\/yoast-seo-wordpress\/ -->\n<title>Observatoire hydro\u00e9nergie - Renouvelle<\/title>\n<meta name=\"robots\" content=\"index, follow, max-snippet:-1, max-image-preview:large, max-video-preview:-1\" \/>\n<link rel=\"canonical\" href=\"https:\/\/www.renouvelle.be\/fr\/faits-chiffres\/observatoire-hydroenergie\/\" \/>\n<meta property=\"og:locale\" content=\"fr_FR\" \/>\n<meta property=\"og:type\" content=\"article\" \/>\n<meta property=\"og:title\" content=\"Observatoire hydro\u00e9nergie - Renouvelle\" \/>\n<meta property=\"og:description\" content=\"Voici les principaux chiffres du secteur de l&rsquo;hydro\u00e9lectricit\u00e9 en Belgique.Retrouvez aussi toutes les informations de base sur la page d\u00e9di\u00e9e \u00e0 l&rsquo;hydro\u00e9lectricit\u00e9. Puissance install\u00e9e Fin 2020, le parc belge totalise pr\u00e8s de 114&nbsp;MW r\u00e9partis sur 166 sites de production. La tr\u00e8s grande majorit\u00e9 de la puissance est install\u00e9e en Wallonie (111&nbsp;MW), qui a vu&nbsp;en 2020,&nbsp;la mise en service de la centrale de Houx (1,3 MW) sur la Meuse, de la centrale des Grosses-Battes (1,4 MW) sur l\u2019Ourthe, la cure de jouvance de quelques sites&nbsp;: Centrale de Beaupain \u00e0 Cierreux (132 kW),&nbsp;Centrale des Forges \u00e0 Anseremme (70 kW) et Centrale du Maka \u00e0 Yvoir ainsi que l\u2019\u00e9quipement du site du Chatelet \u00e0 Habay (21 kW) et de trois sites d\u2019anciens moulins. En Flandre, 5,6 MW sont install\u00e9s, sur 13 sites. Les plus grosses puissances se concentrent sur les stations de pompage turbinage sur le canal Albert et la Meuse : l\u2019eau est pomp\u00e9e de l\u2019amont vers l\u2019aval pour le soutien \u00e0 l\u2019\u00e9tiage ou pour compenser les \u00e9clus\u00e9es et elle est turbin\u00e9e quand il y a plus d\u2019eau que n\u00e9cessaire. Une production Wallonne L\u2019essentiel de la puissance (83%) est&nbsp;au fil de l\u2019eau. Les&nbsp;barrages&nbsp;(17% de la puissance) qui sont exploit\u00e9s pour l\u2019hydro\u00e9nergie sont&nbsp;localis\u00e9s \u00e0 B\u00e9verc\u00e9 (Malm\u00e9dy), \u00e0 Butgenbach, sur le Complexe de la Vesdre (Eupen), sur le Complexe de l\u2019Ourthe (Nadrin), sur l\u2019Eau d\u2019Heure, \u00e0 la Gileppe (Verviers) et sur la Vierre (Chiny). Historiquement, ces barrages ont \u00e9t\u00e9 construits \u00e0 des fins de retenue d\u2019eau potable, comme bassin d\u2019\u00e9cr\u00eatage pour les crues ou comme soutien pour les voies hydrauliques (adduction d&rsquo;eau, r\u00e9gulation de d\u00e9bit) et la fonction hydro\u00e9lectrique a ensuite \u00e9t\u00e9 exploit\u00e9e (\u00e0 l\u2019exception du barrage de la Vierre construit pour assurer les pointes de demande en \u00e9lectricit\u00e9). La carte \u00e0 c\u00f4t\u00e9 illustre &hellip; Continue reading &quot;Observatoire hydro\u00e9nergie&quot;\" \/>\n<meta property=\"og:url\" content=\"https:\/\/www.renouvelle.be\/fr\/faits-chiffres\/observatoire-hydroenergie\/\" \/>\n<meta property=\"og:site_name\" content=\"Renouvelle\" \/>\n<meta property=\"article:modified_time\" content=\"2025-09-29T14:59:47+00:00\" \/>\n<meta property=\"og:image\" content=\"https:\/\/www.renouvelle.be\/wp-content\/uploads\/2023\/02\/iStock-514625748.jpg\" \/>\n\t<meta property=\"og:image:width\" content=\"600\" \/>\n\t<meta property=\"og:image:height\" content=\"390\" \/>\n\t<meta property=\"og:image:type\" content=\"image\/jpeg\" \/>\n<meta name=\"twitter:card\" content=\"summary_large_image\" \/>\n<script type=\"application\/ld+json\" class=\"yoast-schema-graph\">{\"@context\":\"https:\\\/\\\/schema.org\",\"@graph\":[{\"@type\":\"WebPage\",\"@id\":\"https:\\\/\\\/www.renouvelle.be\\\/fr\\\/faits-chiffres\\\/observatoire-hydroenergie\\\/\",\"url\":\"https:\\\/\\\/www.renouvelle.be\\\/fr\\\/faits-chiffres\\\/observatoire-hydroenergie\\\/\",\"name\":\"Observatoire hydro\u00e9nergie - Renouvelle\",\"isPartOf\":{\"@id\":\"https:\\\/\\\/www.renouvelle.be\\\/fr\\\/#website\"},\"primaryImageOfPage\":{\"@id\":\"https:\\\/\\\/www.renouvelle.be\\\/fr\\\/faits-chiffres\\\/observatoire-hydroenergie\\\/#primaryimage\"},\"image\":{\"@id\":\"https:\\\/\\\/www.renouvelle.be\\\/fr\\\/faits-chiffres\\\/observatoire-hydroenergie\\\/#primaryimage\"},\"thumbnailUrl\":\"https:\\\/\\\/www.renouvelle.be\\\/wp-content\\\/uploads\\\/2023\\\/02\\\/iStock-514625748.jpg\",\"datePublished\":\"2023-02-16T14:07:00+00:00\",\"dateModified\":\"2025-09-29T14:59:47+00:00\",\"breadcrumb\":{\"@id\":\"https:\\\/\\\/www.renouvelle.be\\\/fr\\\/faits-chiffres\\\/observatoire-hydroenergie\\\/#breadcrumb\"},\"inLanguage\":\"fr-FR\",\"potentialAction\":[{\"@type\":\"ReadAction\",\"target\":[\"https:\\\/\\\/www.renouvelle.be\\\/fr\\\/faits-chiffres\\\/observatoire-hydroenergie\\\/\"]}]},{\"@type\":\"ImageObject\",\"inLanguage\":\"fr-FR\",\"@id\":\"https:\\\/\\\/www.renouvelle.be\\\/fr\\\/faits-chiffres\\\/observatoire-hydroenergie\\\/#primaryimage\",\"url\":\"https:\\\/\\\/www.renouvelle.be\\\/wp-content\\\/uploads\\\/2023\\\/02\\\/iStock-514625748.jpg\",\"contentUrl\":\"https:\\\/\\\/www.renouvelle.be\\\/wp-content\\\/uploads\\\/2023\\\/02\\\/iStock-514625748.jpg\",\"width\":600,\"height\":390},{\"@type\":\"BreadcrumbList\",\"@id\":\"https:\\\/\\\/www.renouvelle.be\\\/fr\\\/faits-chiffres\\\/observatoire-hydroenergie\\\/#breadcrumb\",\"itemListElement\":[{\"@type\":\"ListItem\",\"position\":1,\"name\":\"Accueil\",\"item\":\"https:\\\/\\\/www.renouvelle.be\\\/fr\\\/\"},{\"@type\":\"ListItem\",\"position\":2,\"name\":\"Faits &#038; chiffres\",\"item\":\"https:\\\/\\\/www.renouvelle.be\\\/fr\\\/faits-chiffres\\\/\"},{\"@type\":\"ListItem\",\"position\":3,\"name\":\"Observatoire hydro\u00e9nergie\"}]},{\"@type\":\"WebSite\",\"@id\":\"https:\\\/\\\/www.renouvelle.be\\\/fr\\\/#website\",\"url\":\"https:\\\/\\\/www.renouvelle.be\\\/fr\\\/\",\"name\":\"Renouvelle\",\"description\":\"L&#039;actualit\u00e9 de l&#039;\u00e9nergie durable\",\"potentialAction\":[{\"@type\":\"SearchAction\",\"target\":{\"@type\":\"EntryPoint\",\"urlTemplate\":\"https:\\\/\\\/www.renouvelle.be\\\/fr\\\/?s={search_term_string}\"},\"query-input\":{\"@type\":\"PropertyValueSpecification\",\"valueRequired\":true,\"valueName\":\"search_term_string\"}}],\"inLanguage\":\"fr-FR\"}]}<\/script>\n<!-- \/ Yoast SEO plugin. -->","yoast_head_json":{"title":"Observatoire hydro\u00e9nergie - Renouvelle","robots":{"index":"index","follow":"follow","max-snippet":"max-snippet:-1","max-image-preview":"max-image-preview:large","max-video-preview":"max-video-preview:-1"},"canonical":"https:\/\/www.renouvelle.be\/fr\/faits-chiffres\/observatoire-hydroenergie\/","og_locale":"fr_FR","og_type":"article","og_title":"Observatoire hydro\u00e9nergie - Renouvelle","og_description":"Voici les principaux chiffres du secteur de l&rsquo;hydro\u00e9lectricit\u00e9 en Belgique.Retrouvez aussi toutes les informations de base sur la page d\u00e9di\u00e9e \u00e0 l&rsquo;hydro\u00e9lectricit\u00e9. Puissance install\u00e9e Fin 2020, le parc belge totalise pr\u00e8s de 114&nbsp;MW r\u00e9partis sur 166 sites de production. La tr\u00e8s grande majorit\u00e9 de la puissance est install\u00e9e en Wallonie (111&nbsp;MW), qui a vu&nbsp;en 2020,&nbsp;la mise en service de la centrale de Houx (1,3 MW) sur la Meuse, de la centrale des Grosses-Battes (1,4 MW) sur l\u2019Ourthe, la cure de jouvance de quelques sites&nbsp;: Centrale de Beaupain \u00e0 Cierreux (132 kW),&nbsp;Centrale des Forges \u00e0 Anseremme (70 kW) et Centrale du Maka \u00e0 Yvoir ainsi que l\u2019\u00e9quipement du site du Chatelet \u00e0 Habay (21 kW) et de trois sites d\u2019anciens moulins. En Flandre, 5,6 MW sont install\u00e9s, sur 13 sites. Les plus grosses puissances se concentrent sur les stations de pompage turbinage sur le canal Albert et la Meuse : l\u2019eau est pomp\u00e9e de l\u2019amont vers l\u2019aval pour le soutien \u00e0 l\u2019\u00e9tiage ou pour compenser les \u00e9clus\u00e9es et elle est turbin\u00e9e quand il y a plus d\u2019eau que n\u00e9cessaire. Une production Wallonne L\u2019essentiel de la puissance (83%) est&nbsp;au fil de l\u2019eau. Les&nbsp;barrages&nbsp;(17% de la puissance) qui sont exploit\u00e9s pour l\u2019hydro\u00e9nergie sont&nbsp;localis\u00e9s \u00e0 B\u00e9verc\u00e9 (Malm\u00e9dy), \u00e0 Butgenbach, sur le Complexe de la Vesdre (Eupen), sur le Complexe de l\u2019Ourthe (Nadrin), sur l\u2019Eau d\u2019Heure, \u00e0 la Gileppe (Verviers) et sur la Vierre (Chiny). Historiquement, ces barrages ont \u00e9t\u00e9 construits \u00e0 des fins de retenue d\u2019eau potable, comme bassin d\u2019\u00e9cr\u00eatage pour les crues ou comme soutien pour les voies hydrauliques (adduction d&rsquo;eau, r\u00e9gulation de d\u00e9bit) et la fonction hydro\u00e9lectrique a ensuite \u00e9t\u00e9 exploit\u00e9e (\u00e0 l\u2019exception du barrage de la Vierre construit pour assurer les pointes de demande en \u00e9lectricit\u00e9). La carte \u00e0 c\u00f4t\u00e9 illustre &hellip; Continue reading \"Observatoire hydro\u00e9nergie\"","og_url":"https:\/\/www.renouvelle.be\/fr\/faits-chiffres\/observatoire-hydroenergie\/","og_site_name":"Renouvelle","article_modified_time":"2025-09-29T14:59:47+00:00","og_image":[{"width":600,"height":390,"url":"https:\/\/www.renouvelle.be\/wp-content\/uploads\/2023\/02\/iStock-514625748.jpg","type":"image\/jpeg"}],"twitter_card":"summary_large_image","schema":{"@context":"https:\/\/schema.org","@graph":[{"@type":"WebPage","@id":"https:\/\/www.renouvelle.be\/fr\/faits-chiffres\/observatoire-hydroenergie\/","url":"https:\/\/www.renouvelle.be\/fr\/faits-chiffres\/observatoire-hydroenergie\/","name":"Observatoire hydro\u00e9nergie - Renouvelle","isPartOf":{"@id":"https:\/\/www.renouvelle.be\/fr\/#website"},"primaryImageOfPage":{"@id":"https:\/\/www.renouvelle.be\/fr\/faits-chiffres\/observatoire-hydroenergie\/#primaryimage"},"image":{"@id":"https:\/\/www.renouvelle.be\/fr\/faits-chiffres\/observatoire-hydroenergie\/#primaryimage"},"thumbnailUrl":"https:\/\/www.renouvelle.be\/wp-content\/uploads\/2023\/02\/iStock-514625748.jpg","datePublished":"2023-02-16T14:07:00+00:00","dateModified":"2025-09-29T14:59:47+00:00","breadcrumb":{"@id":"https:\/\/www.renouvelle.be\/fr\/faits-chiffres\/observatoire-hydroenergie\/#breadcrumb"},"inLanguage":"fr-FR","potentialAction":[{"@type":"ReadAction","target":["https:\/\/www.renouvelle.be\/fr\/faits-chiffres\/observatoire-hydroenergie\/"]}]},{"@type":"ImageObject","inLanguage":"fr-FR","@id":"https:\/\/www.renouvelle.be\/fr\/faits-chiffres\/observatoire-hydroenergie\/#primaryimage","url":"https:\/\/www.renouvelle.be\/wp-content\/uploads\/2023\/02\/iStock-514625748.jpg","contentUrl":"https:\/\/www.renouvelle.be\/wp-content\/uploads\/2023\/02\/iStock-514625748.jpg","width":600,"height":390},{"@type":"BreadcrumbList","@id":"https:\/\/www.renouvelle.be\/fr\/faits-chiffres\/observatoire-hydroenergie\/#breadcrumb","itemListElement":[{"@type":"ListItem","position":1,"name":"Accueil","item":"https:\/\/www.renouvelle.be\/fr\/"},{"@type":"ListItem","position":2,"name":"Faits &#038; chiffres","item":"https:\/\/www.renouvelle.be\/fr\/faits-chiffres\/"},{"@type":"ListItem","position":3,"name":"Observatoire hydro\u00e9nergie"}]},{"@type":"WebSite","@id":"https:\/\/www.renouvelle.be\/fr\/#website","url":"https:\/\/www.renouvelle.be\/fr\/","name":"Renouvelle","description":"L&#039;actualit\u00e9 de l&#039;\u00e9nergie durable","potentialAction":[{"@type":"SearchAction","target":{"@type":"EntryPoint","urlTemplate":"https:\/\/www.renouvelle.be\/fr\/?s={search_term_string}"},"query-input":{"@type":"PropertyValueSpecification","valueRequired":true,"valueName":"search_term_string"}}],"inLanguage":"fr-FR"}]}},"_links":{"self":[{"href":"https:\/\/www.renouvelle.be\/fr\/wp-json\/wp\/v2\/pages\/8881","targetHints":{"allow":["GET"]}}],"collection":[{"href":"https:\/\/www.renouvelle.be\/fr\/wp-json\/wp\/v2\/pages"}],"about":[{"href":"https:\/\/www.renouvelle.be\/fr\/wp-json\/wp\/v2\/types\/page"}],"author":[{"embeddable":true,"href":"https:\/\/www.renouvelle.be\/fr\/wp-json\/wp\/v2\/users\/2"}],"replies":[{"embeddable":true,"href":"https:\/\/www.renouvelle.be\/fr\/wp-json\/wp\/v2\/comments?post=8881"}],"version-history":[{"count":7,"href":"https:\/\/www.renouvelle.be\/fr\/wp-json\/wp\/v2\/pages\/8881\/revisions"}],"predecessor-version":[{"id":15697,"href":"https:\/\/www.renouvelle.be\/fr\/wp-json\/wp\/v2\/pages\/8881\/revisions\/15697"}],"up":[{"embeddable":true,"href":"https:\/\/www.renouvelle.be\/fr\/wp-json\/wp\/v2\/pages\/8849"}],"wp:featuredmedia":[{"embeddable":true,"href":"https:\/\/www.renouvelle.be\/fr\/wp-json\/wp\/v2\/media\/8865"}],"wp:attachment":[{"href":"https:\/\/www.renouvelle.be\/fr\/wp-json\/wp\/v2\/media?parent=8881"}],"curies":[{"name":"wp","href":"https:\/\/api.w.org\/{rel}","templated":true}]}}