{"id":8875,"date":"2023-02-16T15:06:24","date_gmt":"2023-02-16T14:06:24","guid":{"rendered":"https:\/\/www.renouvelle.be\/?page_id=8875"},"modified":"2026-03-19T10:59:41","modified_gmt":"2026-03-19T09:59:41","slug":"electricite-renouvelable","status":"publish","type":"page","link":"https:\/\/www.renouvelle.be\/fr\/faits-chiffres\/electricite-renouvelable\/","title":{"rendered":"\u00c9lectricit\u00e9 renouvelable"},"content":{"rendered":"\n<iframe loading=\"lazy\" src=\"https:\/\/remeteo.energiecommune.be\/history\/donut.html\" width=\"700px\" height=\"700px\" frameborder=\"0\"><\/iframe>\n\n\n\n<div style=\"height:2rem\" aria-hidden=\"true\" class=\"wp-block-spacer\"><\/div>\n\n\n\n<iframe loading=\"lazy\" src=\"https:\/\/remeteo.energiecommune.be\/history\/prod-re.html\" width=\"700px\" height=\"600px\" frameborder=\"0\"><\/iframe>\n\n\n\n<div style=\"height:1rem\" aria-hidden=\"true\" class=\"wp-block-spacer\"><\/div>\n\n\n\n<h2 class=\"wp-block-heading\"><strong>Retrouvez ci-dessous le d\u00e9tail des productivit\u00e9s par fili\u00e8re :<\/strong><\/h2>\n\n\n\n<div style=\"height:4rem\" aria-hidden=\"true\" class=\"wp-block-spacer\"><\/div>\n\n\n\n<iframe loading=\"lazy\" src=\"https:\/\/remeteo.energiecommune.be\/history\/prod-pv-monthly.html\" width=\"725px\" height=\"490px\" frameborder=\"0\"><\/iframe>\n\n\n\n<iframe loading=\"lazy\" src=\"https:\/\/remeteo.energiecommune.be\/history\/prod-pv-yearly.html\" width=\"725px\" height=\"490px\" frameborder=\"0\"><\/iframe>\n\n\n\n<div style=\"height:5rem\" aria-hidden=\"true\" class=\"wp-block-spacer\"><\/div>\n\n\n\n<iframe loading=\"lazy\" src=\"https:\/\/remeteo.energiecommune.be\/history\/prod-wind-monthly.html\" width=\"725px\" height=\"490px\" frameborder=\"0\"><\/iframe>\n\n\n\n<iframe loading=\"lazy\" src=\"https:\/\/remeteo.energiecommune.be\/history\/prod-wind-yearly.html\" width=\"725px\" height=\"490px\" frameborder=\"0\"><\/iframe>\n","protected":false},"excerpt":{"rendered":"<p>Retrouvez ci-dessous le d\u00e9tail des productivit\u00e9s par fili\u00e8re :<\/p>\n","protected":false},"author":2,"featured_media":16335,"parent":8849,"menu_order":2,"comment_status":"closed","ping_status":"closed","template":"","meta":{"_acf_changed":false,"footnotes":""},"class_list":["post-8875","page","type-page","status-publish","has-post-thumbnail","hentry"],"acf":[],"yoast_head":"<!-- This site is optimized with the Yoast SEO plugin v27.5 - https:\/\/yoast.com\/product\/yoast-seo-wordpress\/ -->\n<title>\u00c9lectricit\u00e9 renouvelable - Renouvelle<\/title>\n<meta name=\"robots\" content=\"index, follow, max-snippet:-1, max-image-preview:large, max-video-preview:-1\" \/>\n<link rel=\"canonical\" href=\"https:\/\/www.renouvelle.be\/fr\/faits-chiffres\/electricite-renouvelable\/\" \/>\n<meta property=\"og:locale\" content=\"fr_FR\" \/>\n<meta property=\"og:type\" content=\"article\" \/>\n<meta property=\"og:title\" content=\"\u00c9lectricit\u00e9 renouvelable - Renouvelle\" \/>\n<meta property=\"og:description\" content=\"Retrouvez ci-dessous le d\u00e9tail des productivit\u00e9s par fili\u00e8re :\" \/>\n<meta property=\"og:url\" content=\"https:\/\/www.renouvelle.be\/fr\/faits-chiffres\/electricite-renouvelable\/\" \/>\n<meta property=\"og:site_name\" content=\"Renouvelle\" \/>\n<meta property=\"article:modified_time\" content=\"2026-03-19T09:59:41+00:00\" \/>\n<meta property=\"og:image\" content=\"https:\/\/www.renouvelle.be\/wp-content\/uploads\/2026\/02\/AdobeStock_842746463-scaled-e1771588572264.jpeg\" \/>\n\t<meta property=\"og:image:width\" content=\"2560\" \/>\n\t<meta property=\"og:image:height\" content=\"1570\" \/>\n\t<meta property=\"og:image:type\" content=\"image\/jpeg\" \/>\n<meta name=\"twitter:card\" content=\"summary_large_image\" \/>\n<script type=\"application\/ld+json\" class=\"yoast-schema-graph\">{\"@context\":\"https:\\\/\\\/schema.org\",\"@graph\":[{\"@type\":\"WebPage\",\"@id\":\"https:\\\/\\\/www.renouvelle.be\\\/fr\\\/faits-chiffres\\\/electricite-renouvelable\\\/\",\"url\":\"https:\\\/\\\/www.renouvelle.be\\\/fr\\\/faits-chiffres\\\/electricite-renouvelable\\\/\",\"name\":\"\u00c9lectricit\u00e9 renouvelable - Renouvelle\",\"isPartOf\":{\"@id\":\"https:\\\/\\\/www.renouvelle.be\\\/fr\\\/#website\"},\"primaryImageOfPage\":{\"@id\":\"https:\\\/\\\/www.renouvelle.be\\\/fr\\\/faits-chiffres\\\/electricite-renouvelable\\\/#primaryimage\"},\"image\":{\"@id\":\"https:\\\/\\\/www.renouvelle.be\\\/fr\\\/faits-chiffres\\\/electricite-renouvelable\\\/#primaryimage\"},\"thumbnailUrl\":\"https:\\\/\\\/www.renouvelle.be\\\/wp-content\\\/uploads\\\/2026\\\/02\\\/AdobeStock_842746463-scaled-e1771588572264.jpeg\",\"datePublished\":\"2023-02-16T14:06:24+00:00\",\"dateModified\":\"2026-03-19T09:59:41+00:00\",\"breadcrumb\":{\"@id\":\"https:\\\/\\\/www.renouvelle.be\\\/fr\\\/faits-chiffres\\\/electricite-renouvelable\\\/#breadcrumb\"},\"inLanguage\":\"fr-FR\",\"potentialAction\":[{\"@type\":\"ReadAction\",\"target\":[\"https:\\\/\\\/www.renouvelle.be\\\/fr\\\/faits-chiffres\\\/electricite-renouvelable\\\/\"]}]},{\"@type\":\"ImageObject\",\"inLanguage\":\"fr-FR\",\"@id\":\"https:\\\/\\\/www.renouvelle.be\\\/fr\\\/faits-chiffres\\\/electricite-renouvelable\\\/#primaryimage\",\"url\":\"https:\\\/\\\/www.renouvelle.be\\\/wp-content\\\/uploads\\\/2026\\\/02\\\/AdobeStock_842746463-scaled-e1771588572264.jpeg\",\"contentUrl\":\"https:\\\/\\\/www.renouvelle.be\\\/wp-content\\\/uploads\\\/2026\\\/02\\\/AdobeStock_842746463-scaled-e1771588572264.jpeg\",\"width\":2560,\"height\":1570,\"caption\":\"power purchase agreement ppa\"},{\"@type\":\"BreadcrumbList\",\"@id\":\"https:\\\/\\\/www.renouvelle.be\\\/fr\\\/faits-chiffres\\\/electricite-renouvelable\\\/#breadcrumb\",\"itemListElement\":[{\"@type\":\"ListItem\",\"position\":1,\"name\":\"Accueil\",\"item\":\"https:\\\/\\\/www.renouvelle.be\\\/fr\\\/\"},{\"@type\":\"ListItem\",\"position\":2,\"name\":\"Faits &#038; chiffres\",\"item\":\"https:\\\/\\\/www.renouvelle.be\\\/fr\\\/faits-chiffres\\\/\"},{\"@type\":\"ListItem\",\"position\":3,\"name\":\"\u00c9lectricit\u00e9 renouvelable\"}]},{\"@type\":\"WebSite\",\"@id\":\"https:\\\/\\\/www.renouvelle.be\\\/fr\\\/#website\",\"url\":\"https:\\\/\\\/www.renouvelle.be\\\/fr\\\/\",\"name\":\"Renouvelle\",\"description\":\"L&#039;actualit\u00e9 de l&#039;\u00e9nergie durable\",\"potentialAction\":[{\"@type\":\"SearchAction\",\"target\":{\"@type\":\"EntryPoint\",\"urlTemplate\":\"https:\\\/\\\/www.renouvelle.be\\\/fr\\\/?s={search_term_string}\"},\"query-input\":{\"@type\":\"PropertyValueSpecification\",\"valueRequired\":true,\"valueName\":\"search_term_string\"}}],\"inLanguage\":\"fr-FR\"}]}<\/script>\n<!-- \/ Yoast SEO plugin. -->","yoast_head_json":{"title":"\u00c9lectricit\u00e9 renouvelable - Renouvelle","robots":{"index":"index","follow":"follow","max-snippet":"max-snippet:-1","max-image-preview":"max-image-preview:large","max-video-preview":"max-video-preview:-1"},"canonical":"https:\/\/www.renouvelle.be\/fr\/faits-chiffres\/electricite-renouvelable\/","og_locale":"fr_FR","og_type":"article","og_title":"\u00c9lectricit\u00e9 renouvelable - Renouvelle","og_description":"Retrouvez ci-dessous le d\u00e9tail des productivit\u00e9s par fili\u00e8re :","og_url":"https:\/\/www.renouvelle.be\/fr\/faits-chiffres\/electricite-renouvelable\/","og_site_name":"Renouvelle","article_modified_time":"2026-03-19T09:59:41+00:00","og_image":[{"width":2560,"height":1570,"url":"https:\/\/www.renouvelle.be\/wp-content\/uploads\/2026\/02\/AdobeStock_842746463-scaled-e1771588572264.jpeg","type":"image\/jpeg"}],"twitter_card":"summary_large_image","schema":{"@context":"https:\/\/schema.org","@graph":[{"@type":"WebPage","@id":"https:\/\/www.renouvelle.be\/fr\/faits-chiffres\/electricite-renouvelable\/","url":"https:\/\/www.renouvelle.be\/fr\/faits-chiffres\/electricite-renouvelable\/","name":"\u00c9lectricit\u00e9 renouvelable - Renouvelle","isPartOf":{"@id":"https:\/\/www.renouvelle.be\/fr\/#website"},"primaryImageOfPage":{"@id":"https:\/\/www.renouvelle.be\/fr\/faits-chiffres\/electricite-renouvelable\/#primaryimage"},"image":{"@id":"https:\/\/www.renouvelle.be\/fr\/faits-chiffres\/electricite-renouvelable\/#primaryimage"},"thumbnailUrl":"https:\/\/www.renouvelle.be\/wp-content\/uploads\/2026\/02\/AdobeStock_842746463-scaled-e1771588572264.jpeg","datePublished":"2023-02-16T14:06:24+00:00","dateModified":"2026-03-19T09:59:41+00:00","breadcrumb":{"@id":"https:\/\/www.renouvelle.be\/fr\/faits-chiffres\/electricite-renouvelable\/#breadcrumb"},"inLanguage":"fr-FR","potentialAction":[{"@type":"ReadAction","target":["https:\/\/www.renouvelle.be\/fr\/faits-chiffres\/electricite-renouvelable\/"]}]},{"@type":"ImageObject","inLanguage":"fr-FR","@id":"https:\/\/www.renouvelle.be\/fr\/faits-chiffres\/electricite-renouvelable\/#primaryimage","url":"https:\/\/www.renouvelle.be\/wp-content\/uploads\/2026\/02\/AdobeStock_842746463-scaled-e1771588572264.jpeg","contentUrl":"https:\/\/www.renouvelle.be\/wp-content\/uploads\/2026\/02\/AdobeStock_842746463-scaled-e1771588572264.jpeg","width":2560,"height":1570,"caption":"power purchase agreement ppa"},{"@type":"BreadcrumbList","@id":"https:\/\/www.renouvelle.be\/fr\/faits-chiffres\/electricite-renouvelable\/#breadcrumb","itemListElement":[{"@type":"ListItem","position":1,"name":"Accueil","item":"https:\/\/www.renouvelle.be\/fr\/"},{"@type":"ListItem","position":2,"name":"Faits &#038; chiffres","item":"https:\/\/www.renouvelle.be\/fr\/faits-chiffres\/"},{"@type":"ListItem","position":3,"name":"\u00c9lectricit\u00e9 renouvelable"}]},{"@type":"WebSite","@id":"https:\/\/www.renouvelle.be\/fr\/#website","url":"https:\/\/www.renouvelle.be\/fr\/","name":"Renouvelle","description":"L&#039;actualit\u00e9 de l&#039;\u00e9nergie durable","potentialAction":[{"@type":"SearchAction","target":{"@type":"EntryPoint","urlTemplate":"https:\/\/www.renouvelle.be\/fr\/?s={search_term_string}"},"query-input":{"@type":"PropertyValueSpecification","valueRequired":true,"valueName":"search_term_string"}}],"inLanguage":"fr-FR"}]}},"_links":{"self":[{"href":"https:\/\/www.renouvelle.be\/fr\/wp-json\/wp\/v2\/pages\/8875","targetHints":{"allow":["GET"]}}],"collection":[{"href":"https:\/\/www.renouvelle.be\/fr\/wp-json\/wp\/v2\/pages"}],"about":[{"href":"https:\/\/www.renouvelle.be\/fr\/wp-json\/wp\/v2\/types\/page"}],"author":[{"embeddable":true,"href":"https:\/\/www.renouvelle.be\/fr\/wp-json\/wp\/v2\/users\/2"}],"replies":[{"embeddable":true,"href":"https:\/\/www.renouvelle.be\/fr\/wp-json\/wp\/v2\/comments?post=8875"}],"version-history":[{"count":58,"href":"https:\/\/www.renouvelle.be\/fr\/wp-json\/wp\/v2\/pages\/8875\/revisions"}],"predecessor-version":[{"id":14324,"href":"https:\/\/www.renouvelle.be\/fr\/wp-json\/wp\/v2\/pages\/8875\/revisions\/14324"}],"up":[{"embeddable":true,"href":"https:\/\/www.renouvelle.be\/fr\/wp-json\/wp\/v2\/pages\/8849"}],"wp:featuredmedia":[{"embeddable":true,"href":"https:\/\/www.renouvelle.be\/fr\/wp-json\/wp\/v2\/media\/16335"}],"wp:attachment":[{"href":"https:\/\/www.renouvelle.be\/fr\/wp-json\/wp\/v2\/media?parent=8875"}],"curies":[{"name":"wp","href":"https:\/\/api.w.org\/{rel}","templated":true}]}}