{"id":8849,"date":"2023-02-16T14:53:12","date_gmt":"2023-02-16T13:53:12","guid":{"rendered":"https:\/\/www.renouvelle.be\/?page_id=8849"},"modified":"2023-02-23T10:42:15","modified_gmt":"2023-02-23T09:42:15","slug":"faits-chiffres","status":"publish","type":"page","link":"https:\/\/www.renouvelle.be\/fr\/faits-chiffres\/","title":{"rendered":"Faits &#038; chiffres"},"content":{"rendered":"\r\n\t    \t<div class=\"wp-block-media-text custom-child-page alignwide is-stacked-on-mobile reveal\">\r\n\t    \t\t<figure class=\"wp-block-media-text__media\">\r\n\t    \t\t\t<a href=\"https:\/\/www.renouvelle.be\/fr\/faits-chiffres\/prix-de-lenergie\/\"><img loading=\"lazy\" decoding=\"async\" width=\"330\" height=\"200\" src=\"https:\/\/www.renouvelle.be\/wp-content\/uploads\/2023\/02\/prix-330x200.jpg\" class=\"attachment-post-medium size-post-medium wp-post-image\" alt=\"\" \/><\/a>\r\n\t    \t\t<\/figure>\r\n\t    \t\t<div class=\"wp-block-media-text__content\">\r\n\t\t\t\t\t<h2><a href=\"https:\/\/www.renouvelle.be\/fr\/faits-chiffres\/prix-de-lenergie\/\">Prix de l\u2019\u00e9nergie<\/a><\/h2>\r\n\t\t\t\t\t<p>Voici l\u2019\u00e9volution des prix unitaires des \u00e9nergies en Belgique.<\/p>\n\t\t\t\t\t<a class=\"btn\" href=\"https:\/\/www.renouvelle.be\/fr\/faits-chiffres\/prix-de-lenergie\/\">Voir les chiffres<\/a>\r\n\t\t\t\t<\/div>\r\n\t\t\t<\/div>\r\n\r\n\t\r\n\t    \t<div class=\"wp-block-media-text custom-child-page alignwide is-stacked-on-mobile reveal\">\r\n\t    \t\t<figure class=\"wp-block-media-text__media\">\r\n\t    \t\t\t<a href=\"https:\/\/www.renouvelle.be\/fr\/faits-chiffres\/electricite-renouvelable\/\"><img loading=\"lazy\" decoding=\"async\" width=\"330\" height=\"200\" src=\"https:\/\/www.renouvelle.be\/wp-content\/uploads\/2026\/02\/AdobeStock_842746463-scaled-e1771588572264-330x200.jpeg\" class=\"attachment-post-medium size-post-medium wp-post-image\" alt=\"power purchase agreement ppa\" \/><\/a>\r\n\t    \t\t<\/figure>\r\n\t    \t\t<div class=\"wp-block-media-text__content\">\r\n\t\t\t\t\t<h2><a href=\"https:\/\/www.renouvelle.be\/fr\/faits-chiffres\/electricite-renouvelable\/\">\u00c9lectricit\u00e9 renouvelable<\/a><\/h2>\r\n\t\t\t\t\t<p>Voici les principaux chiffres de production et de consommation d\u2019\u00e9nergie renouvelable en Belgique.<\/p>\n\t\t\t\t\t<a class=\"btn\" href=\"https:\/\/www.renouvelle.be\/fr\/faits-chiffres\/electricite-renouvelable\/\">Voir les chiffres<\/a>\r\n\t\t\t\t<\/div>\r\n\t\t\t<\/div>\r\n\r\n\t\r\n\t    \t<div class=\"wp-block-media-text custom-child-page alignwide is-stacked-on-mobile reveal\">\r\n\t    \t\t<figure class=\"wp-block-media-text__media\">\r\n\t    \t\t\t<a href=\"https:\/\/www.renouvelle.be\/fr\/faits-chiffres\/observatoire-photovoltaique\/\"><img loading=\"lazy\" decoding=\"async\" width=\"330\" height=\"200\" src=\"https:\/\/www.renouvelle.be\/wp-content\/uploads\/2023\/02\/solar-panels-330x200.jpg\" class=\"attachment-post-medium size-post-medium wp-post-image\" alt=\"\" \/><\/a>\r\n\t    \t\t<\/figure>\r\n\t    \t\t<div class=\"wp-block-media-text__content\">\r\n\t\t\t\t\t<h2><a href=\"https:\/\/www.renouvelle.be\/fr\/faits-chiffres\/observatoire-photovoltaique\/\">Observatoire Photovolta\u00efque<\/a><\/h2>\r\n\t\t\t\t\t<p>Voici les principaux chiffres du secteur Photovolta\u00efque en Belgique.<\/p>\n<p>Retrouvez aussi toutes les informations de base sur la page d\u00e9di\u00e9e \u00e0 l\u2019\u00e9nergie Photovolta\u00efque.<\/p>\n\t\t\t\t\t<a class=\"btn\" href=\"https:\/\/www.renouvelle.be\/fr\/faits-chiffres\/observatoire-photovoltaique\/\">Voir les chiffres<\/a>\r\n\t\t\t\t<\/div>\r\n\t\t\t<\/div>\r\n\r\n\t\r\n\t    \t<div class=\"wp-block-media-text custom-child-page alignwide is-stacked-on-mobile reveal\">\r\n\t    \t\t<figure class=\"wp-block-media-text__media\">\r\n\t    \t\t\t<a href=\"https:\/\/www.renouvelle.be\/fr\/faits-chiffres\/observatoire-eolien\/\"><img loading=\"lazy\" decoding=\"async\" width=\"330\" height=\"200\" src=\"https:\/\/www.renouvelle.be\/wp-content\/uploads\/2023\/02\/Eolien-Ernage-2-330x200.jpg\" class=\"attachment-post-medium size-post-medium wp-post-image\" alt=\"\" \/><\/a>\r\n\t    \t\t<\/figure>\r\n\t    \t\t<div class=\"wp-block-media-text__content\">\r\n\t\t\t\t\t<h2><a href=\"https:\/\/www.renouvelle.be\/fr\/faits-chiffres\/observatoire-eolien\/\">Observatoire \u00e9olien<\/a><\/h2>\r\n\t\t\t\t\t<p>Voici les principaux chiffres du secteur \u00e9olien en Belgique.<\/p>\n<p>Retrouvez aussi toutes les informations de base sur la page d\u00e9di\u00e9e \u00e0 l\u2019\u00e9nergie \u00e9olienne<\/p>\n\t\t\t\t\t<a class=\"btn\" href=\"https:\/\/www.renouvelle.be\/fr\/faits-chiffres\/observatoire-eolien\/\">Voir les chiffres<\/a>\r\n\t\t\t\t<\/div>\r\n\t\t\t<\/div>\r\n\r\n\t\r\n\t    \t<div class=\"wp-block-media-text custom-child-page alignwide is-stacked-on-mobile reveal\">\r\n\t    \t\t<figure class=\"wp-block-media-text__media\">\r\n\t    \t\t\t<a href=\"https:\/\/www.renouvelle.be\/fr\/faits-chiffres\/observatoire-hydroenergie\/\"><img loading=\"lazy\" decoding=\"async\" width=\"330\" height=\"200\" src=\"https:\/\/www.renouvelle.be\/wp-content\/uploads\/2023\/02\/iStock-514625748-330x200.jpg\" class=\"attachment-post-medium size-post-medium wp-post-image\" alt=\"\" \/><\/a>\r\n\t    \t\t<\/figure>\r\n\t    \t\t<div class=\"wp-block-media-text__content\">\r\n\t\t\t\t\t<h2><a href=\"https:\/\/www.renouvelle.be\/fr\/faits-chiffres\/observatoire-hydroenergie\/\">Observatoire hydro\u00e9nergie<\/a><\/h2>\r\n\t\t\t\t\t<p>Voici les principaux chiffres du secteur de l\u2019hydro\u00e9lectricit\u00e9 en Belgique.<\/p>\n<p>Retrouvez aussi toutes les informations de base sur la page d\u00e9di\u00e9e \u00e0 l\u2019hydro\u00e9lectricit\u00e9.<\/p>\n\t\t\t\t\t<a class=\"btn\" href=\"https:\/\/www.renouvelle.be\/fr\/faits-chiffres\/observatoire-hydroenergie\/\">Voir les chiffres<\/a>\r\n\t\t\t\t<\/div>\r\n\t\t\t<\/div>\r\n\r\n\t\n","protected":false},"excerpt":{"rendered":"","protected":false},"author":2,"featured_media":0,"parent":0,"menu_order":0,"comment_status":"closed","ping_status":"closed","template":"","meta":{"_acf_changed":false,"footnotes":""},"class_list":["post-8849","page","type-page","status-publish","hentry"],"acf":[],"yoast_head":"<!-- This site is optimized with the Yoast SEO plugin v27.5 - https:\/\/yoast.com\/product\/yoast-seo-wordpress\/ -->\n<title>Faits &amp; chiffres - Renouvelle<\/title>\n<meta name=\"robots\" content=\"index, follow, max-snippet:-1, max-image-preview:large, max-video-preview:-1\" \/>\n<link rel=\"canonical\" href=\"https:\/\/www.renouvelle.be\/fr\/faits-chiffres\/\" \/>\n<meta property=\"og:locale\" content=\"fr_FR\" \/>\n<meta property=\"og:type\" content=\"article\" \/>\n<meta property=\"og:title\" content=\"Faits &amp; chiffres - Renouvelle\" \/>\n<meta property=\"og:url\" content=\"https:\/\/www.renouvelle.be\/fr\/faits-chiffres\/\" \/>\n<meta property=\"og:site_name\" content=\"Renouvelle\" \/>\n<meta property=\"article:modified_time\" content=\"2023-02-23T09:42:15+00:00\" \/>\n<meta name=\"twitter:card\" content=\"summary_large_image\" \/>\n<script type=\"application\/ld+json\" class=\"yoast-schema-graph\">{\"@context\":\"https:\\\/\\\/schema.org\",\"@graph\":[{\"@type\":\"WebPage\",\"@id\":\"https:\\\/\\\/www.renouvelle.be\\\/fr\\\/faits-chiffres\\\/\",\"url\":\"https:\\\/\\\/www.renouvelle.be\\\/fr\\\/faits-chiffres\\\/\",\"name\":\"Faits & chiffres - Renouvelle\",\"isPartOf\":{\"@id\":\"https:\\\/\\\/www.renouvelle.be\\\/fr\\\/#website\"},\"datePublished\":\"2023-02-16T13:53:12+00:00\",\"dateModified\":\"2023-02-23T09:42:15+00:00\",\"breadcrumb\":{\"@id\":\"https:\\\/\\\/www.renouvelle.be\\\/fr\\\/faits-chiffres\\\/#breadcrumb\"},\"inLanguage\":\"fr-FR\",\"potentialAction\":[{\"@type\":\"ReadAction\",\"target\":[\"https:\\\/\\\/www.renouvelle.be\\\/fr\\\/faits-chiffres\\\/\"]}]},{\"@type\":\"BreadcrumbList\",\"@id\":\"https:\\\/\\\/www.renouvelle.be\\\/fr\\\/faits-chiffres\\\/#breadcrumb\",\"itemListElement\":[{\"@type\":\"ListItem\",\"position\":1,\"name\":\"Accueil\",\"item\":\"https:\\\/\\\/www.renouvelle.be\\\/fr\\\/\"},{\"@type\":\"ListItem\",\"position\":2,\"name\":\"Faits &#038; chiffres\"}]},{\"@type\":\"WebSite\",\"@id\":\"https:\\\/\\\/www.renouvelle.be\\\/fr\\\/#website\",\"url\":\"https:\\\/\\\/www.renouvelle.be\\\/fr\\\/\",\"name\":\"Renouvelle\",\"description\":\"L&#039;actualit\u00e9 de l&#039;\u00e9nergie durable\",\"potentialAction\":[{\"@type\":\"SearchAction\",\"target\":{\"@type\":\"EntryPoint\",\"urlTemplate\":\"https:\\\/\\\/www.renouvelle.be\\\/fr\\\/?s={search_term_string}\"},\"query-input\":{\"@type\":\"PropertyValueSpecification\",\"valueRequired\":true,\"valueName\":\"search_term_string\"}}],\"inLanguage\":\"fr-FR\"}]}<\/script>\n<!-- \/ Yoast SEO plugin. -->","yoast_head_json":{"title":"Faits & chiffres - Renouvelle","robots":{"index":"index","follow":"follow","max-snippet":"max-snippet:-1","max-image-preview":"max-image-preview:large","max-video-preview":"max-video-preview:-1"},"canonical":"https:\/\/www.renouvelle.be\/fr\/faits-chiffres\/","og_locale":"fr_FR","og_type":"article","og_title":"Faits & chiffres - Renouvelle","og_url":"https:\/\/www.renouvelle.be\/fr\/faits-chiffres\/","og_site_name":"Renouvelle","article_modified_time":"2023-02-23T09:42:15+00:00","twitter_card":"summary_large_image","schema":{"@context":"https:\/\/schema.org","@graph":[{"@type":"WebPage","@id":"https:\/\/www.renouvelle.be\/fr\/faits-chiffres\/","url":"https:\/\/www.renouvelle.be\/fr\/faits-chiffres\/","name":"Faits & chiffres - Renouvelle","isPartOf":{"@id":"https:\/\/www.renouvelle.be\/fr\/#website"},"datePublished":"2023-02-16T13:53:12+00:00","dateModified":"2023-02-23T09:42:15+00:00","breadcrumb":{"@id":"https:\/\/www.renouvelle.be\/fr\/faits-chiffres\/#breadcrumb"},"inLanguage":"fr-FR","potentialAction":[{"@type":"ReadAction","target":["https:\/\/www.renouvelle.be\/fr\/faits-chiffres\/"]}]},{"@type":"BreadcrumbList","@id":"https:\/\/www.renouvelle.be\/fr\/faits-chiffres\/#breadcrumb","itemListElement":[{"@type":"ListItem","position":1,"name":"Accueil","item":"https:\/\/www.renouvelle.be\/fr\/"},{"@type":"ListItem","position":2,"name":"Faits &#038; chiffres"}]},{"@type":"WebSite","@id":"https:\/\/www.renouvelle.be\/fr\/#website","url":"https:\/\/www.renouvelle.be\/fr\/","name":"Renouvelle","description":"L&#039;actualit\u00e9 de l&#039;\u00e9nergie durable","potentialAction":[{"@type":"SearchAction","target":{"@type":"EntryPoint","urlTemplate":"https:\/\/www.renouvelle.be\/fr\/?s={search_term_string}"},"query-input":{"@type":"PropertyValueSpecification","valueRequired":true,"valueName":"search_term_string"}}],"inLanguage":"fr-FR"}]}},"_links":{"self":[{"href":"https:\/\/www.renouvelle.be\/fr\/wp-json\/wp\/v2\/pages\/8849","targetHints":{"allow":["GET"]}}],"collection":[{"href":"https:\/\/www.renouvelle.be\/fr\/wp-json\/wp\/v2\/pages"}],"about":[{"href":"https:\/\/www.renouvelle.be\/fr\/wp-json\/wp\/v2\/types\/page"}],"author":[{"embeddable":true,"href":"https:\/\/www.renouvelle.be\/fr\/wp-json\/wp\/v2\/users\/2"}],"replies":[{"embeddable":true,"href":"https:\/\/www.renouvelle.be\/fr\/wp-json\/wp\/v2\/comments?post=8849"}],"version-history":[{"count":13,"href":"https:\/\/www.renouvelle.be\/fr\/wp-json\/wp\/v2\/pages\/8849\/revisions"}],"predecessor-version":[{"id":9016,"href":"https:\/\/www.renouvelle.be\/fr\/wp-json\/wp\/v2\/pages\/8849\/revisions\/9016"}],"wp:attachment":[{"href":"https:\/\/www.renouvelle.be\/fr\/wp-json\/wp\/v2\/media?parent=8849"}],"curies":[{"name":"wp","href":"https:\/\/api.w.org\/{rel}","templated":true}]}}