{"id":53,"date":"2021-02-07T14:08:21","date_gmt":"2021-02-07T13:08:21","guid":{"rendered":"http:\/\/renouvelle.promisys-lab.be\/?page_id=53"},"modified":"2024-10-31T09:58:30","modified_gmt":"2024-10-31T08:58:30","slug":"inscription-newsletter","status":"publish","type":"page","link":"https:\/\/www.renouvelle.be\/fr\/inscription-newsletter\/","title":{"rendered":"Inscription newsletter"},"content":{"rendered":"\n<iframe loading=\"lazy\" width=\"540\" height=\"305\" src=\"https:\/\/b1e5482c.sibforms.com\/serve\/MUIFABmOmkc7wSmJ3byBCSFSc-THKAF_06WZuBwxquxTgRwgnTbNirlXX3F_Bew5axrJNiVncwJXfe4tPLX5c5l_Q_UjF6kjfzf7-aX45mOJKuxeTznsAQ1f1oqQuhBZemsclpETcHI07y8yPPvpUCOSxwqV_p4paLWo4DM7BG9MTlkfPfJhnyK1llOIZQi7O1d5Yi6tHFnETW8-\" frameborder=\"0\" scrolling=\"auto\" allowfullscreen style=\"display: block;margin-left: auto;margin-right: auto;max-width: 100%;\"><\/iframe>\n\n\n\n<p><\/p>\n\n\n\n<p>En renseignant votre adresse email, vous acceptez de recevoir chaque mois la newsletter de&nbsp;<a href=\"http:\/\/www.renouvelle.be\/\">Renouvelle.be<\/a>&nbsp;par courrier \u00e9lectronique et vous prenez connaissance de notre&nbsp;<a href=\"https:\/\/energiecommune.be\/politique-de-confidentialite\/\" target=\"_blank\" rel=\"noreferrer noopener\">Politique de confidentialit\u00e9<\/a>.<\/p>\n\n\n\n<p>Vous pouvez vous d\u00e9sinscrire \u00e0 tout moment \u00e0 l&rsquo;aide des liens de d\u00e9sinscription ou en nous contactant \u00e0 l&rsquo;adresse info-at-energiecommune.be (merci de remplacer le \u00ab\u00a0-at-\u00a0\u00bb par \u00ab\u00a0@\u00a0\u00bb)<\/p>\n\n\n\n<p><\/p>\n","protected":false},"excerpt":{"rendered":"<p>En renseignant votre adresse email, vous acceptez de recevoir chaque mois la newsletter de&nbsp;Renouvelle.be&nbsp;par courrier \u00e9lectronique et vous prenez connaissance de notre&nbsp;Politique de confidentialit\u00e9. Vous pouvez vous d\u00e9sinscrire \u00e0 tout moment \u00e0 l&rsquo;aide des liens de d\u00e9sinscription ou en nous contactant \u00e0 l&rsquo;adresse info-at-energiecommune.be (merci de remplacer le \u00ab\u00a0-at-\u00a0\u00bb par \u00ab\u00a0@\u00a0\u00bb)<\/p>\n","protected":false},"author":2,"featured_media":0,"parent":0,"menu_order":0,"comment_status":"closed","ping_status":"closed","template":"","meta":{"_acf_changed":false,"footnotes":""},"class_list":["post-53","page","type-page","status-publish","hentry"],"acf":[],"yoast_head":"<!-- This site is optimized with the Yoast SEO plugin v27.5 - https:\/\/yoast.com\/product\/yoast-seo-wordpress\/ -->\n<title>Inscription newsletter - Renouvelle<\/title>\n<meta name=\"robots\" content=\"index, follow, max-snippet:-1, max-image-preview:large, max-video-preview:-1\" \/>\n<link rel=\"canonical\" href=\"https:\/\/www.renouvelle.be\/fr\/inscription-newsletter\/\" \/>\n<meta property=\"og:locale\" content=\"fr_FR\" \/>\n<meta property=\"og:type\" content=\"article\" \/>\n<meta property=\"og:title\" content=\"Inscription newsletter - Renouvelle\" \/>\n<meta property=\"og:description\" content=\"En renseignant votre adresse email, vous acceptez de recevoir chaque mois la newsletter de&nbsp;Renouvelle.be&nbsp;par courrier \u00e9lectronique et vous prenez connaissance de notre&nbsp;Politique de confidentialit\u00e9. Vous pouvez vous d\u00e9sinscrire \u00e0 tout moment \u00e0 l&rsquo;aide des liens de d\u00e9sinscription ou en nous contactant \u00e0 l&rsquo;adresse info-at-energiecommune.be (merci de remplacer le \u00ab\u00a0-at-\u00a0\u00bb par \u00ab\u00a0@\u00a0\u00bb)\" \/>\n<meta property=\"og:url\" content=\"https:\/\/www.renouvelle.be\/fr\/inscription-newsletter\/\" \/>\n<meta property=\"og:site_name\" content=\"Renouvelle\" \/>\n<meta property=\"article:modified_time\" content=\"2024-10-31T08:58:30+00:00\" \/>\n<meta name=\"twitter:card\" content=\"summary_large_image\" \/>\n<script type=\"application\/ld+json\" class=\"yoast-schema-graph\">{\"@context\":\"https:\\\/\\\/schema.org\",\"@graph\":[{\"@type\":\"WebPage\",\"@id\":\"https:\\\/\\\/www.renouvelle.be\\\/fr\\\/inscription-newsletter\\\/\",\"url\":\"https:\\\/\\\/www.renouvelle.be\\\/fr\\\/inscription-newsletter\\\/\",\"name\":\"Inscription newsletter - Renouvelle\",\"isPartOf\":{\"@id\":\"https:\\\/\\\/www.renouvelle.be\\\/fr\\\/#website\"},\"datePublished\":\"2021-02-07T13:08:21+00:00\",\"dateModified\":\"2024-10-31T08:58:30+00:00\",\"breadcrumb\":{\"@id\":\"https:\\\/\\\/www.renouvelle.be\\\/fr\\\/inscription-newsletter\\\/#breadcrumb\"},\"inLanguage\":\"fr-FR\",\"potentialAction\":[{\"@type\":\"ReadAction\",\"target\":[\"https:\\\/\\\/www.renouvelle.be\\\/fr\\\/inscription-newsletter\\\/\"]}]},{\"@type\":\"BreadcrumbList\",\"@id\":\"https:\\\/\\\/www.renouvelle.be\\\/fr\\\/inscription-newsletter\\\/#breadcrumb\",\"itemListElement\":[{\"@type\":\"ListItem\",\"position\":1,\"name\":\"Accueil\",\"item\":\"https:\\\/\\\/www.renouvelle.be\\\/fr\\\/\"},{\"@type\":\"ListItem\",\"position\":2,\"name\":\"Inscription newsletter\"}]},{\"@type\":\"WebSite\",\"@id\":\"https:\\\/\\\/www.renouvelle.be\\\/fr\\\/#website\",\"url\":\"https:\\\/\\\/www.renouvelle.be\\\/fr\\\/\",\"name\":\"Renouvelle\",\"description\":\"L&#039;actualit\u00e9 de l&#039;\u00e9nergie durable\",\"potentialAction\":[{\"@type\":\"SearchAction\",\"target\":{\"@type\":\"EntryPoint\",\"urlTemplate\":\"https:\\\/\\\/www.renouvelle.be\\\/fr\\\/?s={search_term_string}\"},\"query-input\":{\"@type\":\"PropertyValueSpecification\",\"valueRequired\":true,\"valueName\":\"search_term_string\"}}],\"inLanguage\":\"fr-FR\"}]}<\/script>\n<!-- \/ Yoast SEO plugin. -->","yoast_head_json":{"title":"Inscription newsletter - Renouvelle","robots":{"index":"index","follow":"follow","max-snippet":"max-snippet:-1","max-image-preview":"max-image-preview:large","max-video-preview":"max-video-preview:-1"},"canonical":"https:\/\/www.renouvelle.be\/fr\/inscription-newsletter\/","og_locale":"fr_FR","og_type":"article","og_title":"Inscription newsletter - Renouvelle","og_description":"En renseignant votre adresse email, vous acceptez de recevoir chaque mois la newsletter de&nbsp;Renouvelle.be&nbsp;par courrier \u00e9lectronique et vous prenez connaissance de notre&nbsp;Politique de confidentialit\u00e9. Vous pouvez vous d\u00e9sinscrire \u00e0 tout moment \u00e0 l&rsquo;aide des liens de d\u00e9sinscription ou en nous contactant \u00e0 l&rsquo;adresse info-at-energiecommune.be (merci de remplacer le \u00ab\u00a0-at-\u00a0\u00bb par \u00ab\u00a0@\u00a0\u00bb)","og_url":"https:\/\/www.renouvelle.be\/fr\/inscription-newsletter\/","og_site_name":"Renouvelle","article_modified_time":"2024-10-31T08:58:30+00:00","twitter_card":"summary_large_image","schema":{"@context":"https:\/\/schema.org","@graph":[{"@type":"WebPage","@id":"https:\/\/www.renouvelle.be\/fr\/inscription-newsletter\/","url":"https:\/\/www.renouvelle.be\/fr\/inscription-newsletter\/","name":"Inscription newsletter - Renouvelle","isPartOf":{"@id":"https:\/\/www.renouvelle.be\/fr\/#website"},"datePublished":"2021-02-07T13:08:21+00:00","dateModified":"2024-10-31T08:58:30+00:00","breadcrumb":{"@id":"https:\/\/www.renouvelle.be\/fr\/inscription-newsletter\/#breadcrumb"},"inLanguage":"fr-FR","potentialAction":[{"@type":"ReadAction","target":["https:\/\/www.renouvelle.be\/fr\/inscription-newsletter\/"]}]},{"@type":"BreadcrumbList","@id":"https:\/\/www.renouvelle.be\/fr\/inscription-newsletter\/#breadcrumb","itemListElement":[{"@type":"ListItem","position":1,"name":"Accueil","item":"https:\/\/www.renouvelle.be\/fr\/"},{"@type":"ListItem","position":2,"name":"Inscription newsletter"}]},{"@type":"WebSite","@id":"https:\/\/www.renouvelle.be\/fr\/#website","url":"https:\/\/www.renouvelle.be\/fr\/","name":"Renouvelle","description":"L&#039;actualit\u00e9 de l&#039;\u00e9nergie durable","potentialAction":[{"@type":"SearchAction","target":{"@type":"EntryPoint","urlTemplate":"https:\/\/www.renouvelle.be\/fr\/?s={search_term_string}"},"query-input":{"@type":"PropertyValueSpecification","valueRequired":true,"valueName":"search_term_string"}}],"inLanguage":"fr-FR"}]}},"_links":{"self":[{"href":"https:\/\/www.renouvelle.be\/fr\/wp-json\/wp\/v2\/pages\/53","targetHints":{"allow":["GET"]}}],"collection":[{"href":"https:\/\/www.renouvelle.be\/fr\/wp-json\/wp\/v2\/pages"}],"about":[{"href":"https:\/\/www.renouvelle.be\/fr\/wp-json\/wp\/v2\/types\/page"}],"author":[{"embeddable":true,"href":"https:\/\/www.renouvelle.be\/fr\/wp-json\/wp\/v2\/users\/2"}],"replies":[{"embeddable":true,"href":"https:\/\/www.renouvelle.be\/fr\/wp-json\/wp\/v2\/comments?post=53"}],"version-history":[{"count":7,"href":"https:\/\/www.renouvelle.be\/fr\/wp-json\/wp\/v2\/pages\/53\/revisions"}],"predecessor-version":[{"id":14026,"href":"https:\/\/www.renouvelle.be\/fr\/wp-json\/wp\/v2\/pages\/53\/revisions\/14026"}],"wp:attachment":[{"href":"https:\/\/www.renouvelle.be\/fr\/wp-json\/wp\/v2\/media?parent=53"}],"curies":[{"name":"wp","href":"https:\/\/api.w.org\/{rel}","templated":true}]}}