{"id":12679,"date":"2024-03-20T13:46:07","date_gmt":"2024-03-20T12:46:07","guid":{"rendered":"https:\/\/www.renouvelle.be\/?page_id=12679"},"modified":"2024-12-17T17:25:58","modified_gmt":"2024-12-17T16:25:58","slug":"le-revert-du-futur","status":"publish","type":"page","link":"https:\/\/www.renouvelle.be\/fr\/le-revert-du-futur\/","title":{"rendered":"Podcast"},"content":{"rendered":"\n<p>Le Revert du Futur c\u2019est le podcast de Renouvelle. Le Revert du Futur comme pied de nez au revers de la m\u00e9daille, pour renverser ce fatalisme parfois pr\u00e9sent lorsqu\u2019on parle de l\u2019avenir de notre plan\u00e8te. Parce que, pour avancer, il vaut mieux voir le verre \u00e0 moiti\u00e9 plein, plut\u00f4t que le verre \u00e0 moiti\u00e9 vide.<\/p>\n\n\n\n<div style=\"height:72px\" aria-hidden=\"true\" class=\"wp-block-spacer\"><\/div>\n\n\n\n<iframe style=\"border: 0; width: 100%; height: 120px;\" src=\"https:\/\/bandcamp.com\/EmbeddedPlayer\/track=2171863371\/size=large\/bgcol=ffffff\/linkcol=2ebd35\/tracklist=false\/artwork=small\/transparent=true\/\" seamless><a href=\"https:\/\/lerevertdufutur.bandcamp.com\/track\/olien-anatomie-dun-recyclage\">\u00c9olien : anatomie d&#39;un recyclage by Le Revert du Futur<\/a><\/iframe>\n\n\n\n<pre class=\"wp-block-code\"><code><\/code><\/pre>\n\n\n\n<iframe style=\"border: 0; width: 100%; height: 120px;\" src=\"https:\/\/bandcamp.com\/EmbeddedPlayer\/track=2041847249\/size=large\/bgcol=ffffff\/linkcol=2ebd35\/tracklist=false\/artwork=small\/transparent=true\/\" seamless><a href=\"https:\/\/lerevertdufutur.bandcamp.com\/track\/sobri-tons\">Sobri\u00e9tons ! by Le Revert du Futur<\/a><\/iframe>\n\n\n\n<iframe style=\"border: 0; width: 100%; height: 120px;\" src=\"https:\/\/bandcamp.com\/EmbeddedPlayer\/track=3201317242\/size=large\/bgcol=ffffff\/linkcol=2ebd35\/tracklist=false\/artwork=small\/transparent=true\/\" seamless><a href=\"https:\/\/lerevertdufutur.bandcamp.com\/track\/photovolta-que-pas-de-panique\">Photovolta\u00efque : pas de panique ! by Le Revert du Futur<\/a><\/iframe>\n\n\n\n<pre class=\"wp-block-code\"><code><\/code><\/pre>\n","protected":false},"excerpt":{"rendered":"<p>Le Revert du Futur c\u2019est le podcast de Renouvelle. Le Revert du Futur comme pied de nez au revers de la m\u00e9daille, pour renverser ce fatalisme parfois pr\u00e9sent lorsqu\u2019on parle de l\u2019avenir de notre plan\u00e8te. Parce que, pour avancer, il vaut mieux voir le verre \u00e0 moiti\u00e9 plein, plut\u00f4t que le verre \u00e0 moiti\u00e9 vide. \u00c9olien : anatomie d&#39;un recyclage by Le Revert du Futur Sobri\u00e9tons ! by Le Revert du Futur Photovolta\u00efque : pas de panique ! by Le Revert du Futur<\/p>\n","protected":false},"author":38,"featured_media":0,"parent":0,"menu_order":0,"comment_status":"closed","ping_status":"closed","template":"","meta":{"_acf_changed":false,"footnotes":""},"class_list":["post-12679","page","type-page","status-publish","hentry"],"acf":[],"yoast_head":"<!-- This site is optimized with the Yoast SEO plugin v27.5 - https:\/\/yoast.com\/product\/yoast-seo-wordpress\/ -->\n<title>Podcast - Renouvelle<\/title>\n<meta name=\"description\" content=\"Renouvelle vous propose &quot;Le Revert du Futur&quot;, son podcast sur la transition \u00e9nerg\u00e9tique.\" \/>\n<meta name=\"robots\" content=\"index, follow, max-snippet:-1, max-image-preview:large, max-video-preview:-1\" \/>\n<link rel=\"canonical\" href=\"https:\/\/www.renouvelle.be\/fr\/le-revert-du-futur\/\" \/>\n<meta property=\"og:locale\" content=\"fr_FR\" \/>\n<meta property=\"og:type\" content=\"article\" \/>\n<meta property=\"og:title\" content=\"Podcast - Renouvelle\" \/>\n<meta property=\"og:description\" content=\"Renouvelle vous propose &quot;Le Revert du Futur&quot;, son podcast sur la transition \u00e9nerg\u00e9tique.\" \/>\n<meta property=\"og:url\" content=\"https:\/\/www.renouvelle.be\/fr\/le-revert-du-futur\/\" \/>\n<meta property=\"og:site_name\" content=\"Renouvelle\" \/>\n<meta property=\"article:modified_time\" content=\"2024-12-17T16:25:58+00:00\" \/>\n<meta name=\"twitter:card\" content=\"summary_large_image\" \/>\n<script type=\"application\/ld+json\" class=\"yoast-schema-graph\">{\"@context\":\"https:\\\/\\\/schema.org\",\"@graph\":[{\"@type\":\"WebPage\",\"@id\":\"https:\\\/\\\/www.renouvelle.be\\\/fr\\\/le-revert-du-futur\\\/\",\"url\":\"https:\\\/\\\/www.renouvelle.be\\\/fr\\\/le-revert-du-futur\\\/\",\"name\":\"Podcast - Renouvelle\",\"isPartOf\":{\"@id\":\"https:\\\/\\\/www.renouvelle.be\\\/fr\\\/#website\"},\"datePublished\":\"2024-03-20T12:46:07+00:00\",\"dateModified\":\"2024-12-17T16:25:58+00:00\",\"description\":\"Renouvelle vous propose \\\"Le Revert du Futur\\\", son podcast sur la transition \u00e9nerg\u00e9tique.\",\"breadcrumb\":{\"@id\":\"https:\\\/\\\/www.renouvelle.be\\\/fr\\\/le-revert-du-futur\\\/#breadcrumb\"},\"inLanguage\":\"fr-FR\",\"potentialAction\":[{\"@type\":\"ReadAction\",\"target\":[\"https:\\\/\\\/www.renouvelle.be\\\/fr\\\/le-revert-du-futur\\\/\"]}]},{\"@type\":\"BreadcrumbList\",\"@id\":\"https:\\\/\\\/www.renouvelle.be\\\/fr\\\/le-revert-du-futur\\\/#breadcrumb\",\"itemListElement\":[{\"@type\":\"ListItem\",\"position\":1,\"name\":\"Accueil\",\"item\":\"https:\\\/\\\/www.renouvelle.be\\\/fr\\\/\"},{\"@type\":\"ListItem\",\"position\":2,\"name\":\"Podcast\"}]},{\"@type\":\"WebSite\",\"@id\":\"https:\\\/\\\/www.renouvelle.be\\\/fr\\\/#website\",\"url\":\"https:\\\/\\\/www.renouvelle.be\\\/fr\\\/\",\"name\":\"Renouvelle\",\"description\":\"L&#039;actualit\u00e9 de l&#039;\u00e9nergie durable\",\"potentialAction\":[{\"@type\":\"SearchAction\",\"target\":{\"@type\":\"EntryPoint\",\"urlTemplate\":\"https:\\\/\\\/www.renouvelle.be\\\/fr\\\/?s={search_term_string}\"},\"query-input\":{\"@type\":\"PropertyValueSpecification\",\"valueRequired\":true,\"valueName\":\"search_term_string\"}}],\"inLanguage\":\"fr-FR\"}]}<\/script>\n<!-- \/ Yoast SEO plugin. -->","yoast_head_json":{"title":"Podcast - Renouvelle","description":"Renouvelle vous propose \"Le Revert du Futur\", son podcast sur la transition \u00e9nerg\u00e9tique.","robots":{"index":"index","follow":"follow","max-snippet":"max-snippet:-1","max-image-preview":"max-image-preview:large","max-video-preview":"max-video-preview:-1"},"canonical":"https:\/\/www.renouvelle.be\/fr\/le-revert-du-futur\/","og_locale":"fr_FR","og_type":"article","og_title":"Podcast - Renouvelle","og_description":"Renouvelle vous propose \"Le Revert du Futur\", son podcast sur la transition \u00e9nerg\u00e9tique.","og_url":"https:\/\/www.renouvelle.be\/fr\/le-revert-du-futur\/","og_site_name":"Renouvelle","article_modified_time":"2024-12-17T16:25:58+00:00","twitter_card":"summary_large_image","schema":{"@context":"https:\/\/schema.org","@graph":[{"@type":"WebPage","@id":"https:\/\/www.renouvelle.be\/fr\/le-revert-du-futur\/","url":"https:\/\/www.renouvelle.be\/fr\/le-revert-du-futur\/","name":"Podcast - Renouvelle","isPartOf":{"@id":"https:\/\/www.renouvelle.be\/fr\/#website"},"datePublished":"2024-03-20T12:46:07+00:00","dateModified":"2024-12-17T16:25:58+00:00","description":"Renouvelle vous propose \"Le Revert du Futur\", son podcast sur la transition \u00e9nerg\u00e9tique.","breadcrumb":{"@id":"https:\/\/www.renouvelle.be\/fr\/le-revert-du-futur\/#breadcrumb"},"inLanguage":"fr-FR","potentialAction":[{"@type":"ReadAction","target":["https:\/\/www.renouvelle.be\/fr\/le-revert-du-futur\/"]}]},{"@type":"BreadcrumbList","@id":"https:\/\/www.renouvelle.be\/fr\/le-revert-du-futur\/#breadcrumb","itemListElement":[{"@type":"ListItem","position":1,"name":"Accueil","item":"https:\/\/www.renouvelle.be\/fr\/"},{"@type":"ListItem","position":2,"name":"Podcast"}]},{"@type":"WebSite","@id":"https:\/\/www.renouvelle.be\/fr\/#website","url":"https:\/\/www.renouvelle.be\/fr\/","name":"Renouvelle","description":"L&#039;actualit\u00e9 de l&#039;\u00e9nergie durable","potentialAction":[{"@type":"SearchAction","target":{"@type":"EntryPoint","urlTemplate":"https:\/\/www.renouvelle.be\/fr\/?s={search_term_string}"},"query-input":{"@type":"PropertyValueSpecification","valueRequired":true,"valueName":"search_term_string"}}],"inLanguage":"fr-FR"}]}},"_links":{"self":[{"href":"https:\/\/www.renouvelle.be\/fr\/wp-json\/wp\/v2\/pages\/12679","targetHints":{"allow":["GET"]}}],"collection":[{"href":"https:\/\/www.renouvelle.be\/fr\/wp-json\/wp\/v2\/pages"}],"about":[{"href":"https:\/\/www.renouvelle.be\/fr\/wp-json\/wp\/v2\/types\/page"}],"author":[{"embeddable":true,"href":"https:\/\/www.renouvelle.be\/fr\/wp-json\/wp\/v2\/users\/38"}],"replies":[{"embeddable":true,"href":"https:\/\/www.renouvelle.be\/fr\/wp-json\/wp\/v2\/comments?post=12679"}],"version-history":[{"count":5,"href":"https:\/\/www.renouvelle.be\/fr\/wp-json\/wp\/v2\/pages\/12679\/revisions"}],"predecessor-version":[{"id":14473,"href":"https:\/\/www.renouvelle.be\/fr\/wp-json\/wp\/v2\/pages\/12679\/revisions\/14473"}],"wp:attachment":[{"href":"https:\/\/www.renouvelle.be\/fr\/wp-json\/wp\/v2\/media?parent=12679"}],"curies":[{"name":"wp","href":"https:\/\/api.w.org\/{rel}","templated":true}]}}