{"id":10,"date":"2021-02-07T11:09:41","date_gmt":"2021-02-07T10:09:41","guid":{"rendered":"http:\/\/renouvelle.promisys-lab.be\/?page_id=10"},"modified":"2021-02-18T10:33:21","modified_gmt":"2021-02-18T09:33:21","slug":"accueil","status":"publish","type":"page","link":"https:\/\/www.renouvelle.be\/fr\/","title":{"rendered":"Accueil"},"content":{"rendered":"","protected":false},"excerpt":{"rendered":"","protected":false},"author":2,"featured_media":0,"parent":0,"menu_order":0,"comment_status":"closed","ping_status":"closed","template":"template-parts\/homepage.php","meta":{"_acf_changed":false,"footnotes":""},"class_list":["post-10","page","type-page","status-publish","hentry"],"acf":[],"yoast_head":"<!-- This site is optimized with the Yoast SEO plugin v27.4 - https:\/\/yoast.com\/product\/yoast-seo-wordpress\/ -->\n<title>Renouvelle - Toute l&#039;actualit\u00e9 sur l&#039;\u00e9nergie durable<\/title>\n<meta name=\"description\" content=\"Toute l&#039;actualit\u00e9 sur l&#039;\u00e9nergie durable. Articles sur l&#039;actualit\u00e9 en Belgique et Internationale, outils, technologies, d\u00e9bats, statistiques\" \/>\n<meta name=\"robots\" content=\"index, follow, max-snippet:-1, max-image-preview:large, max-video-preview:-1\" \/>\n<link rel=\"canonical\" href=\"https:\/\/www.renouvelle.be\/fr\/\" \/>\n<meta property=\"og:locale\" content=\"fr_FR\" \/>\n<meta property=\"og:type\" content=\"article\" \/>\n<meta property=\"og:title\" content=\"Renouvelle - Toute l&#039;actualit\u00e9 sur l&#039;\u00e9nergie durable\" \/>\n<meta property=\"og:description\" content=\"Toute l&#039;actualit\u00e9 sur l&#039;\u00e9nergie durable. Articles sur l&#039;actualit\u00e9 en Belgique et Internationale, outils, technologies, d\u00e9bats, statistiques\" \/>\n<meta property=\"og:url\" content=\"https:\/\/www.renouvelle.be\/fr\/\" \/>\n<meta property=\"og:site_name\" content=\"Renouvelle\" \/>\n<meta property=\"article:modified_time\" content=\"2021-02-18T09:33:21+00:00\" \/>\n<meta name=\"twitter:card\" content=\"summary_large_image\" \/>\n<script type=\"application\/ld+json\" class=\"yoast-schema-graph\">{\"@context\":\"https:\\\/\\\/schema.org\",\"@graph\":[{\"@type\":\"WebPage\",\"@id\":\"https:\\\/\\\/www.renouvelle.be\\\/fr\\\/\",\"url\":\"https:\\\/\\\/www.renouvelle.be\\\/fr\\\/\",\"name\":\"Renouvelle - Toute l'actualit\u00e9 sur l'\u00e9nergie durable\",\"isPartOf\":{\"@id\":\"https:\\\/\\\/www.renouvelle.be\\\/fr\\\/#website\"},\"datePublished\":\"2021-02-07T10:09:41+00:00\",\"dateModified\":\"2021-02-18T09:33:21+00:00\",\"description\":\"Toute l'actualit\u00e9 sur l'\u00e9nergie durable. Articles sur l'actualit\u00e9 en Belgique et Internationale, outils, technologies, d\u00e9bats, statistiques\",\"breadcrumb\":{\"@id\":\"https:\\\/\\\/www.renouvelle.be\\\/fr\\\/#breadcrumb\"},\"inLanguage\":\"fr-FR\",\"potentialAction\":[{\"@type\":\"ReadAction\",\"target\":[\"https:\\\/\\\/www.renouvelle.be\\\/fr\\\/\"]}]},{\"@type\":\"BreadcrumbList\",\"@id\":\"https:\\\/\\\/www.renouvelle.be\\\/fr\\\/#breadcrumb\",\"itemListElement\":[{\"@type\":\"ListItem\",\"position\":1,\"name\":\"Accueil\",\"item\":\"https:\\\/\\\/www.renouvelle.be\\\/fr\\\/\"},{\"@type\":\"ListItem\",\"position\":2,\"name\":\"Accueil\"}]},{\"@type\":\"WebSite\",\"@id\":\"https:\\\/\\\/www.renouvelle.be\\\/fr\\\/#website\",\"url\":\"https:\\\/\\\/www.renouvelle.be\\\/fr\\\/\",\"name\":\"Renouvelle\",\"description\":\"L&#039;actualit\u00e9 de l&#039;\u00e9nergie durable\",\"potentialAction\":[{\"@type\":\"SearchAction\",\"target\":{\"@type\":\"EntryPoint\",\"urlTemplate\":\"https:\\\/\\\/www.renouvelle.be\\\/fr\\\/?s={search_term_string}\"},\"query-input\":{\"@type\":\"PropertyValueSpecification\",\"valueRequired\":true,\"valueName\":\"search_term_string\"}}],\"inLanguage\":\"fr-FR\"}]}<\/script>\n<!-- \/ Yoast SEO plugin. -->","yoast_head_json":{"title":"Renouvelle - Toute l'actualit\u00e9 sur l'\u00e9nergie durable","description":"Toute l'actualit\u00e9 sur l'\u00e9nergie durable. Articles sur l'actualit\u00e9 en Belgique et Internationale, outils, technologies, d\u00e9bats, statistiques","robots":{"index":"index","follow":"follow","max-snippet":"max-snippet:-1","max-image-preview":"max-image-preview:large","max-video-preview":"max-video-preview:-1"},"canonical":"https:\/\/www.renouvelle.be\/fr\/","og_locale":"fr_FR","og_type":"article","og_title":"Renouvelle - Toute l'actualit\u00e9 sur l'\u00e9nergie durable","og_description":"Toute l'actualit\u00e9 sur l'\u00e9nergie durable. Articles sur l'actualit\u00e9 en Belgique et Internationale, outils, technologies, d\u00e9bats, statistiques","og_url":"https:\/\/www.renouvelle.be\/fr\/","og_site_name":"Renouvelle","article_modified_time":"2021-02-18T09:33:21+00:00","twitter_card":"summary_large_image","schema":{"@context":"https:\/\/schema.org","@graph":[{"@type":"WebPage","@id":"https:\/\/www.renouvelle.be\/fr\/","url":"https:\/\/www.renouvelle.be\/fr\/","name":"Renouvelle - Toute l'actualit\u00e9 sur l'\u00e9nergie durable","isPartOf":{"@id":"https:\/\/www.renouvelle.be\/fr\/#website"},"datePublished":"2021-02-07T10:09:41+00:00","dateModified":"2021-02-18T09:33:21+00:00","description":"Toute l'actualit\u00e9 sur l'\u00e9nergie durable. Articles sur l'actualit\u00e9 en Belgique et Internationale, outils, technologies, d\u00e9bats, statistiques","breadcrumb":{"@id":"https:\/\/www.renouvelle.be\/fr\/#breadcrumb"},"inLanguage":"fr-FR","potentialAction":[{"@type":"ReadAction","target":["https:\/\/www.renouvelle.be\/fr\/"]}]},{"@type":"BreadcrumbList","@id":"https:\/\/www.renouvelle.be\/fr\/#breadcrumb","itemListElement":[{"@type":"ListItem","position":1,"name":"Accueil","item":"https:\/\/www.renouvelle.be\/fr\/"},{"@type":"ListItem","position":2,"name":"Accueil"}]},{"@type":"WebSite","@id":"https:\/\/www.renouvelle.be\/fr\/#website","url":"https:\/\/www.renouvelle.be\/fr\/","name":"Renouvelle","description":"L&#039;actualit\u00e9 de l&#039;\u00e9nergie durable","potentialAction":[{"@type":"SearchAction","target":{"@type":"EntryPoint","urlTemplate":"https:\/\/www.renouvelle.be\/fr\/?s={search_term_string}"},"query-input":{"@type":"PropertyValueSpecification","valueRequired":true,"valueName":"search_term_string"}}],"inLanguage":"fr-FR"}]}},"_links":{"self":[{"href":"https:\/\/www.renouvelle.be\/fr\/wp-json\/wp\/v2\/pages\/10","targetHints":{"allow":["GET"]}}],"collection":[{"href":"https:\/\/www.renouvelle.be\/fr\/wp-json\/wp\/v2\/pages"}],"about":[{"href":"https:\/\/www.renouvelle.be\/fr\/wp-json\/wp\/v2\/types\/page"}],"author":[{"embeddable":true,"href":"https:\/\/www.renouvelle.be\/fr\/wp-json\/wp\/v2\/users\/2"}],"replies":[{"embeddable":true,"href":"https:\/\/www.renouvelle.be\/fr\/wp-json\/wp\/v2\/comments?post=10"}],"version-history":[{"count":3,"href":"https:\/\/www.renouvelle.be\/fr\/wp-json\/wp\/v2\/pages\/10\/revisions"}],"predecessor-version":[{"id":15176,"href":"https:\/\/www.renouvelle.be\/fr\/wp-json\/wp\/v2\/pages\/10\/revisions\/15176"}],"wp:attachment":[{"href":"https:\/\/www.renouvelle.be\/fr\/wp-json\/wp\/v2\/media?parent=10"}],"curies":[{"name":"wp","href":"https:\/\/api.w.org\/{rel}","templated":true}]}}